{"id":7123,"date":"2025-01-22T16:50:10","date_gmt":"2025-01-22T15:50:10","guid":{"rendered":"https:\/\/sweetchef.fr\/?post_type=product&#038;p=7123"},"modified":"2026-04-22T18:08:32","modified_gmt":"2026-04-22T16:08:32","slug":"format-870-ml-deluxe-potatoes","status":"publish","type":"product","link":"https:\/\/sweetchef.fr\/en\/product\/format-870-ml-deluxe-potatoes\/","title":{"rendered":"FORMAT 870 ML &#8211; Deluxe Potatoes"},"content":{"rendered":"<p>Con\u00e7ue sp\u00e9cifiquement pour accompagner les fameuses pommes de terre Deluxe, cette sauce format familial 900 ML est onctueuse avec une pointe l\u00e9g\u00e8rement \u00e9pic\u00e9e.<\/p>\n<p><strong>\ud83d\uded2 Cliquez pour commander en format familial !<\/strong><\/p>","protected":false},"excerpt":{"rendered":"<p>Con\u00e7ue sp\u00e9cifiquement pour accompagner les fameuses pommes de terre Deluxe, cette sauce format familial 900 ML est onctueuse avec une pointe l\u00e9g\u00e8rement \u00e9pic\u00e9e. \ud83d\uded2 Cliquez pour commander en format familial !<\/p>","protected":false},"featured_media":7239,"comment_status":"open","ping_status":"closed","template":"","meta":{"_acf_changed":false},"product_cat":[26],"product_tag":[],"class_list":{"0":"post-7123","1":"product","2":"type-product","3":"status-publish","4":"has-post-thumbnail","6":"product_cat-les-sauces-froides","8":"first","9":"instock","10":"taxable","11":"shipping-taxable","12":"purchasable","13":"product-type-simple","14":"add-to-wishlist-before_image"},"acf":[],"yoast_head":"<!-- This site is optimized with the Yoast SEO plugin v23.4 - https:\/\/yoast.com\/wordpress\/plugins\/seo\/ -->\n<title>FORMAT 870 ML - Deluxe Potatoes - Sweetchef<\/title>\n<meta name=\"robots\" content=\"index, follow, max-snippet:-1, max-image-preview:large, max-video-preview:-1\" \/>\n<link rel=\"canonical\" href=\"https:\/\/sweetchef.fr\/en\/product\/format-870-ml-deluxe-potatoes\/\" \/>\n<meta property=\"og:locale\" content=\"en_US\" \/>\n<meta property=\"og:type\" content=\"article\" \/>\n<meta property=\"og:title\" content=\"FORMAT 870 ML - Deluxe Potatoes - Sweetchef\" \/>\n<meta property=\"og:description\" content=\"Con\u00e7ue sp\u00e9cifiquement pour accompagner les fameuses pommes de terre Deluxe, cette sauce format familial 900 ML est onctueuse avec une pointe l\u00e9g\u00e8rement \u00e9pic\u00e9e. \ud83d\uded2 Cliquez pour commander en format familial !\" \/>\n<meta property=\"og:url\" content=\"https:\/\/sweetchef.fr\/en\/product\/format-870-ml-deluxe-potatoes\/\" \/>\n<meta property=\"og:site_name\" content=\"Sweetchef\" \/>\n<meta property=\"article:modified_time\" content=\"2026-04-22T16:08:32+00:00\" \/>\n<meta property=\"og:image\" content=\"https:\/\/sweetchef.fr\/wp-content\/uploads\/2025\/01\/10-1.png\" \/>\n\t<meta property=\"og:image:width\" content=\"1080\" \/>\n\t<meta property=\"og:image:height\" content=\"1080\" \/>\n\t<meta property=\"og:image:type\" content=\"image\/png\" \/>\n<meta name=\"twitter:card\" content=\"summary_large_image\" \/>\n<script type=\"application\/ld+json\" class=\"yoast-schema-graph\">{\"@context\":\"https:\/\/schema.org\",\"@graph\":[{\"@type\":\"WebPage\",\"@id\":\"https:\/\/sweetchef.fr\/produit\/format-870-ml-deluxe-potatoes\/\",\"url\":\"https:\/\/sweetchef.fr\/produit\/format-870-ml-deluxe-potatoes\/\",\"name\":\"FORMAT 870 ML - Deluxe Potatoes - Sweetchef\",\"isPartOf\":{\"@id\":\"https:\/\/sweetchef.fr\/#website\"},\"primaryImageOfPage\":{\"@id\":\"https:\/\/sweetchef.fr\/produit\/format-870-ml-deluxe-potatoes\/#primaryimage\"},\"image\":{\"@id\":\"https:\/\/sweetchef.fr\/produit\/format-870-ml-deluxe-potatoes\/#primaryimage\"},\"thumbnailUrl\":\"https:\/\/sweetchef.fr\/wp-content\/uploads\/2025\/01\/10-1.png\",\"datePublished\":\"2025-01-22T15:50:10+00:00\",\"dateModified\":\"2026-04-22T16:08:32+00:00\",\"breadcrumb\":{\"@id\":\"https:\/\/sweetchef.fr\/produit\/format-870-ml-deluxe-potatoes\/#breadcrumb\"},\"inLanguage\":\"en-US\",\"potentialAction\":[{\"@type\":\"ReadAction\",\"target\":[\"https:\/\/sweetchef.fr\/produit\/format-870-ml-deluxe-potatoes\/\"]}]},{\"@type\":\"ImageObject\",\"inLanguage\":\"en-US\",\"@id\":\"https:\/\/sweetchef.fr\/produit\/format-870-ml-deluxe-potatoes\/#primaryimage\",\"url\":\"https:\/\/sweetchef.fr\/wp-content\/uploads\/2025\/01\/10-1.png\",\"contentUrl\":\"https:\/\/sweetchef.fr\/wp-content\/uploads\/2025\/01\/10-1.png\",\"width\":1080,\"height\":1080},{\"@type\":\"BreadcrumbList\",\"@id\":\"https:\/\/sweetchef.fr\/produit\/format-870-ml-deluxe-potatoes\/#breadcrumb\",\"itemListElement\":[{\"@type\":\"ListItem\",\"position\":1,\"name\":\"Accueil\",\"item\":\"https:\/\/sweetchef.fr\/\"},{\"@type\":\"ListItem\",\"position\":2,\"name\":\"shop\",\"item\":\"https:\/\/sweetchef.fr\/shop\/\"},{\"@type\":\"ListItem\",\"position\":3,\"name\":\"FORMAT 870 ML &#8211; Deluxe Potatoes\"}]},{\"@type\":\"WebSite\",\"@id\":\"https:\/\/sweetchef.fr\/#website\",\"url\":\"https:\/\/sweetchef.fr\/\",\"name\":\"Sweetchef\",\"description\":\"Le secret des chefs\",\"publisher\":{\"@id\":\"https:\/\/sweetchef.fr\/#organization\"},\"potentialAction\":[{\"@type\":\"SearchAction\",\"target\":{\"@type\":\"EntryPoint\",\"urlTemplate\":\"https:\/\/sweetchef.fr\/?s={search_term_string}\"},\"query-input\":{\"@type\":\"PropertyValueSpecification\",\"valueRequired\":true,\"valueName\":\"search_term_string\"}}],\"inLanguage\":\"en-US\"},{\"@type\":\"Organization\",\"@id\":\"https:\/\/sweetchef.fr\/#organization\",\"name\":\"SweetChef\",\"url\":\"https:\/\/sweetchef.fr\/\",\"logo\":{\"@type\":\"ImageObject\",\"inLanguage\":\"en-US\",\"@id\":\"https:\/\/sweetchef.fr\/#\/schema\/logo\/image\/\",\"url\":\"https:\/\/sweetchef.fr\/wp-content\/uploads\/2024\/04\/Logo-sweetchef-1.png\",\"contentUrl\":\"https:\/\/sweetchef.fr\/wp-content\/uploads\/2024\/04\/Logo-sweetchef-1.png\",\"width\":127,\"height\":128,\"caption\":\"SweetChef\"},\"image\":{\"@id\":\"https:\/\/sweetchef.fr\/#\/schema\/logo\/image\/\"},\"sameAs\":[\"https:\/\/www.instagram.com\/sweetchef.fr\"]}]}<\/script>\n<!-- \/ Yoast SEO plugin. -->","yoast_head_json":{"title":"FORMAT 870 ML - Deluxe Potatoes - Sweetchef","robots":{"index":"index","follow":"follow","max-snippet":"max-snippet:-1","max-image-preview":"max-image-preview:large","max-video-preview":"max-video-preview:-1"},"canonical":"https:\/\/sweetchef.fr\/en\/product\/format-870-ml-deluxe-potatoes\/","og_locale":"en_US","og_type":"article","og_title":"FORMAT 870 ML - Deluxe Potatoes - Sweetchef","og_description":"Con\u00e7ue sp\u00e9cifiquement pour accompagner les fameuses pommes de terre Deluxe, cette sauce format familial 900 ML est onctueuse avec une pointe l\u00e9g\u00e8rement \u00e9pic\u00e9e. \ud83d\uded2 Cliquez pour commander en format familial !","og_url":"https:\/\/sweetchef.fr\/en\/product\/format-870-ml-deluxe-potatoes\/","og_site_name":"Sweetchef","article_modified_time":"2026-04-22T16:08:32+00:00","og_image":[{"width":1080,"height":1080,"url":"https:\/\/sweetchef.fr\/wp-content\/uploads\/2025\/01\/10-1.png","type":"image\/png"}],"twitter_card":"summary_large_image","schema":{"@context":"https:\/\/schema.org","@graph":[{"@type":"WebPage","@id":"https:\/\/sweetchef.fr\/produit\/format-870-ml-deluxe-potatoes\/","url":"https:\/\/sweetchef.fr\/produit\/format-870-ml-deluxe-potatoes\/","name":"FORMAT 870 ML - Deluxe Potatoes - Sweetchef","isPartOf":{"@id":"https:\/\/sweetchef.fr\/#website"},"primaryImageOfPage":{"@id":"https:\/\/sweetchef.fr\/produit\/format-870-ml-deluxe-potatoes\/#primaryimage"},"image":{"@id":"https:\/\/sweetchef.fr\/produit\/format-870-ml-deluxe-potatoes\/#primaryimage"},"thumbnailUrl":"https:\/\/sweetchef.fr\/wp-content\/uploads\/2025\/01\/10-1.png","datePublished":"2025-01-22T15:50:10+00:00","dateModified":"2026-04-22T16:08:32+00:00","breadcrumb":{"@id":"https:\/\/sweetchef.fr\/produit\/format-870-ml-deluxe-potatoes\/#breadcrumb"},"inLanguage":"en-US","potentialAction":[{"@type":"ReadAction","target":["https:\/\/sweetchef.fr\/produit\/format-870-ml-deluxe-potatoes\/"]}]},{"@type":"ImageObject","inLanguage":"en-US","@id":"https:\/\/sweetchef.fr\/produit\/format-870-ml-deluxe-potatoes\/#primaryimage","url":"https:\/\/sweetchef.fr\/wp-content\/uploads\/2025\/01\/10-1.png","contentUrl":"https:\/\/sweetchef.fr\/wp-content\/uploads\/2025\/01\/10-1.png","width":1080,"height":1080},{"@type":"BreadcrumbList","@id":"https:\/\/sweetchef.fr\/produit\/format-870-ml-deluxe-potatoes\/#breadcrumb","itemListElement":[{"@type":"ListItem","position":1,"name":"Accueil","item":"https:\/\/sweetchef.fr\/"},{"@type":"ListItem","position":2,"name":"shop","item":"https:\/\/sweetchef.fr\/shop\/"},{"@type":"ListItem","position":3,"name":"FORMAT 870 ML &#8211; Deluxe Potatoes"}]},{"@type":"WebSite","@id":"https:\/\/sweetchef.fr\/#website","url":"https:\/\/sweetchef.fr\/","name":"Sweetchef","description":"Le secret des chefs","publisher":{"@id":"https:\/\/sweetchef.fr\/#organization"},"potentialAction":[{"@type":"SearchAction","target":{"@type":"EntryPoint","urlTemplate":"https:\/\/sweetchef.fr\/?s={search_term_string}"},"query-input":{"@type":"PropertyValueSpecification","valueRequired":true,"valueName":"search_term_string"}}],"inLanguage":"en-US"},{"@type":"Organization","@id":"https:\/\/sweetchef.fr\/#organization","name":"SweetChef","url":"https:\/\/sweetchef.fr\/","logo":{"@type":"ImageObject","inLanguage":"en-US","@id":"https:\/\/sweetchef.fr\/#\/schema\/logo\/image\/","url":"https:\/\/sweetchef.fr\/wp-content\/uploads\/2024\/04\/Logo-sweetchef-1.png","contentUrl":"https:\/\/sweetchef.fr\/wp-content\/uploads\/2024\/04\/Logo-sweetchef-1.png","width":127,"height":128,"caption":"SweetChef"},"image":{"@id":"https:\/\/sweetchef.fr\/#\/schema\/logo\/image\/"},"sameAs":["https:\/\/www.instagram.com\/sweetchef.fr"]}]}},"_links":{"self":[{"href":"https:\/\/sweetchef.fr\/en\/wp-json\/wp\/v2\/product\/7123","targetHints":{"allow":["GET"]}}],"collection":[{"href":"https:\/\/sweetchef.fr\/en\/wp-json\/wp\/v2\/product"}],"about":[{"href":"https:\/\/sweetchef.fr\/en\/wp-json\/wp\/v2\/types\/product"}],"replies":[{"embeddable":true,"href":"https:\/\/sweetchef.fr\/en\/wp-json\/wp\/v2\/comments?post=7123"}],"wp:featuredmedia":[{"embeddable":true,"href":"https:\/\/sweetchef.fr\/en\/wp-json\/wp\/v2\/media\/7239"}],"wp:attachment":[{"href":"https:\/\/sweetchef.fr\/en\/wp-json\/wp\/v2\/media?parent=7123"}],"wp:term":[{"taxonomy":"product_cat","embeddable":true,"href":"https:\/\/sweetchef.fr\/en\/wp-json\/wp\/v2\/product_cat?post=7123"},{"taxonomy":"product_tag","embeddable":true,"href":"https:\/\/sweetchef.fr\/en\/wp-json\/wp\/v2\/product_tag?post=7123"}],"curies":[{"name":"wp","href":"https:\/\/api.w.org\/{rel}","templated":true}]}}