{"id":593,"date":"2024-06-08T16:06:19","date_gmt":"2024-06-08T14:06:19","guid":{"rendered":"https:\/\/sweetchef.fr\/?post_type=product&#038;p=593"},"modified":"2025-11-21T13:49:27","modified_gmt":"2025-11-21T12:49:27","slug":"chapelure-original-fried-chicken","status":"publish","type":"product","link":"https:\/\/sweetchef.fr\/en\/product\/chapelure-original-fried-chicken\/","title":{"rendered":"Chapelure Original"},"content":{"rendered":"<p>Retrouvez le go\u00fbt authentique du fried chicken avec la chapelure Original SweetChef, une panure dor\u00e9e et ultra croustillante. Id\u00e9ale pour un poulet fondant \u00e0 l\u2019int\u00e9rieur et parfaitement croustillant \u00e0 l\u2019ext\u00e9rieur.<br \/>\nFacile \u00e0 utiliser, elle s\u2019adapte \u00e0 toutes vos recettes : tenders, wings ou filets.<br \/>\nLe go\u00fbt classique, revisit\u00e9 par SweetChef.<\/p>","protected":false},"excerpt":{"rendered":"<p>Retrouvez le go\u00fbt authentique du fried chicken avec la chapelure Original SweetChef, une panure dor\u00e9e et ultra croustillante. Id\u00e9ale pour un poulet fondant \u00e0 l\u2019int\u00e9rieur et parfaitement croustillant \u00e0 l\u2019ext\u00e9rieur. Facile \u00e0 utiliser, elle s\u2019adapte \u00e0 toutes vos recettes : tenders, wings ou filets. Le go\u00fbt classique, revisit\u00e9 par SweetChef.<\/p>","protected":false},"featured_media":10817,"comment_status":"open","ping_status":"closed","template":"","meta":{"_acf_changed":false},"product_cat":[24],"product_tag":[],"class_list":{"0":"post-593","1":"product","2":"type-product","3":"status-publish","4":"has-post-thumbnail","6":"product_cat-les-chapelures","8":"first","9":"instock","10":"taxable","11":"shipping-taxable","12":"purchasable","13":"product-type-simple","14":"add-to-wishlist-before_image"},"acf":[],"yoast_head":"<!-- This site is optimized with the Yoast SEO plugin v23.4 - https:\/\/yoast.com\/wordpress\/plugins\/seo\/ -->\n<title>Chapelure Original - Sweetchef<\/title>\n<meta name=\"robots\" content=\"index, follow, max-snippet:-1, max-image-preview:large, max-video-preview:-1\" \/>\n<link rel=\"canonical\" href=\"https:\/\/sweetchef.fr\/en\/product\/chapelure-original-fried-chicken\/\" \/>\n<meta property=\"og:locale\" content=\"en_US\" \/>\n<meta property=\"og:type\" content=\"article\" \/>\n<meta property=\"og:title\" content=\"Chapelure Original - Sweetchef\" \/>\n<meta property=\"og:description\" content=\"Retrouvez le go\u00fbt authentique du fried chicken avec la chapelure Original SweetChef, une panure dor\u00e9e et ultra croustillante. Id\u00e9ale pour un poulet fondant \u00e0 l\u2019int\u00e9rieur et parfaitement croustillant \u00e0 l\u2019ext\u00e9rieur. Facile \u00e0 utiliser, elle s\u2019adapte \u00e0 toutes vos recettes : tenders, wings ou filets. Le go\u00fbt classique, revisit\u00e9 par SweetChef.\" \/>\n<meta property=\"og:url\" content=\"https:\/\/sweetchef.fr\/en\/product\/chapelure-original-fried-chicken\/\" \/>\n<meta property=\"og:site_name\" content=\"Sweetchef\" \/>\n<meta property=\"article:modified_time\" content=\"2025-11-21T12:49:27+00:00\" \/>\n<meta property=\"og:image\" content=\"https:\/\/sweetchef.fr\/wp-content\/uploads\/2025\/11\/9-1.png\" \/>\n\t<meta property=\"og:image:width\" content=\"1080\" \/>\n\t<meta property=\"og:image:height\" content=\"1350\" \/>\n\t<meta property=\"og:image:type\" content=\"image\/png\" \/>\n<meta name=\"twitter:card\" content=\"summary_large_image\" \/>\n<script type=\"application\/ld+json\" class=\"yoast-schema-graph\">{\"@context\":\"https:\/\/schema.org\",\"@graph\":[{\"@type\":\"WebPage\",\"@id\":\"https:\/\/sweetchef.fr\/produit\/chapelure-original-fried-chicken\/\",\"url\":\"https:\/\/sweetchef.fr\/produit\/chapelure-original-fried-chicken\/\",\"name\":\"Chapelure Original - Sweetchef\",\"isPartOf\":{\"@id\":\"https:\/\/sweetchef.fr\/#website\"},\"primaryImageOfPage\":{\"@id\":\"https:\/\/sweetchef.fr\/produit\/chapelure-original-fried-chicken\/#primaryimage\"},\"image\":{\"@id\":\"https:\/\/sweetchef.fr\/produit\/chapelure-original-fried-chicken\/#primaryimage\"},\"thumbnailUrl\":\"https:\/\/sweetchef.fr\/wp-content\/uploads\/2025\/11\/9-1.png\",\"datePublished\":\"2024-06-08T14:06:19+00:00\",\"dateModified\":\"2025-11-21T12:49:27+00:00\",\"breadcrumb\":{\"@id\":\"https:\/\/sweetchef.fr\/produit\/chapelure-original-fried-chicken\/#breadcrumb\"},\"inLanguage\":\"en-US\",\"potentialAction\":[{\"@type\":\"ReadAction\",\"target\":[\"https:\/\/sweetchef.fr\/produit\/chapelure-original-fried-chicken\/\"]}]},{\"@type\":\"ImageObject\",\"inLanguage\":\"en-US\",\"@id\":\"https:\/\/sweetchef.fr\/produit\/chapelure-original-fried-chicken\/#primaryimage\",\"url\":\"https:\/\/sweetchef.fr\/wp-content\/uploads\/2025\/11\/9-1.png\",\"contentUrl\":\"https:\/\/sweetchef.fr\/wp-content\/uploads\/2025\/11\/9-1.png\",\"width\":1080,\"height\":1350},{\"@type\":\"BreadcrumbList\",\"@id\":\"https:\/\/sweetchef.fr\/produit\/chapelure-original-fried-chicken\/#breadcrumb\",\"itemListElement\":[{\"@type\":\"ListItem\",\"position\":1,\"name\":\"Accueil\",\"item\":\"https:\/\/sweetchef.fr\/\"},{\"@type\":\"ListItem\",\"position\":2,\"name\":\"shop\",\"item\":\"https:\/\/sweetchef.fr\/shop\/\"},{\"@type\":\"ListItem\",\"position\":3,\"name\":\"Chapelure Original\"}]},{\"@type\":\"WebSite\",\"@id\":\"https:\/\/sweetchef.fr\/#website\",\"url\":\"https:\/\/sweetchef.fr\/\",\"name\":\"Sweetchef\",\"description\":\"Le secret des chefs\",\"publisher\":{\"@id\":\"https:\/\/sweetchef.fr\/#organization\"},\"potentialAction\":[{\"@type\":\"SearchAction\",\"target\":{\"@type\":\"EntryPoint\",\"urlTemplate\":\"https:\/\/sweetchef.fr\/?s={search_term_string}\"},\"query-input\":{\"@type\":\"PropertyValueSpecification\",\"valueRequired\":true,\"valueName\":\"search_term_string\"}}],\"inLanguage\":\"en-US\"},{\"@type\":\"Organization\",\"@id\":\"https:\/\/sweetchef.fr\/#organization\",\"name\":\"SweetChef\",\"url\":\"https:\/\/sweetchef.fr\/\",\"logo\":{\"@type\":\"ImageObject\",\"inLanguage\":\"en-US\",\"@id\":\"https:\/\/sweetchef.fr\/#\/schema\/logo\/image\/\",\"url\":\"https:\/\/sweetchef.fr\/wp-content\/uploads\/2024\/04\/Logo-sweetchef-1.png\",\"contentUrl\":\"https:\/\/sweetchef.fr\/wp-content\/uploads\/2024\/04\/Logo-sweetchef-1.png\",\"width\":127,\"height\":128,\"caption\":\"SweetChef\"},\"image\":{\"@id\":\"https:\/\/sweetchef.fr\/#\/schema\/logo\/image\/\"},\"sameAs\":[\"https:\/\/www.instagram.com\/sweetchef.fr\"]}]}<\/script>\n<!-- \/ Yoast SEO plugin. -->","yoast_head_json":{"title":"Chapelure Original - Sweetchef","robots":{"index":"index","follow":"follow","max-snippet":"max-snippet:-1","max-image-preview":"max-image-preview:large","max-video-preview":"max-video-preview:-1"},"canonical":"https:\/\/sweetchef.fr\/en\/product\/chapelure-original-fried-chicken\/","og_locale":"en_US","og_type":"article","og_title":"Chapelure Original - Sweetchef","og_description":"Retrouvez le go\u00fbt authentique du fried chicken avec la chapelure Original SweetChef, une panure dor\u00e9e et ultra croustillante. Id\u00e9ale pour un poulet fondant \u00e0 l\u2019int\u00e9rieur et parfaitement croustillant \u00e0 l\u2019ext\u00e9rieur. Facile \u00e0 utiliser, elle s\u2019adapte \u00e0 toutes vos recettes : tenders, wings ou filets. Le go\u00fbt classique, revisit\u00e9 par SweetChef.","og_url":"https:\/\/sweetchef.fr\/en\/product\/chapelure-original-fried-chicken\/","og_site_name":"Sweetchef","article_modified_time":"2025-11-21T12:49:27+00:00","og_image":[{"width":1080,"height":1350,"url":"https:\/\/sweetchef.fr\/wp-content\/uploads\/2025\/11\/9-1.png","type":"image\/png"}],"twitter_card":"summary_large_image","schema":{"@context":"https:\/\/schema.org","@graph":[{"@type":"WebPage","@id":"https:\/\/sweetchef.fr\/produit\/chapelure-original-fried-chicken\/","url":"https:\/\/sweetchef.fr\/produit\/chapelure-original-fried-chicken\/","name":"Chapelure Original - Sweetchef","isPartOf":{"@id":"https:\/\/sweetchef.fr\/#website"},"primaryImageOfPage":{"@id":"https:\/\/sweetchef.fr\/produit\/chapelure-original-fried-chicken\/#primaryimage"},"image":{"@id":"https:\/\/sweetchef.fr\/produit\/chapelure-original-fried-chicken\/#primaryimage"},"thumbnailUrl":"https:\/\/sweetchef.fr\/wp-content\/uploads\/2025\/11\/9-1.png","datePublished":"2024-06-08T14:06:19+00:00","dateModified":"2025-11-21T12:49:27+00:00","breadcrumb":{"@id":"https:\/\/sweetchef.fr\/produit\/chapelure-original-fried-chicken\/#breadcrumb"},"inLanguage":"en-US","potentialAction":[{"@type":"ReadAction","target":["https:\/\/sweetchef.fr\/produit\/chapelure-original-fried-chicken\/"]}]},{"@type":"ImageObject","inLanguage":"en-US","@id":"https:\/\/sweetchef.fr\/produit\/chapelure-original-fried-chicken\/#primaryimage","url":"https:\/\/sweetchef.fr\/wp-content\/uploads\/2025\/11\/9-1.png","contentUrl":"https:\/\/sweetchef.fr\/wp-content\/uploads\/2025\/11\/9-1.png","width":1080,"height":1350},{"@type":"BreadcrumbList","@id":"https:\/\/sweetchef.fr\/produit\/chapelure-original-fried-chicken\/#breadcrumb","itemListElement":[{"@type":"ListItem","position":1,"name":"Accueil","item":"https:\/\/sweetchef.fr\/"},{"@type":"ListItem","position":2,"name":"shop","item":"https:\/\/sweetchef.fr\/shop\/"},{"@type":"ListItem","position":3,"name":"Chapelure Original"}]},{"@type":"WebSite","@id":"https:\/\/sweetchef.fr\/#website","url":"https:\/\/sweetchef.fr\/","name":"Sweetchef","description":"Le secret des chefs","publisher":{"@id":"https:\/\/sweetchef.fr\/#organization"},"potentialAction":[{"@type":"SearchAction","target":{"@type":"EntryPoint","urlTemplate":"https:\/\/sweetchef.fr\/?s={search_term_string}"},"query-input":{"@type":"PropertyValueSpecification","valueRequired":true,"valueName":"search_term_string"}}],"inLanguage":"en-US"},{"@type":"Organization","@id":"https:\/\/sweetchef.fr\/#organization","name":"SweetChef","url":"https:\/\/sweetchef.fr\/","logo":{"@type":"ImageObject","inLanguage":"en-US","@id":"https:\/\/sweetchef.fr\/#\/schema\/logo\/image\/","url":"https:\/\/sweetchef.fr\/wp-content\/uploads\/2024\/04\/Logo-sweetchef-1.png","contentUrl":"https:\/\/sweetchef.fr\/wp-content\/uploads\/2024\/04\/Logo-sweetchef-1.png","width":127,"height":128,"caption":"SweetChef"},"image":{"@id":"https:\/\/sweetchef.fr\/#\/schema\/logo\/image\/"},"sameAs":["https:\/\/www.instagram.com\/sweetchef.fr"]}]}},"_links":{"self":[{"href":"https:\/\/sweetchef.fr\/en\/wp-json\/wp\/v2\/product\/593","targetHints":{"allow":["GET"]}}],"collection":[{"href":"https:\/\/sweetchef.fr\/en\/wp-json\/wp\/v2\/product"}],"about":[{"href":"https:\/\/sweetchef.fr\/en\/wp-json\/wp\/v2\/types\/product"}],"replies":[{"embeddable":true,"href":"https:\/\/sweetchef.fr\/en\/wp-json\/wp\/v2\/comments?post=593"}],"wp:featuredmedia":[{"embeddable":true,"href":"https:\/\/sweetchef.fr\/en\/wp-json\/wp\/v2\/media\/10817"}],"wp:attachment":[{"href":"https:\/\/sweetchef.fr\/en\/wp-json\/wp\/v2\/media?parent=593"}],"wp:term":[{"taxonomy":"product_cat","embeddable":true,"href":"https:\/\/sweetchef.fr\/en\/wp-json\/wp\/v2\/product_cat?post=593"},{"taxonomy":"product_tag","embeddable":true,"href":"https:\/\/sweetchef.fr\/en\/wp-json\/wp\/v2\/product_tag?post=593"}],"curies":[{"name":"wp","href":"https:\/\/api.w.org\/{rel}","templated":true}]}}