{"id":3754,"date":"2024-09-13T13:41:00","date_gmt":"2024-09-13T11:41:00","guid":{"rendered":"https:\/\/sweetchef.fr\/?post_type=product&#038;p=3754"},"modified":"2025-09-03T23:33:10","modified_gmt":"2025-09-03T21:33:10","slug":"vinaigrette-balsamique","status":"publish","type":"product","link":"https:\/\/sweetchef.fr\/en\/product\/vinaigrette-balsamique\/","title":{"rendered":"VINAIGRETTE BALSAMIQUE"},"content":{"rendered":"<p><span data-sheets-root=\"1\">La vinaigrette balsamique SweetChef est un classique, id\u00e9ale pour apporter une touche raffin\u00e9e et subtilement sucr\u00e9e \u00e0 toutes les salades.<\/span>\u00a0Elle convient aussi bien aux salades compos\u00e9es qu\u2019aux l\u00e9gumes grill\u00e9s, apportant une touche l\u00e9g\u00e8rement sucr\u00e9e et acidul\u00e9e \u00e0 vos pr\u00e9parations.<\/p>","protected":false},"excerpt":{"rendered":"<p>La vinaigrette balsamique SweetChef est un classique, id\u00e9ale pour apporter une touche raffin\u00e9e et subtilement sucr\u00e9e \u00e0 toutes les salades.\u00a0Elle convient aussi bien aux salades compos\u00e9es qu\u2019aux l\u00e9gumes grill\u00e9s, apportant une touche l\u00e9g\u00e8rement sucr\u00e9e et acidul\u00e9e \u00e0 vos pr\u00e9parations.<\/p>","protected":false},"featured_media":3748,"comment_status":"open","ping_status":"closed","template":"","meta":{"_acf_changed":false},"product_cat":[47],"product_tag":[],"class_list":{"0":"post-3754","1":"product","2":"type-product","3":"status-publish","4":"has-post-thumbnail","6":"product_cat-les-sauces-salade","8":"first","9":"instock","10":"taxable","11":"shipping-taxable","12":"purchasable","13":"product-type-simple","14":"add-to-wishlist-before_image"},"acf":[],"yoast_head":"<!-- This site is optimized with the Yoast SEO plugin v23.4 - https:\/\/yoast.com\/wordpress\/plugins\/seo\/ -->\n<title>VINAIGRETTE BALSAMIQUE - Sweetchef<\/title>\n<meta name=\"robots\" content=\"index, follow, max-snippet:-1, max-image-preview:large, max-video-preview:-1\" \/>\n<link rel=\"canonical\" href=\"https:\/\/sweetchef.fr\/en\/product\/vinaigrette-balsamique\/\" \/>\n<meta property=\"og:locale\" content=\"en_US\" \/>\n<meta property=\"og:type\" content=\"article\" \/>\n<meta property=\"og:title\" content=\"VINAIGRETTE BALSAMIQUE - Sweetchef\" \/>\n<meta property=\"og:description\" content=\"La vinaigrette balsamique SweetChef est un classique, id\u00e9ale pour apporter une touche raffin\u00e9e et subtilement sucr\u00e9e \u00e0 toutes les salades.\u00a0Elle convient aussi bien aux salades compos\u00e9es qu\u2019aux l\u00e9gumes grill\u00e9s, apportant une touche l\u00e9g\u00e8rement sucr\u00e9e et acidul\u00e9e \u00e0 vos pr\u00e9parations.\" \/>\n<meta property=\"og:url\" content=\"https:\/\/sweetchef.fr\/en\/product\/vinaigrette-balsamique\/\" \/>\n<meta property=\"og:site_name\" content=\"Sweetchef\" \/>\n<meta property=\"article:modified_time\" content=\"2025-09-03T21:33:10+00:00\" \/>\n<meta property=\"og:image\" content=\"https:\/\/sweetchef.fr\/wp-content\/uploads\/2024\/09\/Viangrette-Balsamique.png\" \/>\n\t<meta property=\"og:image:width\" content=\"1000\" \/>\n\t<meta property=\"og:image:height\" content=\"1000\" \/>\n\t<meta property=\"og:image:type\" content=\"image\/png\" \/>\n<meta name=\"twitter:card\" content=\"summary_large_image\" \/>\n<script type=\"application\/ld+json\" class=\"yoast-schema-graph\">{\"@context\":\"https:\/\/schema.org\",\"@graph\":[{\"@type\":\"WebPage\",\"@id\":\"https:\/\/sweetchef.fr\/produit\/vinaigrette-balsamique\/\",\"url\":\"https:\/\/sweetchef.fr\/produit\/vinaigrette-balsamique\/\",\"name\":\"VINAIGRETTE BALSAMIQUE - Sweetchef\",\"isPartOf\":{\"@id\":\"https:\/\/sweetchef.fr\/#website\"},\"primaryImageOfPage\":{\"@id\":\"https:\/\/sweetchef.fr\/produit\/vinaigrette-balsamique\/#primaryimage\"},\"image\":{\"@id\":\"https:\/\/sweetchef.fr\/produit\/vinaigrette-balsamique\/#primaryimage\"},\"thumbnailUrl\":\"https:\/\/sweetchef.fr\/wp-content\/uploads\/2024\/09\/Viangrette-Balsamique.png\",\"datePublished\":\"2024-09-13T11:41:00+00:00\",\"dateModified\":\"2025-09-03T21:33:10+00:00\",\"breadcrumb\":{\"@id\":\"https:\/\/sweetchef.fr\/produit\/vinaigrette-balsamique\/#breadcrumb\"},\"inLanguage\":\"en-US\",\"potentialAction\":[{\"@type\":\"ReadAction\",\"target\":[\"https:\/\/sweetchef.fr\/produit\/vinaigrette-balsamique\/\"]}]},{\"@type\":\"ImageObject\",\"inLanguage\":\"en-US\",\"@id\":\"https:\/\/sweetchef.fr\/produit\/vinaigrette-balsamique\/#primaryimage\",\"url\":\"https:\/\/sweetchef.fr\/wp-content\/uploads\/2024\/09\/Viangrette-Balsamique.png\",\"contentUrl\":\"https:\/\/sweetchef.fr\/wp-content\/uploads\/2024\/09\/Viangrette-Balsamique.png\",\"width\":1000,\"height\":1000},{\"@type\":\"BreadcrumbList\",\"@id\":\"https:\/\/sweetchef.fr\/produit\/vinaigrette-balsamique\/#breadcrumb\",\"itemListElement\":[{\"@type\":\"ListItem\",\"position\":1,\"name\":\"Accueil\",\"item\":\"https:\/\/sweetchef.fr\/\"},{\"@type\":\"ListItem\",\"position\":2,\"name\":\"shop\",\"item\":\"https:\/\/sweetchef.fr\/shop\/\"},{\"@type\":\"ListItem\",\"position\":3,\"name\":\"VINAIGRETTE BALSAMIQUE\"}]},{\"@type\":\"WebSite\",\"@id\":\"https:\/\/sweetchef.fr\/#website\",\"url\":\"https:\/\/sweetchef.fr\/\",\"name\":\"Sweetchef\",\"description\":\"Le secret des chefs\",\"publisher\":{\"@id\":\"https:\/\/sweetchef.fr\/#organization\"},\"potentialAction\":[{\"@type\":\"SearchAction\",\"target\":{\"@type\":\"EntryPoint\",\"urlTemplate\":\"https:\/\/sweetchef.fr\/?s={search_term_string}\"},\"query-input\":{\"@type\":\"PropertyValueSpecification\",\"valueRequired\":true,\"valueName\":\"search_term_string\"}}],\"inLanguage\":\"en-US\"},{\"@type\":\"Organization\",\"@id\":\"https:\/\/sweetchef.fr\/#organization\",\"name\":\"SweetChef\",\"url\":\"https:\/\/sweetchef.fr\/\",\"logo\":{\"@type\":\"ImageObject\",\"inLanguage\":\"en-US\",\"@id\":\"https:\/\/sweetchef.fr\/#\/schema\/logo\/image\/\",\"url\":\"https:\/\/sweetchef.fr\/wp-content\/uploads\/2024\/04\/Logo-sweetchef-1.png\",\"contentUrl\":\"https:\/\/sweetchef.fr\/wp-content\/uploads\/2024\/04\/Logo-sweetchef-1.png\",\"width\":127,\"height\":128,\"caption\":\"SweetChef\"},\"image\":{\"@id\":\"https:\/\/sweetchef.fr\/#\/schema\/logo\/image\/\"},\"sameAs\":[\"https:\/\/www.instagram.com\/sweetchef.fr\"]}]}<\/script>\n<!-- \/ Yoast SEO plugin. -->","yoast_head_json":{"title":"VINAIGRETTE BALSAMIQUE - Sweetchef","robots":{"index":"index","follow":"follow","max-snippet":"max-snippet:-1","max-image-preview":"max-image-preview:large","max-video-preview":"max-video-preview:-1"},"canonical":"https:\/\/sweetchef.fr\/en\/product\/vinaigrette-balsamique\/","og_locale":"en_US","og_type":"article","og_title":"VINAIGRETTE BALSAMIQUE - Sweetchef","og_description":"La vinaigrette balsamique SweetChef est un classique, id\u00e9ale pour apporter une touche raffin\u00e9e et subtilement sucr\u00e9e \u00e0 toutes les salades.\u00a0Elle convient aussi bien aux salades compos\u00e9es qu\u2019aux l\u00e9gumes grill\u00e9s, apportant une touche l\u00e9g\u00e8rement sucr\u00e9e et acidul\u00e9e \u00e0 vos pr\u00e9parations.","og_url":"https:\/\/sweetchef.fr\/en\/product\/vinaigrette-balsamique\/","og_site_name":"Sweetchef","article_modified_time":"2025-09-03T21:33:10+00:00","og_image":[{"width":1000,"height":1000,"url":"https:\/\/sweetchef.fr\/wp-content\/uploads\/2024\/09\/Viangrette-Balsamique.png","type":"image\/png"}],"twitter_card":"summary_large_image","schema":{"@context":"https:\/\/schema.org","@graph":[{"@type":"WebPage","@id":"https:\/\/sweetchef.fr\/produit\/vinaigrette-balsamique\/","url":"https:\/\/sweetchef.fr\/produit\/vinaigrette-balsamique\/","name":"VINAIGRETTE BALSAMIQUE - Sweetchef","isPartOf":{"@id":"https:\/\/sweetchef.fr\/#website"},"primaryImageOfPage":{"@id":"https:\/\/sweetchef.fr\/produit\/vinaigrette-balsamique\/#primaryimage"},"image":{"@id":"https:\/\/sweetchef.fr\/produit\/vinaigrette-balsamique\/#primaryimage"},"thumbnailUrl":"https:\/\/sweetchef.fr\/wp-content\/uploads\/2024\/09\/Viangrette-Balsamique.png","datePublished":"2024-09-13T11:41:00+00:00","dateModified":"2025-09-03T21:33:10+00:00","breadcrumb":{"@id":"https:\/\/sweetchef.fr\/produit\/vinaigrette-balsamique\/#breadcrumb"},"inLanguage":"en-US","potentialAction":[{"@type":"ReadAction","target":["https:\/\/sweetchef.fr\/produit\/vinaigrette-balsamique\/"]}]},{"@type":"ImageObject","inLanguage":"en-US","@id":"https:\/\/sweetchef.fr\/produit\/vinaigrette-balsamique\/#primaryimage","url":"https:\/\/sweetchef.fr\/wp-content\/uploads\/2024\/09\/Viangrette-Balsamique.png","contentUrl":"https:\/\/sweetchef.fr\/wp-content\/uploads\/2024\/09\/Viangrette-Balsamique.png","width":1000,"height":1000},{"@type":"BreadcrumbList","@id":"https:\/\/sweetchef.fr\/produit\/vinaigrette-balsamique\/#breadcrumb","itemListElement":[{"@type":"ListItem","position":1,"name":"Accueil","item":"https:\/\/sweetchef.fr\/"},{"@type":"ListItem","position":2,"name":"shop","item":"https:\/\/sweetchef.fr\/shop\/"},{"@type":"ListItem","position":3,"name":"VINAIGRETTE BALSAMIQUE"}]},{"@type":"WebSite","@id":"https:\/\/sweetchef.fr\/#website","url":"https:\/\/sweetchef.fr\/","name":"Sweetchef","description":"Le secret des chefs","publisher":{"@id":"https:\/\/sweetchef.fr\/#organization"},"potentialAction":[{"@type":"SearchAction","target":{"@type":"EntryPoint","urlTemplate":"https:\/\/sweetchef.fr\/?s={search_term_string}"},"query-input":{"@type":"PropertyValueSpecification","valueRequired":true,"valueName":"search_term_string"}}],"inLanguage":"en-US"},{"@type":"Organization","@id":"https:\/\/sweetchef.fr\/#organization","name":"SweetChef","url":"https:\/\/sweetchef.fr\/","logo":{"@type":"ImageObject","inLanguage":"en-US","@id":"https:\/\/sweetchef.fr\/#\/schema\/logo\/image\/","url":"https:\/\/sweetchef.fr\/wp-content\/uploads\/2024\/04\/Logo-sweetchef-1.png","contentUrl":"https:\/\/sweetchef.fr\/wp-content\/uploads\/2024\/04\/Logo-sweetchef-1.png","width":127,"height":128,"caption":"SweetChef"},"image":{"@id":"https:\/\/sweetchef.fr\/#\/schema\/logo\/image\/"},"sameAs":["https:\/\/www.instagram.com\/sweetchef.fr"]}]}},"_links":{"self":[{"href":"https:\/\/sweetchef.fr\/en\/wp-json\/wp\/v2\/product\/3754","targetHints":{"allow":["GET"]}}],"collection":[{"href":"https:\/\/sweetchef.fr\/en\/wp-json\/wp\/v2\/product"}],"about":[{"href":"https:\/\/sweetchef.fr\/en\/wp-json\/wp\/v2\/types\/product"}],"replies":[{"embeddable":true,"href":"https:\/\/sweetchef.fr\/en\/wp-json\/wp\/v2\/comments?post=3754"}],"wp:featuredmedia":[{"embeddable":true,"href":"https:\/\/sweetchef.fr\/en\/wp-json\/wp\/v2\/media\/3748"}],"wp:attachment":[{"href":"https:\/\/sweetchef.fr\/en\/wp-json\/wp\/v2\/media?parent=3754"}],"wp:term":[{"taxonomy":"product_cat","embeddable":true,"href":"https:\/\/sweetchef.fr\/en\/wp-json\/wp\/v2\/product_cat?post=3754"},{"taxonomy":"product_tag","embeddable":true,"href":"https:\/\/sweetchef.fr\/en\/wp-json\/wp\/v2\/product_tag?post=3754"}],"curies":[{"name":"wp","href":"https:\/\/api.w.org\/{rel}","templated":true}]}}