{"id":3708,"date":"2024-09-13T12:10:26","date_gmt":"2024-09-13T10:10:26","guid":{"rendered":"https:\/\/sweetchef.fr\/?post_type=product&#038;p=3708"},"modified":"2025-09-03T23:33:13","modified_gmt":"2025-09-03T21:33:13","slug":"sauce-curry-crunchy","status":"publish","type":"product","link":"https:\/\/sweetchef.fr\/en\/product\/sauce-curry-crunchy\/","title":{"rendered":"Sauce Curry Crunchy"},"content":{"rendered":"<p>Originale par sa texture croquante, cette sauce curry se d\u00e9marque par son m\u00e9lange unique d&#8217;\u00e9pices et de petits morceaux croustillants. Parfaite pour accompagner des viandes blanches ou des plats v\u00e9g\u00e9tariens, elle offre une exp\u00e9rience gustative compl\u00e8te avec ses saveurs \u00e9pic\u00e9es et son croquant inattendu. Elle ravira les amateurs de cuisine indienne et ceux qui aiment l&#8217;originalit\u00e9 dans leurs sauces.<\/p>","protected":false},"excerpt":{"rendered":"<p>Originale par sa texture croquante, cette sauce curry se d\u00e9marque par son m\u00e9lange unique d&#8217;\u00e9pices et de petits morceaux croustillants. Parfaite pour accompagner des viandes blanches ou des plats v\u00e9g\u00e9tariens, elle offre une exp\u00e9rience gustative compl\u00e8te avec ses saveurs \u00e9pic\u00e9es et son croquant inattendu. Elle ravira les amateurs de cuisine indienne et ceux qui aiment [&hellip;]<\/p>","protected":false},"featured_media":3709,"comment_status":"open","ping_status":"closed","template":"","meta":{"_acf_changed":false},"product_cat":[26],"product_tag":[],"class_list":{"0":"post-3708","1":"product","2":"type-product","3":"status-publish","4":"has-post-thumbnail","6":"product_cat-les-sauces-froides","8":"first","9":"instock","10":"taxable","11":"shipping-taxable","12":"purchasable","13":"product-type-simple","14":"add-to-wishlist-before_image"},"acf":[],"yoast_head":"<!-- This site is optimized with the Yoast SEO plugin v23.4 - https:\/\/yoast.com\/wordpress\/plugins\/seo\/ -->\n<title>Sauce Curry Crunchy - Sweetchef<\/title>\n<meta name=\"robots\" content=\"index, follow, max-snippet:-1, max-image-preview:large, max-video-preview:-1\" \/>\n<link rel=\"canonical\" href=\"https:\/\/sweetchef.fr\/en\/product\/sauce-curry-crunchy\/\" \/>\n<meta property=\"og:locale\" content=\"en_US\" \/>\n<meta property=\"og:type\" content=\"article\" \/>\n<meta property=\"og:title\" content=\"Sauce Curry Crunchy - Sweetchef\" \/>\n<meta property=\"og:description\" content=\"Originale par sa texture croquante, cette sauce curry se d\u00e9marque par son m\u00e9lange unique d&#8217;\u00e9pices et de petits morceaux croustillants. Parfaite pour accompagner des viandes blanches ou des plats v\u00e9g\u00e9tariens, elle offre une exp\u00e9rience gustative compl\u00e8te avec ses saveurs \u00e9pic\u00e9es et son croquant inattendu. Elle ravira les amateurs de cuisine indienne et ceux qui aiment [&hellip;]\" \/>\n<meta property=\"og:url\" content=\"https:\/\/sweetchef.fr\/en\/product\/sauce-curry-crunchy\/\" \/>\n<meta property=\"og:site_name\" content=\"Sweetchef\" \/>\n<meta property=\"article:modified_time\" content=\"2025-09-03T21:33:13+00:00\" \/>\n<meta property=\"og:image\" content=\"https:\/\/sweetchef.fr\/wp-content\/uploads\/2024\/09\/curry-crunchy.png\" \/>\n\t<meta property=\"og:image:width\" content=\"1000\" \/>\n\t<meta property=\"og:image:height\" content=\"1000\" \/>\n\t<meta property=\"og:image:type\" content=\"image\/png\" \/>\n<meta name=\"twitter:card\" content=\"summary_large_image\" \/>\n<script type=\"application\/ld+json\" class=\"yoast-schema-graph\">{\"@context\":\"https:\/\/schema.org\",\"@graph\":[{\"@type\":\"WebPage\",\"@id\":\"https:\/\/sweetchef.fr\/produit\/sauce-curry-crunchy\/\",\"url\":\"https:\/\/sweetchef.fr\/produit\/sauce-curry-crunchy\/\",\"name\":\"Sauce Curry Crunchy - Sweetchef\",\"isPartOf\":{\"@id\":\"https:\/\/sweetchef.fr\/#website\"},\"primaryImageOfPage\":{\"@id\":\"https:\/\/sweetchef.fr\/produit\/sauce-curry-crunchy\/#primaryimage\"},\"image\":{\"@id\":\"https:\/\/sweetchef.fr\/produit\/sauce-curry-crunchy\/#primaryimage\"},\"thumbnailUrl\":\"https:\/\/sweetchef.fr\/wp-content\/uploads\/2024\/09\/curry-crunchy.png\",\"datePublished\":\"2024-09-13T10:10:26+00:00\",\"dateModified\":\"2025-09-03T21:33:13+00:00\",\"breadcrumb\":{\"@id\":\"https:\/\/sweetchef.fr\/produit\/sauce-curry-crunchy\/#breadcrumb\"},\"inLanguage\":\"en-US\",\"potentialAction\":[{\"@type\":\"ReadAction\",\"target\":[\"https:\/\/sweetchef.fr\/produit\/sauce-curry-crunchy\/\"]}]},{\"@type\":\"ImageObject\",\"inLanguage\":\"en-US\",\"@id\":\"https:\/\/sweetchef.fr\/produit\/sauce-curry-crunchy\/#primaryimage\",\"url\":\"https:\/\/sweetchef.fr\/wp-content\/uploads\/2024\/09\/curry-crunchy.png\",\"contentUrl\":\"https:\/\/sweetchef.fr\/wp-content\/uploads\/2024\/09\/curry-crunchy.png\",\"width\":1000,\"height\":1000},{\"@type\":\"BreadcrumbList\",\"@id\":\"https:\/\/sweetchef.fr\/produit\/sauce-curry-crunchy\/#breadcrumb\",\"itemListElement\":[{\"@type\":\"ListItem\",\"position\":1,\"name\":\"Accueil\",\"item\":\"https:\/\/sweetchef.fr\/\"},{\"@type\":\"ListItem\",\"position\":2,\"name\":\"shop\",\"item\":\"https:\/\/sweetchef.fr\/shop\/\"},{\"@type\":\"ListItem\",\"position\":3,\"name\":\"Sauce Curry Crunchy\"}]},{\"@type\":\"WebSite\",\"@id\":\"https:\/\/sweetchef.fr\/#website\",\"url\":\"https:\/\/sweetchef.fr\/\",\"name\":\"Sweetchef\",\"description\":\"Le secret des chefs\",\"publisher\":{\"@id\":\"https:\/\/sweetchef.fr\/#organization\"},\"potentialAction\":[{\"@type\":\"SearchAction\",\"target\":{\"@type\":\"EntryPoint\",\"urlTemplate\":\"https:\/\/sweetchef.fr\/?s={search_term_string}\"},\"query-input\":{\"@type\":\"PropertyValueSpecification\",\"valueRequired\":true,\"valueName\":\"search_term_string\"}}],\"inLanguage\":\"en-US\"},{\"@type\":\"Organization\",\"@id\":\"https:\/\/sweetchef.fr\/#organization\",\"name\":\"SweetChef\",\"url\":\"https:\/\/sweetchef.fr\/\",\"logo\":{\"@type\":\"ImageObject\",\"inLanguage\":\"en-US\",\"@id\":\"https:\/\/sweetchef.fr\/#\/schema\/logo\/image\/\",\"url\":\"https:\/\/sweetchef.fr\/wp-content\/uploads\/2024\/04\/Logo-sweetchef-1.png\",\"contentUrl\":\"https:\/\/sweetchef.fr\/wp-content\/uploads\/2024\/04\/Logo-sweetchef-1.png\",\"width\":127,\"height\":128,\"caption\":\"SweetChef\"},\"image\":{\"@id\":\"https:\/\/sweetchef.fr\/#\/schema\/logo\/image\/\"},\"sameAs\":[\"https:\/\/www.instagram.com\/sweetchef.fr\"]}]}<\/script>\n<!-- \/ Yoast SEO plugin. -->","yoast_head_json":{"title":"Sauce Curry Crunchy - Sweetchef","robots":{"index":"index","follow":"follow","max-snippet":"max-snippet:-1","max-image-preview":"max-image-preview:large","max-video-preview":"max-video-preview:-1"},"canonical":"https:\/\/sweetchef.fr\/en\/product\/sauce-curry-crunchy\/","og_locale":"en_US","og_type":"article","og_title":"Sauce Curry Crunchy - Sweetchef","og_description":"Originale par sa texture croquante, cette sauce curry se d\u00e9marque par son m\u00e9lange unique d&#8217;\u00e9pices et de petits morceaux croustillants. Parfaite pour accompagner des viandes blanches ou des plats v\u00e9g\u00e9tariens, elle offre une exp\u00e9rience gustative compl\u00e8te avec ses saveurs \u00e9pic\u00e9es et son croquant inattendu. Elle ravira les amateurs de cuisine indienne et ceux qui aiment [&hellip;]","og_url":"https:\/\/sweetchef.fr\/en\/product\/sauce-curry-crunchy\/","og_site_name":"Sweetchef","article_modified_time":"2025-09-03T21:33:13+00:00","og_image":[{"width":1000,"height":1000,"url":"https:\/\/sweetchef.fr\/wp-content\/uploads\/2024\/09\/curry-crunchy.png","type":"image\/png"}],"twitter_card":"summary_large_image","schema":{"@context":"https:\/\/schema.org","@graph":[{"@type":"WebPage","@id":"https:\/\/sweetchef.fr\/produit\/sauce-curry-crunchy\/","url":"https:\/\/sweetchef.fr\/produit\/sauce-curry-crunchy\/","name":"Sauce Curry Crunchy - Sweetchef","isPartOf":{"@id":"https:\/\/sweetchef.fr\/#website"},"primaryImageOfPage":{"@id":"https:\/\/sweetchef.fr\/produit\/sauce-curry-crunchy\/#primaryimage"},"image":{"@id":"https:\/\/sweetchef.fr\/produit\/sauce-curry-crunchy\/#primaryimage"},"thumbnailUrl":"https:\/\/sweetchef.fr\/wp-content\/uploads\/2024\/09\/curry-crunchy.png","datePublished":"2024-09-13T10:10:26+00:00","dateModified":"2025-09-03T21:33:13+00:00","breadcrumb":{"@id":"https:\/\/sweetchef.fr\/produit\/sauce-curry-crunchy\/#breadcrumb"},"inLanguage":"en-US","potentialAction":[{"@type":"ReadAction","target":["https:\/\/sweetchef.fr\/produit\/sauce-curry-crunchy\/"]}]},{"@type":"ImageObject","inLanguage":"en-US","@id":"https:\/\/sweetchef.fr\/produit\/sauce-curry-crunchy\/#primaryimage","url":"https:\/\/sweetchef.fr\/wp-content\/uploads\/2024\/09\/curry-crunchy.png","contentUrl":"https:\/\/sweetchef.fr\/wp-content\/uploads\/2024\/09\/curry-crunchy.png","width":1000,"height":1000},{"@type":"BreadcrumbList","@id":"https:\/\/sweetchef.fr\/produit\/sauce-curry-crunchy\/#breadcrumb","itemListElement":[{"@type":"ListItem","position":1,"name":"Accueil","item":"https:\/\/sweetchef.fr\/"},{"@type":"ListItem","position":2,"name":"shop","item":"https:\/\/sweetchef.fr\/shop\/"},{"@type":"ListItem","position":3,"name":"Sauce Curry Crunchy"}]},{"@type":"WebSite","@id":"https:\/\/sweetchef.fr\/#website","url":"https:\/\/sweetchef.fr\/","name":"Sweetchef","description":"Le secret des chefs","publisher":{"@id":"https:\/\/sweetchef.fr\/#organization"},"potentialAction":[{"@type":"SearchAction","target":{"@type":"EntryPoint","urlTemplate":"https:\/\/sweetchef.fr\/?s={search_term_string}"},"query-input":{"@type":"PropertyValueSpecification","valueRequired":true,"valueName":"search_term_string"}}],"inLanguage":"en-US"},{"@type":"Organization","@id":"https:\/\/sweetchef.fr\/#organization","name":"SweetChef","url":"https:\/\/sweetchef.fr\/","logo":{"@type":"ImageObject","inLanguage":"en-US","@id":"https:\/\/sweetchef.fr\/#\/schema\/logo\/image\/","url":"https:\/\/sweetchef.fr\/wp-content\/uploads\/2024\/04\/Logo-sweetchef-1.png","contentUrl":"https:\/\/sweetchef.fr\/wp-content\/uploads\/2024\/04\/Logo-sweetchef-1.png","width":127,"height":128,"caption":"SweetChef"},"image":{"@id":"https:\/\/sweetchef.fr\/#\/schema\/logo\/image\/"},"sameAs":["https:\/\/www.instagram.com\/sweetchef.fr"]}]}},"_links":{"self":[{"href":"https:\/\/sweetchef.fr\/en\/wp-json\/wp\/v2\/product\/3708","targetHints":{"allow":["GET"]}}],"collection":[{"href":"https:\/\/sweetchef.fr\/en\/wp-json\/wp\/v2\/product"}],"about":[{"href":"https:\/\/sweetchef.fr\/en\/wp-json\/wp\/v2\/types\/product"}],"replies":[{"embeddable":true,"href":"https:\/\/sweetchef.fr\/en\/wp-json\/wp\/v2\/comments?post=3708"}],"wp:featuredmedia":[{"embeddable":true,"href":"https:\/\/sweetchef.fr\/en\/wp-json\/wp\/v2\/media\/3709"}],"wp:attachment":[{"href":"https:\/\/sweetchef.fr\/en\/wp-json\/wp\/v2\/media?parent=3708"}],"wp:term":[{"taxonomy":"product_cat","embeddable":true,"href":"https:\/\/sweetchef.fr\/en\/wp-json\/wp\/v2\/product_cat?post=3708"},{"taxonomy":"product_tag","embeddable":true,"href":"https:\/\/sweetchef.fr\/en\/wp-json\/wp\/v2\/product_tag?post=3708"}],"curies":[{"name":"wp","href":"https:\/\/api.w.org\/{rel}","templated":true}]}}