{"id":3698,"date":"2024-09-13T11:59:19","date_gmt":"2024-09-13T09:59:19","guid":{"rendered":"https:\/\/sweetchef.fr\/?post_type=product&#038;p=3698"},"modified":"2025-09-03T23:33:13","modified_gmt":"2025-09-03T21:33:13","slug":"sauce-andalouse","status":"publish","type":"product","link":"https:\/\/sweetchef.fr\/en\/product\/sauce-andalouse\/","title":{"rendered":"Sauce Andalouse"},"content":{"rendered":"<p>Inspir\u00e9e de la tradition m\u00e9diterran\u00e9enne, cette sauce \u00e0 base de tomates et de poivrons est relev\u00e9e par des \u00e9pices douces. L\u00e9g\u00e8rement acidul\u00e9e, elle apporte une touche de soleil dans vos assiettes avec une texture cr\u00e9meuse qui enrobe parfaitement les viandes et les frites. Parfaite pour ajouter une pointe de caract\u00e8re \u00e0 vos plats, elle offre un \u00e9quilibre subtil entre douceur et \u00e9pices.<\/p>","protected":false},"excerpt":{"rendered":"<p>Inspir\u00e9e de la tradition m\u00e9diterran\u00e9enne, cette sauce \u00e0 base de tomates et de poivrons est relev\u00e9e par des \u00e9pices douces. L\u00e9g\u00e8rement acidul\u00e9e, elle apporte une touche de soleil dans vos assiettes avec une texture cr\u00e9meuse qui enrobe parfaitement les viandes et les frites. Parfaite pour ajouter une pointe de caract\u00e8re \u00e0 vos plats, elle offre [&hellip;]<\/p>","protected":false},"featured_media":3699,"comment_status":"open","ping_status":"closed","template":"","meta":{"_acf_changed":false},"product_cat":[26],"product_tag":[],"class_list":{"0":"post-3698","1":"product","2":"type-product","3":"status-publish","4":"has-post-thumbnail","6":"product_cat-les-sauces-froides","8":"first","9":"instock","10":"taxable","11":"shipping-taxable","12":"purchasable","13":"product-type-simple","14":"add-to-wishlist-before_image"},"acf":[],"yoast_head":"<!-- This site is optimized with the Yoast SEO plugin v23.4 - https:\/\/yoast.com\/wordpress\/plugins\/seo\/ -->\n<title>Sauce Andalouse - Sweetchef<\/title>\n<meta name=\"robots\" content=\"index, follow, max-snippet:-1, max-image-preview:large, max-video-preview:-1\" \/>\n<link rel=\"canonical\" href=\"https:\/\/sweetchef.fr\/en\/product\/sauce-andalouse\/\" \/>\n<meta property=\"og:locale\" content=\"en_US\" \/>\n<meta property=\"og:type\" content=\"article\" \/>\n<meta property=\"og:title\" content=\"Sauce Andalouse - Sweetchef\" \/>\n<meta property=\"og:description\" content=\"Inspir\u00e9e de la tradition m\u00e9diterran\u00e9enne, cette sauce \u00e0 base de tomates et de poivrons est relev\u00e9e par des \u00e9pices douces. L\u00e9g\u00e8rement acidul\u00e9e, elle apporte une touche de soleil dans vos assiettes avec une texture cr\u00e9meuse qui enrobe parfaitement les viandes et les frites. Parfaite pour ajouter une pointe de caract\u00e8re \u00e0 vos plats, elle offre [&hellip;]\" \/>\n<meta property=\"og:url\" content=\"https:\/\/sweetchef.fr\/en\/product\/sauce-andalouse\/\" \/>\n<meta property=\"og:site_name\" content=\"Sweetchef\" \/>\n<meta property=\"article:modified_time\" content=\"2025-09-03T21:33:13+00:00\" \/>\n<meta property=\"og:image\" content=\"https:\/\/sweetchef.fr\/wp-content\/uploads\/2024\/09\/andalouse.png\" \/>\n\t<meta property=\"og:image:width\" content=\"1000\" \/>\n\t<meta property=\"og:image:height\" content=\"1000\" \/>\n\t<meta property=\"og:image:type\" content=\"image\/png\" \/>\n<meta name=\"twitter:card\" content=\"summary_large_image\" \/>\n<script type=\"application\/ld+json\" class=\"yoast-schema-graph\">{\"@context\":\"https:\/\/schema.org\",\"@graph\":[{\"@type\":\"WebPage\",\"@id\":\"https:\/\/sweetchef.fr\/produit\/sauce-andalouse\/\",\"url\":\"https:\/\/sweetchef.fr\/produit\/sauce-andalouse\/\",\"name\":\"Sauce Andalouse - Sweetchef\",\"isPartOf\":{\"@id\":\"https:\/\/sweetchef.fr\/#website\"},\"primaryImageOfPage\":{\"@id\":\"https:\/\/sweetchef.fr\/produit\/sauce-andalouse\/#primaryimage\"},\"image\":{\"@id\":\"https:\/\/sweetchef.fr\/produit\/sauce-andalouse\/#primaryimage\"},\"thumbnailUrl\":\"https:\/\/sweetchef.fr\/wp-content\/uploads\/2024\/09\/andalouse.png\",\"datePublished\":\"2024-09-13T09:59:19+00:00\",\"dateModified\":\"2025-09-03T21:33:13+00:00\",\"breadcrumb\":{\"@id\":\"https:\/\/sweetchef.fr\/produit\/sauce-andalouse\/#breadcrumb\"},\"inLanguage\":\"en-US\",\"potentialAction\":[{\"@type\":\"ReadAction\",\"target\":[\"https:\/\/sweetchef.fr\/produit\/sauce-andalouse\/\"]}]},{\"@type\":\"ImageObject\",\"inLanguage\":\"en-US\",\"@id\":\"https:\/\/sweetchef.fr\/produit\/sauce-andalouse\/#primaryimage\",\"url\":\"https:\/\/sweetchef.fr\/wp-content\/uploads\/2024\/09\/andalouse.png\",\"contentUrl\":\"https:\/\/sweetchef.fr\/wp-content\/uploads\/2024\/09\/andalouse.png\",\"width\":1000,\"height\":1000},{\"@type\":\"BreadcrumbList\",\"@id\":\"https:\/\/sweetchef.fr\/produit\/sauce-andalouse\/#breadcrumb\",\"itemListElement\":[{\"@type\":\"ListItem\",\"position\":1,\"name\":\"Accueil\",\"item\":\"https:\/\/sweetchef.fr\/\"},{\"@type\":\"ListItem\",\"position\":2,\"name\":\"shop\",\"item\":\"https:\/\/sweetchef.fr\/shop\/\"},{\"@type\":\"ListItem\",\"position\":3,\"name\":\"Sauce Andalouse\"}]},{\"@type\":\"WebSite\",\"@id\":\"https:\/\/sweetchef.fr\/#website\",\"url\":\"https:\/\/sweetchef.fr\/\",\"name\":\"Sweetchef\",\"description\":\"Le secret des chefs\",\"publisher\":{\"@id\":\"https:\/\/sweetchef.fr\/#organization\"},\"potentialAction\":[{\"@type\":\"SearchAction\",\"target\":{\"@type\":\"EntryPoint\",\"urlTemplate\":\"https:\/\/sweetchef.fr\/?s={search_term_string}\"},\"query-input\":{\"@type\":\"PropertyValueSpecification\",\"valueRequired\":true,\"valueName\":\"search_term_string\"}}],\"inLanguage\":\"en-US\"},{\"@type\":\"Organization\",\"@id\":\"https:\/\/sweetchef.fr\/#organization\",\"name\":\"SweetChef\",\"url\":\"https:\/\/sweetchef.fr\/\",\"logo\":{\"@type\":\"ImageObject\",\"inLanguage\":\"en-US\",\"@id\":\"https:\/\/sweetchef.fr\/#\/schema\/logo\/image\/\",\"url\":\"https:\/\/sweetchef.fr\/wp-content\/uploads\/2024\/04\/Logo-sweetchef-1.png\",\"contentUrl\":\"https:\/\/sweetchef.fr\/wp-content\/uploads\/2024\/04\/Logo-sweetchef-1.png\",\"width\":127,\"height\":128,\"caption\":\"SweetChef\"},\"image\":{\"@id\":\"https:\/\/sweetchef.fr\/#\/schema\/logo\/image\/\"},\"sameAs\":[\"https:\/\/www.instagram.com\/sweetchef.fr\"]}]}<\/script>\n<!-- \/ Yoast SEO plugin. -->","yoast_head_json":{"title":"Sauce Andalouse - Sweetchef","robots":{"index":"index","follow":"follow","max-snippet":"max-snippet:-1","max-image-preview":"max-image-preview:large","max-video-preview":"max-video-preview:-1"},"canonical":"https:\/\/sweetchef.fr\/en\/product\/sauce-andalouse\/","og_locale":"en_US","og_type":"article","og_title":"Sauce Andalouse - Sweetchef","og_description":"Inspir\u00e9e de la tradition m\u00e9diterran\u00e9enne, cette sauce \u00e0 base de tomates et de poivrons est relev\u00e9e par des \u00e9pices douces. L\u00e9g\u00e8rement acidul\u00e9e, elle apporte une touche de soleil dans vos assiettes avec une texture cr\u00e9meuse qui enrobe parfaitement les viandes et les frites. Parfaite pour ajouter une pointe de caract\u00e8re \u00e0 vos plats, elle offre [&hellip;]","og_url":"https:\/\/sweetchef.fr\/en\/product\/sauce-andalouse\/","og_site_name":"Sweetchef","article_modified_time":"2025-09-03T21:33:13+00:00","og_image":[{"width":1000,"height":1000,"url":"https:\/\/sweetchef.fr\/wp-content\/uploads\/2024\/09\/andalouse.png","type":"image\/png"}],"twitter_card":"summary_large_image","schema":{"@context":"https:\/\/schema.org","@graph":[{"@type":"WebPage","@id":"https:\/\/sweetchef.fr\/produit\/sauce-andalouse\/","url":"https:\/\/sweetchef.fr\/produit\/sauce-andalouse\/","name":"Sauce Andalouse - Sweetchef","isPartOf":{"@id":"https:\/\/sweetchef.fr\/#website"},"primaryImageOfPage":{"@id":"https:\/\/sweetchef.fr\/produit\/sauce-andalouse\/#primaryimage"},"image":{"@id":"https:\/\/sweetchef.fr\/produit\/sauce-andalouse\/#primaryimage"},"thumbnailUrl":"https:\/\/sweetchef.fr\/wp-content\/uploads\/2024\/09\/andalouse.png","datePublished":"2024-09-13T09:59:19+00:00","dateModified":"2025-09-03T21:33:13+00:00","breadcrumb":{"@id":"https:\/\/sweetchef.fr\/produit\/sauce-andalouse\/#breadcrumb"},"inLanguage":"en-US","potentialAction":[{"@type":"ReadAction","target":["https:\/\/sweetchef.fr\/produit\/sauce-andalouse\/"]}]},{"@type":"ImageObject","inLanguage":"en-US","@id":"https:\/\/sweetchef.fr\/produit\/sauce-andalouse\/#primaryimage","url":"https:\/\/sweetchef.fr\/wp-content\/uploads\/2024\/09\/andalouse.png","contentUrl":"https:\/\/sweetchef.fr\/wp-content\/uploads\/2024\/09\/andalouse.png","width":1000,"height":1000},{"@type":"BreadcrumbList","@id":"https:\/\/sweetchef.fr\/produit\/sauce-andalouse\/#breadcrumb","itemListElement":[{"@type":"ListItem","position":1,"name":"Accueil","item":"https:\/\/sweetchef.fr\/"},{"@type":"ListItem","position":2,"name":"shop","item":"https:\/\/sweetchef.fr\/shop\/"},{"@type":"ListItem","position":3,"name":"Sauce Andalouse"}]},{"@type":"WebSite","@id":"https:\/\/sweetchef.fr\/#website","url":"https:\/\/sweetchef.fr\/","name":"Sweetchef","description":"Le secret des chefs","publisher":{"@id":"https:\/\/sweetchef.fr\/#organization"},"potentialAction":[{"@type":"SearchAction","target":{"@type":"EntryPoint","urlTemplate":"https:\/\/sweetchef.fr\/?s={search_term_string}"},"query-input":{"@type":"PropertyValueSpecification","valueRequired":true,"valueName":"search_term_string"}}],"inLanguage":"en-US"},{"@type":"Organization","@id":"https:\/\/sweetchef.fr\/#organization","name":"SweetChef","url":"https:\/\/sweetchef.fr\/","logo":{"@type":"ImageObject","inLanguage":"en-US","@id":"https:\/\/sweetchef.fr\/#\/schema\/logo\/image\/","url":"https:\/\/sweetchef.fr\/wp-content\/uploads\/2024\/04\/Logo-sweetchef-1.png","contentUrl":"https:\/\/sweetchef.fr\/wp-content\/uploads\/2024\/04\/Logo-sweetchef-1.png","width":127,"height":128,"caption":"SweetChef"},"image":{"@id":"https:\/\/sweetchef.fr\/#\/schema\/logo\/image\/"},"sameAs":["https:\/\/www.instagram.com\/sweetchef.fr"]}]}},"_links":{"self":[{"href":"https:\/\/sweetchef.fr\/en\/wp-json\/wp\/v2\/product\/3698","targetHints":{"allow":["GET"]}}],"collection":[{"href":"https:\/\/sweetchef.fr\/en\/wp-json\/wp\/v2\/product"}],"about":[{"href":"https:\/\/sweetchef.fr\/en\/wp-json\/wp\/v2\/types\/product"}],"replies":[{"embeddable":true,"href":"https:\/\/sweetchef.fr\/en\/wp-json\/wp\/v2\/comments?post=3698"}],"wp:featuredmedia":[{"embeddable":true,"href":"https:\/\/sweetchef.fr\/en\/wp-json\/wp\/v2\/media\/3699"}],"wp:attachment":[{"href":"https:\/\/sweetchef.fr\/en\/wp-json\/wp\/v2\/media?parent=3698"}],"wp:term":[{"taxonomy":"product_cat","embeddable":true,"href":"https:\/\/sweetchef.fr\/en\/wp-json\/wp\/v2\/product_cat?post=3698"},{"taxonomy":"product_tag","embeddable":true,"href":"https:\/\/sweetchef.fr\/en\/wp-json\/wp\/v2\/product_tag?post=3698"}],"curies":[{"name":"wp","href":"https:\/\/api.w.org\/{rel}","templated":true}]}}