{"id":3503,"date":"2024-09-10T12:55:11","date_gmt":"2024-09-10T10:55:11","guid":{"rendered":"https:\/\/sweetchef.fr\/?post_type=product&#038;p=3503"},"modified":"2025-09-03T23:33:14","modified_gmt":"2025-09-03T21:33:14","slug":"papillote-paprika-et-tomate","status":"publish","type":"product","link":"https:\/\/sweetchef.fr\/en\/product\/papillote-paprika-et-tomate\/","title":{"rendered":"PAPRIKA ET TOMATE"},"content":{"rendered":"<p><span data-sheets-root=\"1\">Ce m\u00e9lange de paprika et de tomate SweetChef est id\u00e9al pour des plats color\u00e9s et savoureux.\u00a0 <\/span><\/p>\n<p>La papillote permet de cuire les ingr\u00e9dients tout en rehaussant leur go\u00fbt gr\u00e2ce aux \u00e9pices chaudes et l\u00e9g\u00e8rement sucr\u00e9es.<\/p>\n<p>Pour 4 cuisses de poulets ou 1 poulet entier.<\/p>","protected":false},"excerpt":{"rendered":"<p>Ce m\u00e9lange de paprika et de tomate SweetChef est id\u00e9al pour des plats color\u00e9s et savoureux.\u00a0 La papillote permet de cuire les ingr\u00e9dients tout en rehaussant leur go\u00fbt gr\u00e2ce aux \u00e9pices chaudes et l\u00e9g\u00e8rement sucr\u00e9es. Pour 4 cuisses de poulets ou 1 poulet entier.<\/p>","protected":false},"featured_media":4188,"comment_status":"open","ping_status":"closed","template":"","meta":{"_acf_changed":false},"product_cat":[40],"product_tag":[],"class_list":{"0":"post-3503","1":"product","2":"type-product","3":"status-publish","4":"has-post-thumbnail","6":"product_cat-les-papillotes","8":"first","9":"instock","10":"taxable","11":"shipping-taxable","12":"purchasable","13":"product-type-simple","14":"add-to-wishlist-before_image"},"acf":[],"yoast_head":"<!-- This site is optimized with the Yoast SEO plugin v23.4 - https:\/\/yoast.com\/wordpress\/plugins\/seo\/ -->\n<title>PAPRIKA ET TOMATE - Sweetchef<\/title>\n<meta name=\"robots\" content=\"index, follow, max-snippet:-1, max-image-preview:large, max-video-preview:-1\" \/>\n<link rel=\"canonical\" href=\"https:\/\/sweetchef.fr\/en\/product\/papillote-paprika-et-tomate\/\" \/>\n<meta property=\"og:locale\" content=\"en_US\" \/>\n<meta property=\"og:type\" content=\"article\" \/>\n<meta property=\"og:title\" content=\"PAPRIKA ET TOMATE - Sweetchef\" \/>\n<meta property=\"og:description\" content=\"Ce m\u00e9lange de paprika et de tomate SweetChef est id\u00e9al pour des plats color\u00e9s et savoureux.\u00a0 La papillote permet de cuire les ingr\u00e9dients tout en rehaussant leur go\u00fbt gr\u00e2ce aux \u00e9pices chaudes et l\u00e9g\u00e8rement sucr\u00e9es. Pour 4 cuisses de poulets ou 1 poulet entier.\" \/>\n<meta property=\"og:url\" content=\"https:\/\/sweetchef.fr\/en\/product\/papillote-paprika-et-tomate\/\" \/>\n<meta property=\"og:site_name\" content=\"Sweetchef\" \/>\n<meta property=\"article:modified_time\" content=\"2025-09-03T21:33:14+00:00\" \/>\n<meta property=\"og:image\" content=\"https:\/\/sweetchef.fr\/wp-content\/uploads\/2024\/09\/PAPRIKA-ET-TOMATE-SWEETCHEF.png\" \/>\n\t<meta property=\"og:image:width\" content=\"1080\" \/>\n\t<meta property=\"og:image:height\" content=\"1080\" \/>\n\t<meta property=\"og:image:type\" content=\"image\/png\" \/>\n<meta name=\"twitter:card\" content=\"summary_large_image\" \/>\n<script type=\"application\/ld+json\" class=\"yoast-schema-graph\">{\"@context\":\"https:\/\/schema.org\",\"@graph\":[{\"@type\":\"WebPage\",\"@id\":\"https:\/\/sweetchef.fr\/produit\/papillote-paprika-et-tomate\/\",\"url\":\"https:\/\/sweetchef.fr\/produit\/papillote-paprika-et-tomate\/\",\"name\":\"PAPRIKA ET TOMATE - Sweetchef\",\"isPartOf\":{\"@id\":\"https:\/\/sweetchef.fr\/#website\"},\"primaryImageOfPage\":{\"@id\":\"https:\/\/sweetchef.fr\/produit\/papillote-paprika-et-tomate\/#primaryimage\"},\"image\":{\"@id\":\"https:\/\/sweetchef.fr\/produit\/papillote-paprika-et-tomate\/#primaryimage\"},\"thumbnailUrl\":\"https:\/\/sweetchef.fr\/wp-content\/uploads\/2024\/09\/PAPRIKA-ET-TOMATE-SWEETCHEF.png\",\"datePublished\":\"2024-09-10T10:55:11+00:00\",\"dateModified\":\"2025-09-03T21:33:14+00:00\",\"breadcrumb\":{\"@id\":\"https:\/\/sweetchef.fr\/produit\/papillote-paprika-et-tomate\/#breadcrumb\"},\"inLanguage\":\"en-US\",\"potentialAction\":[{\"@type\":\"ReadAction\",\"target\":[\"https:\/\/sweetchef.fr\/produit\/papillote-paprika-et-tomate\/\"]}]},{\"@type\":\"ImageObject\",\"inLanguage\":\"en-US\",\"@id\":\"https:\/\/sweetchef.fr\/produit\/papillote-paprika-et-tomate\/#primaryimage\",\"url\":\"https:\/\/sweetchef.fr\/wp-content\/uploads\/2024\/09\/PAPRIKA-ET-TOMATE-SWEETCHEF.png\",\"contentUrl\":\"https:\/\/sweetchef.fr\/wp-content\/uploads\/2024\/09\/PAPRIKA-ET-TOMATE-SWEETCHEF.png\",\"width\":1080,\"height\":1080},{\"@type\":\"BreadcrumbList\",\"@id\":\"https:\/\/sweetchef.fr\/produit\/papillote-paprika-et-tomate\/#breadcrumb\",\"itemListElement\":[{\"@type\":\"ListItem\",\"position\":1,\"name\":\"Accueil\",\"item\":\"https:\/\/sweetchef.fr\/\"},{\"@type\":\"ListItem\",\"position\":2,\"name\":\"shop\",\"item\":\"https:\/\/sweetchef.fr\/shop\/\"},{\"@type\":\"ListItem\",\"position\":3,\"name\":\"PAPRIKA ET TOMATE\"}]},{\"@type\":\"WebSite\",\"@id\":\"https:\/\/sweetchef.fr\/#website\",\"url\":\"https:\/\/sweetchef.fr\/\",\"name\":\"Sweetchef\",\"description\":\"Le secret des chefs\",\"publisher\":{\"@id\":\"https:\/\/sweetchef.fr\/#organization\"},\"potentialAction\":[{\"@type\":\"SearchAction\",\"target\":{\"@type\":\"EntryPoint\",\"urlTemplate\":\"https:\/\/sweetchef.fr\/?s={search_term_string}\"},\"query-input\":{\"@type\":\"PropertyValueSpecification\",\"valueRequired\":true,\"valueName\":\"search_term_string\"}}],\"inLanguage\":\"en-US\"},{\"@type\":\"Organization\",\"@id\":\"https:\/\/sweetchef.fr\/#organization\",\"name\":\"SweetChef\",\"url\":\"https:\/\/sweetchef.fr\/\",\"logo\":{\"@type\":\"ImageObject\",\"inLanguage\":\"en-US\",\"@id\":\"https:\/\/sweetchef.fr\/#\/schema\/logo\/image\/\",\"url\":\"https:\/\/sweetchef.fr\/wp-content\/uploads\/2024\/04\/Logo-sweetchef-1.png\",\"contentUrl\":\"https:\/\/sweetchef.fr\/wp-content\/uploads\/2024\/04\/Logo-sweetchef-1.png\",\"width\":127,\"height\":128,\"caption\":\"SweetChef\"},\"image\":{\"@id\":\"https:\/\/sweetchef.fr\/#\/schema\/logo\/image\/\"},\"sameAs\":[\"https:\/\/www.instagram.com\/sweetchef.fr\"]}]}<\/script>\n<!-- \/ Yoast SEO plugin. -->","yoast_head_json":{"title":"PAPRIKA ET TOMATE - Sweetchef","robots":{"index":"index","follow":"follow","max-snippet":"max-snippet:-1","max-image-preview":"max-image-preview:large","max-video-preview":"max-video-preview:-1"},"canonical":"https:\/\/sweetchef.fr\/en\/product\/papillote-paprika-et-tomate\/","og_locale":"en_US","og_type":"article","og_title":"PAPRIKA ET TOMATE - Sweetchef","og_description":"Ce m\u00e9lange de paprika et de tomate SweetChef est id\u00e9al pour des plats color\u00e9s et savoureux.\u00a0 La papillote permet de cuire les ingr\u00e9dients tout en rehaussant leur go\u00fbt gr\u00e2ce aux \u00e9pices chaudes et l\u00e9g\u00e8rement sucr\u00e9es. Pour 4 cuisses de poulets ou 1 poulet entier.","og_url":"https:\/\/sweetchef.fr\/en\/product\/papillote-paprika-et-tomate\/","og_site_name":"Sweetchef","article_modified_time":"2025-09-03T21:33:14+00:00","og_image":[{"width":1080,"height":1080,"url":"https:\/\/sweetchef.fr\/wp-content\/uploads\/2024\/09\/PAPRIKA-ET-TOMATE-SWEETCHEF.png","type":"image\/png"}],"twitter_card":"summary_large_image","schema":{"@context":"https:\/\/schema.org","@graph":[{"@type":"WebPage","@id":"https:\/\/sweetchef.fr\/produit\/papillote-paprika-et-tomate\/","url":"https:\/\/sweetchef.fr\/produit\/papillote-paprika-et-tomate\/","name":"PAPRIKA ET TOMATE - Sweetchef","isPartOf":{"@id":"https:\/\/sweetchef.fr\/#website"},"primaryImageOfPage":{"@id":"https:\/\/sweetchef.fr\/produit\/papillote-paprika-et-tomate\/#primaryimage"},"image":{"@id":"https:\/\/sweetchef.fr\/produit\/papillote-paprika-et-tomate\/#primaryimage"},"thumbnailUrl":"https:\/\/sweetchef.fr\/wp-content\/uploads\/2024\/09\/PAPRIKA-ET-TOMATE-SWEETCHEF.png","datePublished":"2024-09-10T10:55:11+00:00","dateModified":"2025-09-03T21:33:14+00:00","breadcrumb":{"@id":"https:\/\/sweetchef.fr\/produit\/papillote-paprika-et-tomate\/#breadcrumb"},"inLanguage":"en-US","potentialAction":[{"@type":"ReadAction","target":["https:\/\/sweetchef.fr\/produit\/papillote-paprika-et-tomate\/"]}]},{"@type":"ImageObject","inLanguage":"en-US","@id":"https:\/\/sweetchef.fr\/produit\/papillote-paprika-et-tomate\/#primaryimage","url":"https:\/\/sweetchef.fr\/wp-content\/uploads\/2024\/09\/PAPRIKA-ET-TOMATE-SWEETCHEF.png","contentUrl":"https:\/\/sweetchef.fr\/wp-content\/uploads\/2024\/09\/PAPRIKA-ET-TOMATE-SWEETCHEF.png","width":1080,"height":1080},{"@type":"BreadcrumbList","@id":"https:\/\/sweetchef.fr\/produit\/papillote-paprika-et-tomate\/#breadcrumb","itemListElement":[{"@type":"ListItem","position":1,"name":"Accueil","item":"https:\/\/sweetchef.fr\/"},{"@type":"ListItem","position":2,"name":"shop","item":"https:\/\/sweetchef.fr\/shop\/"},{"@type":"ListItem","position":3,"name":"PAPRIKA ET TOMATE"}]},{"@type":"WebSite","@id":"https:\/\/sweetchef.fr\/#website","url":"https:\/\/sweetchef.fr\/","name":"Sweetchef","description":"Le secret des chefs","publisher":{"@id":"https:\/\/sweetchef.fr\/#organization"},"potentialAction":[{"@type":"SearchAction","target":{"@type":"EntryPoint","urlTemplate":"https:\/\/sweetchef.fr\/?s={search_term_string}"},"query-input":{"@type":"PropertyValueSpecification","valueRequired":true,"valueName":"search_term_string"}}],"inLanguage":"en-US"},{"@type":"Organization","@id":"https:\/\/sweetchef.fr\/#organization","name":"SweetChef","url":"https:\/\/sweetchef.fr\/","logo":{"@type":"ImageObject","inLanguage":"en-US","@id":"https:\/\/sweetchef.fr\/#\/schema\/logo\/image\/","url":"https:\/\/sweetchef.fr\/wp-content\/uploads\/2024\/04\/Logo-sweetchef-1.png","contentUrl":"https:\/\/sweetchef.fr\/wp-content\/uploads\/2024\/04\/Logo-sweetchef-1.png","width":127,"height":128,"caption":"SweetChef"},"image":{"@id":"https:\/\/sweetchef.fr\/#\/schema\/logo\/image\/"},"sameAs":["https:\/\/www.instagram.com\/sweetchef.fr"]}]}},"_links":{"self":[{"href":"https:\/\/sweetchef.fr\/en\/wp-json\/wp\/v2\/product\/3503","targetHints":{"allow":["GET"]}}],"collection":[{"href":"https:\/\/sweetchef.fr\/en\/wp-json\/wp\/v2\/product"}],"about":[{"href":"https:\/\/sweetchef.fr\/en\/wp-json\/wp\/v2\/types\/product"}],"replies":[{"embeddable":true,"href":"https:\/\/sweetchef.fr\/en\/wp-json\/wp\/v2\/comments?post=3503"}],"wp:featuredmedia":[{"embeddable":true,"href":"https:\/\/sweetchef.fr\/en\/wp-json\/wp\/v2\/media\/4188"}],"wp:attachment":[{"href":"https:\/\/sweetchef.fr\/en\/wp-json\/wp\/v2\/media?parent=3503"}],"wp:term":[{"taxonomy":"product_cat","embeddable":true,"href":"https:\/\/sweetchef.fr\/en\/wp-json\/wp\/v2\/product_cat?post=3503"},{"taxonomy":"product_tag","embeddable":true,"href":"https:\/\/sweetchef.fr\/en\/wp-json\/wp\/v2\/product_tag?post=3503"}],"curies":[{"name":"wp","href":"https:\/\/api.w.org\/{rel}","templated":true}]}}