{"id":1887,"date":"2024-08-08T14:25:25","date_gmt":"2024-08-08T12:25:25","guid":{"rendered":"https:\/\/sweetchef.fr\/?post_type=product&#038;p=1887"},"modified":"2025-10-27T11:18:35","modified_gmt":"2025-10-27T10:18:35","slug":"sauce-deluxe-potatoes","status":"publish","type":"product","link":"https:\/\/sweetchef.fr\/en\/product\/sauce-deluxe-potatoes\/","title":{"rendered":"Sauce Deluxe Potatoes"},"content":{"rendered":"<p>Con\u00e7ue sp\u00e9cifiquement pour accompagner les fameuses pommes de terre Deluxe, cette sauce est onctueuse avec une pointe l\u00e9g\u00e8rement \u00e9pic\u00e9e. Elle s&#8217;accorde parfaitement avec le croustillant des pommes de terre, offrant une exp\u00e9rience gustative compl\u00e8te \u00e0 chaque bouch\u00e9e. Son go\u00fbt riche et sa texture fondante la rendent id\u00e9ale pour les snacks ou repas rapides.<\/p>","protected":false},"excerpt":{"rendered":"<p>Con\u00e7ue sp\u00e9cifiquement pour accompagner les fameuses pommes de terre Deluxe, cette sauce est onctueuse avec une pointe l\u00e9g\u00e8rement \u00e9pic\u00e9e. Elle s&#8217;accorde parfaitement avec le croustillant des pommes de terre, offrant une exp\u00e9rience gustative compl\u00e8te \u00e0 chaque bouch\u00e9e. Son go\u00fbt riche et sa texture fondante la rendent id\u00e9ale pour les snacks ou repas rapides.<\/p>","protected":false},"featured_media":3462,"comment_status":"open","ping_status":"closed","template":"","meta":{"_acf_changed":false},"product_cat":[26],"product_tag":[],"class_list":{"0":"post-1887","1":"product","2":"type-product","3":"status-publish","4":"has-post-thumbnail","6":"product_cat-les-sauces-froides","8":"first","9":"instock","10":"taxable","11":"shipping-taxable","12":"purchasable","13":"product-type-simple","14":"add-to-wishlist-before_image"},"acf":[],"yoast_head":"<!-- This site is optimized with the Yoast SEO plugin v23.4 - https:\/\/yoast.com\/wordpress\/plugins\/seo\/ -->\n<title>Sauce Deluxe Potatoes - Sweetchef<\/title>\n<meta name=\"robots\" content=\"index, follow, max-snippet:-1, max-image-preview:large, max-video-preview:-1\" \/>\n<link rel=\"canonical\" href=\"https:\/\/sweetchef.fr\/en\/product\/sauce-deluxe-potatoes\/\" \/>\n<meta property=\"og:locale\" content=\"en_US\" \/>\n<meta property=\"og:type\" content=\"article\" \/>\n<meta property=\"og:title\" content=\"Sauce Deluxe Potatoes - Sweetchef\" \/>\n<meta property=\"og:description\" content=\"Con\u00e7ue sp\u00e9cifiquement pour accompagner les fameuses pommes de terre Deluxe, cette sauce est onctueuse avec une pointe l\u00e9g\u00e8rement \u00e9pic\u00e9e. Elle s&#8217;accorde parfaitement avec le croustillant des pommes de terre, offrant une exp\u00e9rience gustative compl\u00e8te \u00e0 chaque bouch\u00e9e. Son go\u00fbt riche et sa texture fondante la rendent id\u00e9ale pour les snacks ou repas rapides.\" \/>\n<meta property=\"og:url\" content=\"https:\/\/sweetchef.fr\/en\/product\/sauce-deluxe-potatoes\/\" \/>\n<meta property=\"og:site_name\" content=\"Sweetchef\" \/>\n<meta property=\"article:modified_time\" content=\"2025-10-27T10:18:35+00:00\" \/>\n<meta property=\"og:image\" content=\"https:\/\/sweetchef.fr\/wp-content\/uploads\/2024\/08\/deluxe-potatoes.png\" \/>\n\t<meta property=\"og:image:width\" content=\"1000\" \/>\n\t<meta property=\"og:image:height\" content=\"1000\" \/>\n\t<meta property=\"og:image:type\" content=\"image\/png\" \/>\n<meta name=\"twitter:card\" content=\"summary_large_image\" \/>\n<script type=\"application\/ld+json\" class=\"yoast-schema-graph\">{\"@context\":\"https:\/\/schema.org\",\"@graph\":[{\"@type\":\"WebPage\",\"@id\":\"https:\/\/sweetchef.fr\/produit\/sauce-deluxe-potatoes\/\",\"url\":\"https:\/\/sweetchef.fr\/produit\/sauce-deluxe-potatoes\/\",\"name\":\"Sauce Deluxe Potatoes - Sweetchef\",\"isPartOf\":{\"@id\":\"https:\/\/sweetchef.fr\/#website\"},\"primaryImageOfPage\":{\"@id\":\"https:\/\/sweetchef.fr\/produit\/sauce-deluxe-potatoes\/#primaryimage\"},\"image\":{\"@id\":\"https:\/\/sweetchef.fr\/produit\/sauce-deluxe-potatoes\/#primaryimage\"},\"thumbnailUrl\":\"https:\/\/sweetchef.fr\/wp-content\/uploads\/2024\/08\/deluxe-potatoes.png\",\"datePublished\":\"2024-08-08T12:25:25+00:00\",\"dateModified\":\"2025-10-27T10:18:35+00:00\",\"breadcrumb\":{\"@id\":\"https:\/\/sweetchef.fr\/produit\/sauce-deluxe-potatoes\/#breadcrumb\"},\"inLanguage\":\"en-US\",\"potentialAction\":[{\"@type\":\"ReadAction\",\"target\":[\"https:\/\/sweetchef.fr\/produit\/sauce-deluxe-potatoes\/\"]}]},{\"@type\":\"ImageObject\",\"inLanguage\":\"en-US\",\"@id\":\"https:\/\/sweetchef.fr\/produit\/sauce-deluxe-potatoes\/#primaryimage\",\"url\":\"https:\/\/sweetchef.fr\/wp-content\/uploads\/2024\/08\/deluxe-potatoes.png\",\"contentUrl\":\"https:\/\/sweetchef.fr\/wp-content\/uploads\/2024\/08\/deluxe-potatoes.png\",\"width\":1000,\"height\":1000},{\"@type\":\"BreadcrumbList\",\"@id\":\"https:\/\/sweetchef.fr\/produit\/sauce-deluxe-potatoes\/#breadcrumb\",\"itemListElement\":[{\"@type\":\"ListItem\",\"position\":1,\"name\":\"Accueil\",\"item\":\"https:\/\/sweetchef.fr\/\"},{\"@type\":\"ListItem\",\"position\":2,\"name\":\"shop\",\"item\":\"https:\/\/sweetchef.fr\/shop\/\"},{\"@type\":\"ListItem\",\"position\":3,\"name\":\"Sauce Deluxe Potatoes\"}]},{\"@type\":\"WebSite\",\"@id\":\"https:\/\/sweetchef.fr\/#website\",\"url\":\"https:\/\/sweetchef.fr\/\",\"name\":\"Sweetchef\",\"description\":\"Le secret des chefs\",\"publisher\":{\"@id\":\"https:\/\/sweetchef.fr\/#organization\"},\"potentialAction\":[{\"@type\":\"SearchAction\",\"target\":{\"@type\":\"EntryPoint\",\"urlTemplate\":\"https:\/\/sweetchef.fr\/?s={search_term_string}\"},\"query-input\":{\"@type\":\"PropertyValueSpecification\",\"valueRequired\":true,\"valueName\":\"search_term_string\"}}],\"inLanguage\":\"en-US\"},{\"@type\":\"Organization\",\"@id\":\"https:\/\/sweetchef.fr\/#organization\",\"name\":\"SweetChef\",\"url\":\"https:\/\/sweetchef.fr\/\",\"logo\":{\"@type\":\"ImageObject\",\"inLanguage\":\"en-US\",\"@id\":\"https:\/\/sweetchef.fr\/#\/schema\/logo\/image\/\",\"url\":\"https:\/\/sweetchef.fr\/wp-content\/uploads\/2024\/04\/Logo-sweetchef-1.png\",\"contentUrl\":\"https:\/\/sweetchef.fr\/wp-content\/uploads\/2024\/04\/Logo-sweetchef-1.png\",\"width\":127,\"height\":128,\"caption\":\"SweetChef\"},\"image\":{\"@id\":\"https:\/\/sweetchef.fr\/#\/schema\/logo\/image\/\"},\"sameAs\":[\"https:\/\/www.instagram.com\/sweetchef.fr\"]}]}<\/script>\n<!-- \/ Yoast SEO plugin. -->","yoast_head_json":{"title":"Sauce Deluxe Potatoes - Sweetchef","robots":{"index":"index","follow":"follow","max-snippet":"max-snippet:-1","max-image-preview":"max-image-preview:large","max-video-preview":"max-video-preview:-1"},"canonical":"https:\/\/sweetchef.fr\/en\/product\/sauce-deluxe-potatoes\/","og_locale":"en_US","og_type":"article","og_title":"Sauce Deluxe Potatoes - Sweetchef","og_description":"Con\u00e7ue sp\u00e9cifiquement pour accompagner les fameuses pommes de terre Deluxe, cette sauce est onctueuse avec une pointe l\u00e9g\u00e8rement \u00e9pic\u00e9e. Elle s&#8217;accorde parfaitement avec le croustillant des pommes de terre, offrant une exp\u00e9rience gustative compl\u00e8te \u00e0 chaque bouch\u00e9e. Son go\u00fbt riche et sa texture fondante la rendent id\u00e9ale pour les snacks ou repas rapides.","og_url":"https:\/\/sweetchef.fr\/en\/product\/sauce-deluxe-potatoes\/","og_site_name":"Sweetchef","article_modified_time":"2025-10-27T10:18:35+00:00","og_image":[{"width":1000,"height":1000,"url":"https:\/\/sweetchef.fr\/wp-content\/uploads\/2024\/08\/deluxe-potatoes.png","type":"image\/png"}],"twitter_card":"summary_large_image","schema":{"@context":"https:\/\/schema.org","@graph":[{"@type":"WebPage","@id":"https:\/\/sweetchef.fr\/produit\/sauce-deluxe-potatoes\/","url":"https:\/\/sweetchef.fr\/produit\/sauce-deluxe-potatoes\/","name":"Sauce Deluxe Potatoes - Sweetchef","isPartOf":{"@id":"https:\/\/sweetchef.fr\/#website"},"primaryImageOfPage":{"@id":"https:\/\/sweetchef.fr\/produit\/sauce-deluxe-potatoes\/#primaryimage"},"image":{"@id":"https:\/\/sweetchef.fr\/produit\/sauce-deluxe-potatoes\/#primaryimage"},"thumbnailUrl":"https:\/\/sweetchef.fr\/wp-content\/uploads\/2024\/08\/deluxe-potatoes.png","datePublished":"2024-08-08T12:25:25+00:00","dateModified":"2025-10-27T10:18:35+00:00","breadcrumb":{"@id":"https:\/\/sweetchef.fr\/produit\/sauce-deluxe-potatoes\/#breadcrumb"},"inLanguage":"en-US","potentialAction":[{"@type":"ReadAction","target":["https:\/\/sweetchef.fr\/produit\/sauce-deluxe-potatoes\/"]}]},{"@type":"ImageObject","inLanguage":"en-US","@id":"https:\/\/sweetchef.fr\/produit\/sauce-deluxe-potatoes\/#primaryimage","url":"https:\/\/sweetchef.fr\/wp-content\/uploads\/2024\/08\/deluxe-potatoes.png","contentUrl":"https:\/\/sweetchef.fr\/wp-content\/uploads\/2024\/08\/deluxe-potatoes.png","width":1000,"height":1000},{"@type":"BreadcrumbList","@id":"https:\/\/sweetchef.fr\/produit\/sauce-deluxe-potatoes\/#breadcrumb","itemListElement":[{"@type":"ListItem","position":1,"name":"Accueil","item":"https:\/\/sweetchef.fr\/"},{"@type":"ListItem","position":2,"name":"shop","item":"https:\/\/sweetchef.fr\/shop\/"},{"@type":"ListItem","position":3,"name":"Sauce Deluxe Potatoes"}]},{"@type":"WebSite","@id":"https:\/\/sweetchef.fr\/#website","url":"https:\/\/sweetchef.fr\/","name":"Sweetchef","description":"Le secret des chefs","publisher":{"@id":"https:\/\/sweetchef.fr\/#organization"},"potentialAction":[{"@type":"SearchAction","target":{"@type":"EntryPoint","urlTemplate":"https:\/\/sweetchef.fr\/?s={search_term_string}"},"query-input":{"@type":"PropertyValueSpecification","valueRequired":true,"valueName":"search_term_string"}}],"inLanguage":"en-US"},{"@type":"Organization","@id":"https:\/\/sweetchef.fr\/#organization","name":"SweetChef","url":"https:\/\/sweetchef.fr\/","logo":{"@type":"ImageObject","inLanguage":"en-US","@id":"https:\/\/sweetchef.fr\/#\/schema\/logo\/image\/","url":"https:\/\/sweetchef.fr\/wp-content\/uploads\/2024\/04\/Logo-sweetchef-1.png","contentUrl":"https:\/\/sweetchef.fr\/wp-content\/uploads\/2024\/04\/Logo-sweetchef-1.png","width":127,"height":128,"caption":"SweetChef"},"image":{"@id":"https:\/\/sweetchef.fr\/#\/schema\/logo\/image\/"},"sameAs":["https:\/\/www.instagram.com\/sweetchef.fr"]}]}},"_links":{"self":[{"href":"https:\/\/sweetchef.fr\/en\/wp-json\/wp\/v2\/product\/1887","targetHints":{"allow":["GET"]}}],"collection":[{"href":"https:\/\/sweetchef.fr\/en\/wp-json\/wp\/v2\/product"}],"about":[{"href":"https:\/\/sweetchef.fr\/en\/wp-json\/wp\/v2\/types\/product"}],"replies":[{"embeddable":true,"href":"https:\/\/sweetchef.fr\/en\/wp-json\/wp\/v2\/comments?post=1887"}],"wp:featuredmedia":[{"embeddable":true,"href":"https:\/\/sweetchef.fr\/en\/wp-json\/wp\/v2\/media\/3462"}],"wp:attachment":[{"href":"https:\/\/sweetchef.fr\/en\/wp-json\/wp\/v2\/media?parent=1887"}],"wp:term":[{"taxonomy":"product_cat","embeddable":true,"href":"https:\/\/sweetchef.fr\/en\/wp-json\/wp\/v2\/product_cat?post=1887"},{"taxonomy":"product_tag","embeddable":true,"href":"https:\/\/sweetchef.fr\/en\/wp-json\/wp\/v2\/product_tag?post=1887"}],"curies":[{"name":"wp","href":"https:\/\/api.w.org\/{rel}","templated":true}]}}