{"id":13617,"date":"2026-04-10T14:35:07","date_gmt":"2026-04-10T12:35:07","guid":{"rendered":"https:\/\/sweetchef.fr\/?post_type=product&#038;p=13617"},"modified":"2026-04-10T15:01:20","modified_gmt":"2026-04-10T13:01:20","slug":"olives-vertes-denoyautees-165g","status":"publish","type":"product","link":"https:\/\/sweetchef.fr\/en\/product\/olives-vertes-denoyautees-165g\/","title":{"rendered":"OLIVES VERTES D\u00c9NOYAUT\u00c9ES (165g)"},"content":{"rendered":"<p data-start=\"3621\" data-end=\"3798\">Les olives vertes d\u00e9noyaut\u00e9es SweetChef sont pratiques et pr\u00eates \u00e0 l\u2019emploi, parfaites pour toutes vos recettes du quotidien.<\/p>","protected":false},"excerpt":{"rendered":"<p>Les olives vertes d\u00e9noyaut\u00e9es SweetChef sont pratiques et pr\u00eates \u00e0 l\u2019emploi, parfaites pour toutes vos recettes du quotidien.<\/p>","protected":false},"featured_media":13625,"comment_status":"open","ping_status":"closed","template":"","meta":{"_acf_changed":false},"product_cat":[49],"product_tag":[],"class_list":{"0":"post-13617","1":"product","2":"type-product","3":"status-publish","4":"has-post-thumbnail","6":"product_cat-les-toppings","8":"first","9":"instock","10":"taxable","11":"shipping-taxable","12":"purchasable","13":"product-type-simple","14":"add-to-wishlist-before_image"},"acf":[],"yoast_head":"<!-- This site is optimized with the Yoast SEO plugin v23.4 - https:\/\/yoast.com\/wordpress\/plugins\/seo\/ -->\n<title>OLIVES VERTES D\u00c9NOYAUT\u00c9ES (165g) - Sweetchef<\/title>\n<meta name=\"robots\" content=\"index, follow, max-snippet:-1, max-image-preview:large, max-video-preview:-1\" \/>\n<link rel=\"canonical\" href=\"https:\/\/sweetchef.fr\/en\/product\/olives-vertes-denoyautees-165g\/\" \/>\n<meta property=\"og:locale\" content=\"en_US\" \/>\n<meta property=\"og:type\" content=\"article\" \/>\n<meta property=\"og:title\" content=\"OLIVES VERTES D\u00c9NOYAUT\u00c9ES (165g) - Sweetchef\" \/>\n<meta property=\"og:description\" content=\"Les olives vertes d\u00e9noyaut\u00e9es SweetChef sont pratiques et pr\u00eates \u00e0 l\u2019emploi, parfaites pour toutes vos recettes du quotidien.\" \/>\n<meta property=\"og:url\" content=\"https:\/\/sweetchef.fr\/en\/product\/olives-vertes-denoyautees-165g\/\" \/>\n<meta property=\"og:site_name\" content=\"Sweetchef\" \/>\n<meta property=\"article:modified_time\" content=\"2026-04-10T13:01:20+00:00\" \/>\n<meta property=\"og:image\" content=\"https:\/\/sweetchef.fr\/wp-content\/uploads\/2026\/04\/7-1.png\" \/>\n\t<meta property=\"og:image:width\" content=\"1080\" \/>\n\t<meta property=\"og:image:height\" content=\"1350\" \/>\n\t<meta property=\"og:image:type\" content=\"image\/png\" \/>\n<meta name=\"twitter:card\" content=\"summary_large_image\" \/>\n<script type=\"application\/ld+json\" class=\"yoast-schema-graph\">{\"@context\":\"https:\/\/schema.org\",\"@graph\":[{\"@type\":\"WebPage\",\"@id\":\"https:\/\/sweetchef.fr\/produit\/olives-vertes-denoyautees-165g\/\",\"url\":\"https:\/\/sweetchef.fr\/produit\/olives-vertes-denoyautees-165g\/\",\"name\":\"OLIVES VERTES D\u00c9NOYAUT\u00c9ES (165g) - Sweetchef\",\"isPartOf\":{\"@id\":\"https:\/\/sweetchef.fr\/#website\"},\"primaryImageOfPage\":{\"@id\":\"https:\/\/sweetchef.fr\/produit\/olives-vertes-denoyautees-165g\/#primaryimage\"},\"image\":{\"@id\":\"https:\/\/sweetchef.fr\/produit\/olives-vertes-denoyautees-165g\/#primaryimage\"},\"thumbnailUrl\":\"https:\/\/sweetchef.fr\/wp-content\/uploads\/2026\/04\/7-1.png\",\"datePublished\":\"2026-04-10T12:35:07+00:00\",\"dateModified\":\"2026-04-10T13:01:20+00:00\",\"breadcrumb\":{\"@id\":\"https:\/\/sweetchef.fr\/produit\/olives-vertes-denoyautees-165g\/#breadcrumb\"},\"inLanguage\":\"en-US\",\"potentialAction\":[{\"@type\":\"ReadAction\",\"target\":[\"https:\/\/sweetchef.fr\/produit\/olives-vertes-denoyautees-165g\/\"]}]},{\"@type\":\"ImageObject\",\"inLanguage\":\"en-US\",\"@id\":\"https:\/\/sweetchef.fr\/produit\/olives-vertes-denoyautees-165g\/#primaryimage\",\"url\":\"https:\/\/sweetchef.fr\/wp-content\/uploads\/2026\/04\/7-1.png\",\"contentUrl\":\"https:\/\/sweetchef.fr\/wp-content\/uploads\/2026\/04\/7-1.png\",\"width\":1080,\"height\":1350},{\"@type\":\"BreadcrumbList\",\"@id\":\"https:\/\/sweetchef.fr\/produit\/olives-vertes-denoyautees-165g\/#breadcrumb\",\"itemListElement\":[{\"@type\":\"ListItem\",\"position\":1,\"name\":\"Accueil\",\"item\":\"https:\/\/sweetchef.fr\/\"},{\"@type\":\"ListItem\",\"position\":2,\"name\":\"shop\",\"item\":\"https:\/\/sweetchef.fr\/shop\/\"},{\"@type\":\"ListItem\",\"position\":3,\"name\":\"OLIVES VERTES D\u00c9NOYAUT\u00c9ES (165g)\"}]},{\"@type\":\"WebSite\",\"@id\":\"https:\/\/sweetchef.fr\/#website\",\"url\":\"https:\/\/sweetchef.fr\/\",\"name\":\"Sweetchef\",\"description\":\"Le secret des chefs\",\"publisher\":{\"@id\":\"https:\/\/sweetchef.fr\/#organization\"},\"potentialAction\":[{\"@type\":\"SearchAction\",\"target\":{\"@type\":\"EntryPoint\",\"urlTemplate\":\"https:\/\/sweetchef.fr\/?s={search_term_string}\"},\"query-input\":{\"@type\":\"PropertyValueSpecification\",\"valueRequired\":true,\"valueName\":\"search_term_string\"}}],\"inLanguage\":\"en-US\"},{\"@type\":\"Organization\",\"@id\":\"https:\/\/sweetchef.fr\/#organization\",\"name\":\"SweetChef\",\"url\":\"https:\/\/sweetchef.fr\/\",\"logo\":{\"@type\":\"ImageObject\",\"inLanguage\":\"en-US\",\"@id\":\"https:\/\/sweetchef.fr\/#\/schema\/logo\/image\/\",\"url\":\"https:\/\/sweetchef.fr\/wp-content\/uploads\/2024\/04\/Logo-sweetchef-1.png\",\"contentUrl\":\"https:\/\/sweetchef.fr\/wp-content\/uploads\/2024\/04\/Logo-sweetchef-1.png\",\"width\":127,\"height\":128,\"caption\":\"SweetChef\"},\"image\":{\"@id\":\"https:\/\/sweetchef.fr\/#\/schema\/logo\/image\/\"},\"sameAs\":[\"https:\/\/www.instagram.com\/sweetchef.fr\"]}]}<\/script>\n<!-- \/ Yoast SEO plugin. -->","yoast_head_json":{"title":"OLIVES VERTES D\u00c9NOYAUT\u00c9ES (165g) - Sweetchef","robots":{"index":"index","follow":"follow","max-snippet":"max-snippet:-1","max-image-preview":"max-image-preview:large","max-video-preview":"max-video-preview:-1"},"canonical":"https:\/\/sweetchef.fr\/en\/product\/olives-vertes-denoyautees-165g\/","og_locale":"en_US","og_type":"article","og_title":"OLIVES VERTES D\u00c9NOYAUT\u00c9ES (165g) - Sweetchef","og_description":"Les olives vertes d\u00e9noyaut\u00e9es SweetChef sont pratiques et pr\u00eates \u00e0 l\u2019emploi, parfaites pour toutes vos recettes du quotidien.","og_url":"https:\/\/sweetchef.fr\/en\/product\/olives-vertes-denoyautees-165g\/","og_site_name":"Sweetchef","article_modified_time":"2026-04-10T13:01:20+00:00","og_image":[{"width":1080,"height":1350,"url":"https:\/\/sweetchef.fr\/wp-content\/uploads\/2026\/04\/7-1.png","type":"image\/png"}],"twitter_card":"summary_large_image","schema":{"@context":"https:\/\/schema.org","@graph":[{"@type":"WebPage","@id":"https:\/\/sweetchef.fr\/produit\/olives-vertes-denoyautees-165g\/","url":"https:\/\/sweetchef.fr\/produit\/olives-vertes-denoyautees-165g\/","name":"OLIVES VERTES D\u00c9NOYAUT\u00c9ES (165g) - Sweetchef","isPartOf":{"@id":"https:\/\/sweetchef.fr\/#website"},"primaryImageOfPage":{"@id":"https:\/\/sweetchef.fr\/produit\/olives-vertes-denoyautees-165g\/#primaryimage"},"image":{"@id":"https:\/\/sweetchef.fr\/produit\/olives-vertes-denoyautees-165g\/#primaryimage"},"thumbnailUrl":"https:\/\/sweetchef.fr\/wp-content\/uploads\/2026\/04\/7-1.png","datePublished":"2026-04-10T12:35:07+00:00","dateModified":"2026-04-10T13:01:20+00:00","breadcrumb":{"@id":"https:\/\/sweetchef.fr\/produit\/olives-vertes-denoyautees-165g\/#breadcrumb"},"inLanguage":"en-US","potentialAction":[{"@type":"ReadAction","target":["https:\/\/sweetchef.fr\/produit\/olives-vertes-denoyautees-165g\/"]}]},{"@type":"ImageObject","inLanguage":"en-US","@id":"https:\/\/sweetchef.fr\/produit\/olives-vertes-denoyautees-165g\/#primaryimage","url":"https:\/\/sweetchef.fr\/wp-content\/uploads\/2026\/04\/7-1.png","contentUrl":"https:\/\/sweetchef.fr\/wp-content\/uploads\/2026\/04\/7-1.png","width":1080,"height":1350},{"@type":"BreadcrumbList","@id":"https:\/\/sweetchef.fr\/produit\/olives-vertes-denoyautees-165g\/#breadcrumb","itemListElement":[{"@type":"ListItem","position":1,"name":"Accueil","item":"https:\/\/sweetchef.fr\/"},{"@type":"ListItem","position":2,"name":"shop","item":"https:\/\/sweetchef.fr\/shop\/"},{"@type":"ListItem","position":3,"name":"OLIVES VERTES D\u00c9NOYAUT\u00c9ES (165g)"}]},{"@type":"WebSite","@id":"https:\/\/sweetchef.fr\/#website","url":"https:\/\/sweetchef.fr\/","name":"Sweetchef","description":"Le secret des chefs","publisher":{"@id":"https:\/\/sweetchef.fr\/#organization"},"potentialAction":[{"@type":"SearchAction","target":{"@type":"EntryPoint","urlTemplate":"https:\/\/sweetchef.fr\/?s={search_term_string}"},"query-input":{"@type":"PropertyValueSpecification","valueRequired":true,"valueName":"search_term_string"}}],"inLanguage":"en-US"},{"@type":"Organization","@id":"https:\/\/sweetchef.fr\/#organization","name":"SweetChef","url":"https:\/\/sweetchef.fr\/","logo":{"@type":"ImageObject","inLanguage":"en-US","@id":"https:\/\/sweetchef.fr\/#\/schema\/logo\/image\/","url":"https:\/\/sweetchef.fr\/wp-content\/uploads\/2024\/04\/Logo-sweetchef-1.png","contentUrl":"https:\/\/sweetchef.fr\/wp-content\/uploads\/2024\/04\/Logo-sweetchef-1.png","width":127,"height":128,"caption":"SweetChef"},"image":{"@id":"https:\/\/sweetchef.fr\/#\/schema\/logo\/image\/"},"sameAs":["https:\/\/www.instagram.com\/sweetchef.fr"]}]}},"_links":{"self":[{"href":"https:\/\/sweetchef.fr\/en\/wp-json\/wp\/v2\/product\/13617","targetHints":{"allow":["GET"]}}],"collection":[{"href":"https:\/\/sweetchef.fr\/en\/wp-json\/wp\/v2\/product"}],"about":[{"href":"https:\/\/sweetchef.fr\/en\/wp-json\/wp\/v2\/types\/product"}],"replies":[{"embeddable":true,"href":"https:\/\/sweetchef.fr\/en\/wp-json\/wp\/v2\/comments?post=13617"}],"wp:featuredmedia":[{"embeddable":true,"href":"https:\/\/sweetchef.fr\/en\/wp-json\/wp\/v2\/media\/13625"}],"wp:attachment":[{"href":"https:\/\/sweetchef.fr\/en\/wp-json\/wp\/v2\/media?parent=13617"}],"wp:term":[{"taxonomy":"product_cat","embeddable":true,"href":"https:\/\/sweetchef.fr\/en\/wp-json\/wp\/v2\/product_cat?post=13617"},{"taxonomy":"product_tag","embeddable":true,"href":"https:\/\/sweetchef.fr\/en\/wp-json\/wp\/v2\/product_tag?post=13617"}],"curies":[{"name":"wp","href":"https:\/\/api.w.org\/{rel}","templated":true}]}}