{"id":13613,"date":"2026-04-10T13:59:50","date_gmt":"2026-04-10T11:59:50","guid":{"rendered":"https:\/\/sweetchef.fr\/?post_type=product&#038;p=13613"},"modified":"2026-04-10T15:04:12","modified_gmt":"2026-04-10T13:04:12","slug":"olives-noires-a-la-grecque-entieres-235g","status":"publish","type":"product","link":"https:\/\/sweetchef.fr\/en\/product\/olives-noires-a-la-grecque-entieres-235g\/","title":{"rendered":"OLIVES NOIRES \u00c0 LA GRECQUE \u2013 ENTIERES (235g)"},"content":{"rendered":"<p data-start=\"3621\" data-end=\"3798\">Les olives noires \u00e0 la grecque SweetChef offrent une saveur intense et authentique, id\u00e9ale pour enrichir vos recettes m\u00e9diterran\u00e9ennes.<\/p>","protected":false},"excerpt":{"rendered":"<p>Les olives noires \u00e0 la grecque SweetChef offrent une saveur intense et authentique, id\u00e9ale pour enrichir vos recettes m\u00e9diterran\u00e9ennes.<\/p>","protected":false},"featured_media":13624,"comment_status":"open","ping_status":"closed","template":"","meta":{"_acf_changed":false},"product_cat":[49],"product_tag":[],"class_list":{"0":"post-13613","1":"product","2":"type-product","3":"status-publish","4":"has-post-thumbnail","6":"product_cat-les-toppings","8":"first","9":"instock","10":"taxable","11":"shipping-taxable","12":"purchasable","13":"product-type-simple","14":"add-to-wishlist-before_image"},"acf":[],"yoast_head":"<!-- This site is optimized with the Yoast SEO plugin v23.4 - https:\/\/yoast.com\/wordpress\/plugins\/seo\/ -->\n<title>OLIVES NOIRES \u00c0 LA GRECQUE \u2013 ENTIERES (235g) - Sweetchef<\/title>\n<meta name=\"robots\" content=\"index, follow, max-snippet:-1, max-image-preview:large, max-video-preview:-1\" \/>\n<link rel=\"canonical\" href=\"https:\/\/sweetchef.fr\/en\/product\/olives-noires-a-la-grecque-entieres-235g\/\" \/>\n<meta property=\"og:locale\" content=\"en_US\" \/>\n<meta property=\"og:type\" content=\"article\" \/>\n<meta property=\"og:title\" content=\"OLIVES NOIRES \u00c0 LA GRECQUE \u2013 ENTIERES (235g) - Sweetchef\" \/>\n<meta property=\"og:description\" content=\"Les olives noires \u00e0 la grecque SweetChef offrent une saveur intense et authentique, id\u00e9ale pour enrichir vos recettes m\u00e9diterran\u00e9ennes.\" \/>\n<meta property=\"og:url\" content=\"https:\/\/sweetchef.fr\/en\/product\/olives-noires-a-la-grecque-entieres-235g\/\" \/>\n<meta property=\"og:site_name\" content=\"Sweetchef\" \/>\n<meta property=\"article:modified_time\" content=\"2026-04-10T13:04:12+00:00\" \/>\n<meta property=\"og:image\" content=\"https:\/\/sweetchef.fr\/wp-content\/uploads\/2026\/04\/6-1.png\" \/>\n\t<meta property=\"og:image:width\" content=\"1080\" \/>\n\t<meta property=\"og:image:height\" content=\"1350\" \/>\n\t<meta property=\"og:image:type\" content=\"image\/png\" \/>\n<meta name=\"twitter:card\" content=\"summary_large_image\" \/>\n<script type=\"application\/ld+json\" class=\"yoast-schema-graph\">{\"@context\":\"https:\/\/schema.org\",\"@graph\":[{\"@type\":\"WebPage\",\"@id\":\"https:\/\/sweetchef.fr\/produit\/olives-noires-a-la-grecque-entieres-235g\/\",\"url\":\"https:\/\/sweetchef.fr\/produit\/olives-noires-a-la-grecque-entieres-235g\/\",\"name\":\"OLIVES NOIRES \u00c0 LA GRECQUE \u2013 ENTIERES (235g) - Sweetchef\",\"isPartOf\":{\"@id\":\"https:\/\/sweetchef.fr\/#website\"},\"primaryImageOfPage\":{\"@id\":\"https:\/\/sweetchef.fr\/produit\/olives-noires-a-la-grecque-entieres-235g\/#primaryimage\"},\"image\":{\"@id\":\"https:\/\/sweetchef.fr\/produit\/olives-noires-a-la-grecque-entieres-235g\/#primaryimage\"},\"thumbnailUrl\":\"https:\/\/sweetchef.fr\/wp-content\/uploads\/2026\/04\/6-1.png\",\"datePublished\":\"2026-04-10T11:59:50+00:00\",\"dateModified\":\"2026-04-10T13:04:12+00:00\",\"breadcrumb\":{\"@id\":\"https:\/\/sweetchef.fr\/produit\/olives-noires-a-la-grecque-entieres-235g\/#breadcrumb\"},\"inLanguage\":\"en-US\",\"potentialAction\":[{\"@type\":\"ReadAction\",\"target\":[\"https:\/\/sweetchef.fr\/produit\/olives-noires-a-la-grecque-entieres-235g\/\"]}]},{\"@type\":\"ImageObject\",\"inLanguage\":\"en-US\",\"@id\":\"https:\/\/sweetchef.fr\/produit\/olives-noires-a-la-grecque-entieres-235g\/#primaryimage\",\"url\":\"https:\/\/sweetchef.fr\/wp-content\/uploads\/2026\/04\/6-1.png\",\"contentUrl\":\"https:\/\/sweetchef.fr\/wp-content\/uploads\/2026\/04\/6-1.png\",\"width\":1080,\"height\":1350},{\"@type\":\"BreadcrumbList\",\"@id\":\"https:\/\/sweetchef.fr\/produit\/olives-noires-a-la-grecque-entieres-235g\/#breadcrumb\",\"itemListElement\":[{\"@type\":\"ListItem\",\"position\":1,\"name\":\"Accueil\",\"item\":\"https:\/\/sweetchef.fr\/\"},{\"@type\":\"ListItem\",\"position\":2,\"name\":\"shop\",\"item\":\"https:\/\/sweetchef.fr\/shop\/\"},{\"@type\":\"ListItem\",\"position\":3,\"name\":\"OLIVES NOIRES \u00c0 LA GRECQUE \u2013 ENTIERES (235g)\"}]},{\"@type\":\"WebSite\",\"@id\":\"https:\/\/sweetchef.fr\/#website\",\"url\":\"https:\/\/sweetchef.fr\/\",\"name\":\"Sweetchef\",\"description\":\"Le secret des chefs\",\"publisher\":{\"@id\":\"https:\/\/sweetchef.fr\/#organization\"},\"potentialAction\":[{\"@type\":\"SearchAction\",\"target\":{\"@type\":\"EntryPoint\",\"urlTemplate\":\"https:\/\/sweetchef.fr\/?s={search_term_string}\"},\"query-input\":{\"@type\":\"PropertyValueSpecification\",\"valueRequired\":true,\"valueName\":\"search_term_string\"}}],\"inLanguage\":\"en-US\"},{\"@type\":\"Organization\",\"@id\":\"https:\/\/sweetchef.fr\/#organization\",\"name\":\"SweetChef\",\"url\":\"https:\/\/sweetchef.fr\/\",\"logo\":{\"@type\":\"ImageObject\",\"inLanguage\":\"en-US\",\"@id\":\"https:\/\/sweetchef.fr\/#\/schema\/logo\/image\/\",\"url\":\"https:\/\/sweetchef.fr\/wp-content\/uploads\/2024\/04\/Logo-sweetchef-1.png\",\"contentUrl\":\"https:\/\/sweetchef.fr\/wp-content\/uploads\/2024\/04\/Logo-sweetchef-1.png\",\"width\":127,\"height\":128,\"caption\":\"SweetChef\"},\"image\":{\"@id\":\"https:\/\/sweetchef.fr\/#\/schema\/logo\/image\/\"},\"sameAs\":[\"https:\/\/www.instagram.com\/sweetchef.fr\"]}]}<\/script>\n<!-- \/ Yoast SEO plugin. -->","yoast_head_json":{"title":"OLIVES NOIRES \u00c0 LA GRECQUE \u2013 ENTIERES (235g) - Sweetchef","robots":{"index":"index","follow":"follow","max-snippet":"max-snippet:-1","max-image-preview":"max-image-preview:large","max-video-preview":"max-video-preview:-1"},"canonical":"https:\/\/sweetchef.fr\/en\/product\/olives-noires-a-la-grecque-entieres-235g\/","og_locale":"en_US","og_type":"article","og_title":"OLIVES NOIRES \u00c0 LA GRECQUE \u2013 ENTIERES (235g) - Sweetchef","og_description":"Les olives noires \u00e0 la grecque SweetChef offrent une saveur intense et authentique, id\u00e9ale pour enrichir vos recettes m\u00e9diterran\u00e9ennes.","og_url":"https:\/\/sweetchef.fr\/en\/product\/olives-noires-a-la-grecque-entieres-235g\/","og_site_name":"Sweetchef","article_modified_time":"2026-04-10T13:04:12+00:00","og_image":[{"width":1080,"height":1350,"url":"https:\/\/sweetchef.fr\/wp-content\/uploads\/2026\/04\/6-1.png","type":"image\/png"}],"twitter_card":"summary_large_image","schema":{"@context":"https:\/\/schema.org","@graph":[{"@type":"WebPage","@id":"https:\/\/sweetchef.fr\/produit\/olives-noires-a-la-grecque-entieres-235g\/","url":"https:\/\/sweetchef.fr\/produit\/olives-noires-a-la-grecque-entieres-235g\/","name":"OLIVES NOIRES \u00c0 LA GRECQUE \u2013 ENTIERES (235g) - Sweetchef","isPartOf":{"@id":"https:\/\/sweetchef.fr\/#website"},"primaryImageOfPage":{"@id":"https:\/\/sweetchef.fr\/produit\/olives-noires-a-la-grecque-entieres-235g\/#primaryimage"},"image":{"@id":"https:\/\/sweetchef.fr\/produit\/olives-noires-a-la-grecque-entieres-235g\/#primaryimage"},"thumbnailUrl":"https:\/\/sweetchef.fr\/wp-content\/uploads\/2026\/04\/6-1.png","datePublished":"2026-04-10T11:59:50+00:00","dateModified":"2026-04-10T13:04:12+00:00","breadcrumb":{"@id":"https:\/\/sweetchef.fr\/produit\/olives-noires-a-la-grecque-entieres-235g\/#breadcrumb"},"inLanguage":"en-US","potentialAction":[{"@type":"ReadAction","target":["https:\/\/sweetchef.fr\/produit\/olives-noires-a-la-grecque-entieres-235g\/"]}]},{"@type":"ImageObject","inLanguage":"en-US","@id":"https:\/\/sweetchef.fr\/produit\/olives-noires-a-la-grecque-entieres-235g\/#primaryimage","url":"https:\/\/sweetchef.fr\/wp-content\/uploads\/2026\/04\/6-1.png","contentUrl":"https:\/\/sweetchef.fr\/wp-content\/uploads\/2026\/04\/6-1.png","width":1080,"height":1350},{"@type":"BreadcrumbList","@id":"https:\/\/sweetchef.fr\/produit\/olives-noires-a-la-grecque-entieres-235g\/#breadcrumb","itemListElement":[{"@type":"ListItem","position":1,"name":"Accueil","item":"https:\/\/sweetchef.fr\/"},{"@type":"ListItem","position":2,"name":"shop","item":"https:\/\/sweetchef.fr\/shop\/"},{"@type":"ListItem","position":3,"name":"OLIVES NOIRES \u00c0 LA GRECQUE \u2013 ENTIERES (235g)"}]},{"@type":"WebSite","@id":"https:\/\/sweetchef.fr\/#website","url":"https:\/\/sweetchef.fr\/","name":"Sweetchef","description":"Le secret des chefs","publisher":{"@id":"https:\/\/sweetchef.fr\/#organization"},"potentialAction":[{"@type":"SearchAction","target":{"@type":"EntryPoint","urlTemplate":"https:\/\/sweetchef.fr\/?s={search_term_string}"},"query-input":{"@type":"PropertyValueSpecification","valueRequired":true,"valueName":"search_term_string"}}],"inLanguage":"en-US"},{"@type":"Organization","@id":"https:\/\/sweetchef.fr\/#organization","name":"SweetChef","url":"https:\/\/sweetchef.fr\/","logo":{"@type":"ImageObject","inLanguage":"en-US","@id":"https:\/\/sweetchef.fr\/#\/schema\/logo\/image\/","url":"https:\/\/sweetchef.fr\/wp-content\/uploads\/2024\/04\/Logo-sweetchef-1.png","contentUrl":"https:\/\/sweetchef.fr\/wp-content\/uploads\/2024\/04\/Logo-sweetchef-1.png","width":127,"height":128,"caption":"SweetChef"},"image":{"@id":"https:\/\/sweetchef.fr\/#\/schema\/logo\/image\/"},"sameAs":["https:\/\/www.instagram.com\/sweetchef.fr"]}]}},"_links":{"self":[{"href":"https:\/\/sweetchef.fr\/en\/wp-json\/wp\/v2\/product\/13613","targetHints":{"allow":["GET"]}}],"collection":[{"href":"https:\/\/sweetchef.fr\/en\/wp-json\/wp\/v2\/product"}],"about":[{"href":"https:\/\/sweetchef.fr\/en\/wp-json\/wp\/v2\/types\/product"}],"replies":[{"embeddable":true,"href":"https:\/\/sweetchef.fr\/en\/wp-json\/wp\/v2\/comments?post=13613"}],"wp:featuredmedia":[{"embeddable":true,"href":"https:\/\/sweetchef.fr\/en\/wp-json\/wp\/v2\/media\/13624"}],"wp:attachment":[{"href":"https:\/\/sweetchef.fr\/en\/wp-json\/wp\/v2\/media?parent=13613"}],"wp:term":[{"taxonomy":"product_cat","embeddable":true,"href":"https:\/\/sweetchef.fr\/en\/wp-json\/wp\/v2\/product_cat?post=13613"},{"taxonomy":"product_tag","embeddable":true,"href":"https:\/\/sweetchef.fr\/en\/wp-json\/wp\/v2\/product_tag?post=13613"}],"curies":[{"name":"wp","href":"https:\/\/api.w.org\/{rel}","templated":true}]}}