{"id":13043,"date":"2026-03-05T14:01:11","date_gmt":"2026-03-05T13:01:11","guid":{"rendered":"https:\/\/sweetchef.fr\/?post_type=product&#038;p=13043"},"modified":"2026-03-30T14:09:36","modified_gmt":"2026-03-30T12:09:36","slug":"fond-gout-smen","status":"publish","type":"product","link":"https:\/\/sweetchef.fr\/en\/product\/fond-gout-smen\/","title":{"rendered":"FOND GO\u00dbT SMEN"},"content":{"rendered":"<p data-start=\"171\" data-end=\"485\">Le <strong data-start=\"174\" data-end=\"202\">Fond go\u00fbt Smen SweetChef<\/strong> est un assaisonnement culinaire inspir\u00e9 du go\u00fbt authentique du <strong data-start=\"266\" data-end=\"287\">smen traditionnel<\/strong>, con\u00e7u pour sublimer vos pr\u00e9parations.<br data-start=\"326\" data-end=\"329\" \/>Il apporte une <strong data-start=\"344\" data-end=\"372\">saveur riche et profonde<\/strong> \u00e0 vos sauces, plats mijot\u00e9s et cuissons, tout en facilitant la pr\u00e9paration de recettes savoureuses au quotidien.<\/p>\n<p data-start=\"487\" data-end=\"643\">Id\u00e9al pour relever les plats traditionnels et modernes, il s\u2019int\u00e8gre facilement dans de nombreuses recettes pour une <strong data-start=\"604\" data-end=\"642\">cuisine plus gourmande et parfum\u00e9e<\/strong>.<\/p>","protected":false},"excerpt":{"rendered":"<p>Le Fond go\u00fbt Smen SweetChef est un assaisonnement culinaire inspir\u00e9 du go\u00fbt authentique du smen traditionnel, con\u00e7u pour sublimer vos pr\u00e9parations.Il apporte une saveur riche et profonde \u00e0 vos sauces, plats mijot\u00e9s et cuissons, tout en facilitant la pr\u00e9paration de recettes savoureuses au quotidien. Id\u00e9al pour relever les plats traditionnels et modernes, il s\u2019int\u00e8gre facilement [&hellip;]<\/p>","protected":false},"featured_media":13450,"comment_status":"open","ping_status":"closed","template":"","meta":{"_acf_changed":false},"product_cat":[41],"product_tag":[],"class_list":{"0":"post-13043","1":"product","2":"type-product","3":"status-publish","4":"has-post-thumbnail","6":"product_cat-les-fonds","8":"first","9":"instock","10":"taxable","11":"shipping-taxable","12":"purchasable","13":"product-type-simple","14":"add-to-wishlist-before_image"},"acf":[],"yoast_head":"<!-- This site is optimized with the Yoast SEO plugin v23.4 - https:\/\/yoast.com\/wordpress\/plugins\/seo\/ -->\n<title>FOND GO\u00dbT SMEN - Sweetchef<\/title>\n<meta name=\"robots\" content=\"index, follow, max-snippet:-1, max-image-preview:large, max-video-preview:-1\" \/>\n<link rel=\"canonical\" href=\"https:\/\/sweetchef.fr\/en\/product\/fond-gout-smen\/\" \/>\n<meta property=\"og:locale\" content=\"en_US\" \/>\n<meta property=\"og:type\" content=\"article\" \/>\n<meta property=\"og:title\" content=\"FOND GO\u00dbT SMEN - Sweetchef\" \/>\n<meta property=\"og:description\" content=\"Le Fond go\u00fbt Smen SweetChef est un assaisonnement culinaire inspir\u00e9 du go\u00fbt authentique du smen traditionnel, con\u00e7u pour sublimer vos pr\u00e9parations.Il apporte une saveur riche et profonde \u00e0 vos sauces, plats mijot\u00e9s et cuissons, tout en facilitant la pr\u00e9paration de recettes savoureuses au quotidien. Id\u00e9al pour relever les plats traditionnels et modernes, il s\u2019int\u00e8gre facilement [&hellip;]\" \/>\n<meta property=\"og:url\" content=\"https:\/\/sweetchef.fr\/en\/product\/fond-gout-smen\/\" \/>\n<meta property=\"og:site_name\" content=\"Sweetchef\" \/>\n<meta property=\"article:modified_time\" content=\"2026-03-30T12:09:36+00:00\" \/>\n<meta property=\"og:image\" content=\"https:\/\/sweetchef.fr\/wp-content\/uploads\/2026\/03\/Design-sans-titre-13.png\" \/>\n\t<meta property=\"og:image:width\" content=\"1080\" \/>\n\t<meta property=\"og:image:height\" content=\"1080\" \/>\n\t<meta property=\"og:image:type\" content=\"image\/png\" \/>\n<meta name=\"twitter:card\" content=\"summary_large_image\" \/>\n<script type=\"application\/ld+json\" class=\"yoast-schema-graph\">{\"@context\":\"https:\/\/schema.org\",\"@graph\":[{\"@type\":\"WebPage\",\"@id\":\"https:\/\/sweetchef.fr\/produit\/fond-gout-smen\/\",\"url\":\"https:\/\/sweetchef.fr\/produit\/fond-gout-smen\/\",\"name\":\"FOND GO\u00dbT SMEN - Sweetchef\",\"isPartOf\":{\"@id\":\"https:\/\/sweetchef.fr\/#website\"},\"primaryImageOfPage\":{\"@id\":\"https:\/\/sweetchef.fr\/produit\/fond-gout-smen\/#primaryimage\"},\"image\":{\"@id\":\"https:\/\/sweetchef.fr\/produit\/fond-gout-smen\/#primaryimage\"},\"thumbnailUrl\":\"https:\/\/sweetchef.fr\/wp-content\/uploads\/2026\/03\/Design-sans-titre-13.png\",\"datePublished\":\"2026-03-05T13:01:11+00:00\",\"dateModified\":\"2026-03-30T12:09:36+00:00\",\"breadcrumb\":{\"@id\":\"https:\/\/sweetchef.fr\/produit\/fond-gout-smen\/#breadcrumb\"},\"inLanguage\":\"en-US\",\"potentialAction\":[{\"@type\":\"ReadAction\",\"target\":[\"https:\/\/sweetchef.fr\/produit\/fond-gout-smen\/\"]}]},{\"@type\":\"ImageObject\",\"inLanguage\":\"en-US\",\"@id\":\"https:\/\/sweetchef.fr\/produit\/fond-gout-smen\/#primaryimage\",\"url\":\"https:\/\/sweetchef.fr\/wp-content\/uploads\/2026\/03\/Design-sans-titre-13.png\",\"contentUrl\":\"https:\/\/sweetchef.fr\/wp-content\/uploads\/2026\/03\/Design-sans-titre-13.png\",\"width\":1080,\"height\":1080},{\"@type\":\"BreadcrumbList\",\"@id\":\"https:\/\/sweetchef.fr\/produit\/fond-gout-smen\/#breadcrumb\",\"itemListElement\":[{\"@type\":\"ListItem\",\"position\":1,\"name\":\"Accueil\",\"item\":\"https:\/\/sweetchef.fr\/\"},{\"@type\":\"ListItem\",\"position\":2,\"name\":\"shop\",\"item\":\"https:\/\/sweetchef.fr\/shop\/\"},{\"@type\":\"ListItem\",\"position\":3,\"name\":\"FOND GO\u00dbT SMEN\"}]},{\"@type\":\"WebSite\",\"@id\":\"https:\/\/sweetchef.fr\/#website\",\"url\":\"https:\/\/sweetchef.fr\/\",\"name\":\"Sweetchef\",\"description\":\"Le secret des chefs\",\"publisher\":{\"@id\":\"https:\/\/sweetchef.fr\/#organization\"},\"potentialAction\":[{\"@type\":\"SearchAction\",\"target\":{\"@type\":\"EntryPoint\",\"urlTemplate\":\"https:\/\/sweetchef.fr\/?s={search_term_string}\"},\"query-input\":{\"@type\":\"PropertyValueSpecification\",\"valueRequired\":true,\"valueName\":\"search_term_string\"}}],\"inLanguage\":\"en-US\"},{\"@type\":\"Organization\",\"@id\":\"https:\/\/sweetchef.fr\/#organization\",\"name\":\"SweetChef\",\"url\":\"https:\/\/sweetchef.fr\/\",\"logo\":{\"@type\":\"ImageObject\",\"inLanguage\":\"en-US\",\"@id\":\"https:\/\/sweetchef.fr\/#\/schema\/logo\/image\/\",\"url\":\"https:\/\/sweetchef.fr\/wp-content\/uploads\/2024\/04\/Logo-sweetchef-1.png\",\"contentUrl\":\"https:\/\/sweetchef.fr\/wp-content\/uploads\/2024\/04\/Logo-sweetchef-1.png\",\"width\":127,\"height\":128,\"caption\":\"SweetChef\"},\"image\":{\"@id\":\"https:\/\/sweetchef.fr\/#\/schema\/logo\/image\/\"},\"sameAs\":[\"https:\/\/www.instagram.com\/sweetchef.fr\"]}]}<\/script>\n<!-- \/ Yoast SEO plugin. -->","yoast_head_json":{"title":"FOND GO\u00dbT SMEN - Sweetchef","robots":{"index":"index","follow":"follow","max-snippet":"max-snippet:-1","max-image-preview":"max-image-preview:large","max-video-preview":"max-video-preview:-1"},"canonical":"https:\/\/sweetchef.fr\/en\/product\/fond-gout-smen\/","og_locale":"en_US","og_type":"article","og_title":"FOND GO\u00dbT SMEN - Sweetchef","og_description":"Le Fond go\u00fbt Smen SweetChef est un assaisonnement culinaire inspir\u00e9 du go\u00fbt authentique du smen traditionnel, con\u00e7u pour sublimer vos pr\u00e9parations.Il apporte une saveur riche et profonde \u00e0 vos sauces, plats mijot\u00e9s et cuissons, tout en facilitant la pr\u00e9paration de recettes savoureuses au quotidien. Id\u00e9al pour relever les plats traditionnels et modernes, il s\u2019int\u00e8gre facilement [&hellip;]","og_url":"https:\/\/sweetchef.fr\/en\/product\/fond-gout-smen\/","og_site_name":"Sweetchef","article_modified_time":"2026-03-30T12:09:36+00:00","og_image":[{"width":1080,"height":1080,"url":"https:\/\/sweetchef.fr\/wp-content\/uploads\/2026\/03\/Design-sans-titre-13.png","type":"image\/png"}],"twitter_card":"summary_large_image","schema":{"@context":"https:\/\/schema.org","@graph":[{"@type":"WebPage","@id":"https:\/\/sweetchef.fr\/produit\/fond-gout-smen\/","url":"https:\/\/sweetchef.fr\/produit\/fond-gout-smen\/","name":"FOND GO\u00dbT SMEN - Sweetchef","isPartOf":{"@id":"https:\/\/sweetchef.fr\/#website"},"primaryImageOfPage":{"@id":"https:\/\/sweetchef.fr\/produit\/fond-gout-smen\/#primaryimage"},"image":{"@id":"https:\/\/sweetchef.fr\/produit\/fond-gout-smen\/#primaryimage"},"thumbnailUrl":"https:\/\/sweetchef.fr\/wp-content\/uploads\/2026\/03\/Design-sans-titre-13.png","datePublished":"2026-03-05T13:01:11+00:00","dateModified":"2026-03-30T12:09:36+00:00","breadcrumb":{"@id":"https:\/\/sweetchef.fr\/produit\/fond-gout-smen\/#breadcrumb"},"inLanguage":"en-US","potentialAction":[{"@type":"ReadAction","target":["https:\/\/sweetchef.fr\/produit\/fond-gout-smen\/"]}]},{"@type":"ImageObject","inLanguage":"en-US","@id":"https:\/\/sweetchef.fr\/produit\/fond-gout-smen\/#primaryimage","url":"https:\/\/sweetchef.fr\/wp-content\/uploads\/2026\/03\/Design-sans-titre-13.png","contentUrl":"https:\/\/sweetchef.fr\/wp-content\/uploads\/2026\/03\/Design-sans-titre-13.png","width":1080,"height":1080},{"@type":"BreadcrumbList","@id":"https:\/\/sweetchef.fr\/produit\/fond-gout-smen\/#breadcrumb","itemListElement":[{"@type":"ListItem","position":1,"name":"Accueil","item":"https:\/\/sweetchef.fr\/"},{"@type":"ListItem","position":2,"name":"shop","item":"https:\/\/sweetchef.fr\/shop\/"},{"@type":"ListItem","position":3,"name":"FOND GO\u00dbT SMEN"}]},{"@type":"WebSite","@id":"https:\/\/sweetchef.fr\/#website","url":"https:\/\/sweetchef.fr\/","name":"Sweetchef","description":"Le secret des chefs","publisher":{"@id":"https:\/\/sweetchef.fr\/#organization"},"potentialAction":[{"@type":"SearchAction","target":{"@type":"EntryPoint","urlTemplate":"https:\/\/sweetchef.fr\/?s={search_term_string}"},"query-input":{"@type":"PropertyValueSpecification","valueRequired":true,"valueName":"search_term_string"}}],"inLanguage":"en-US"},{"@type":"Organization","@id":"https:\/\/sweetchef.fr\/#organization","name":"SweetChef","url":"https:\/\/sweetchef.fr\/","logo":{"@type":"ImageObject","inLanguage":"en-US","@id":"https:\/\/sweetchef.fr\/#\/schema\/logo\/image\/","url":"https:\/\/sweetchef.fr\/wp-content\/uploads\/2024\/04\/Logo-sweetchef-1.png","contentUrl":"https:\/\/sweetchef.fr\/wp-content\/uploads\/2024\/04\/Logo-sweetchef-1.png","width":127,"height":128,"caption":"SweetChef"},"image":{"@id":"https:\/\/sweetchef.fr\/#\/schema\/logo\/image\/"},"sameAs":["https:\/\/www.instagram.com\/sweetchef.fr"]}]}},"_links":{"self":[{"href":"https:\/\/sweetchef.fr\/en\/wp-json\/wp\/v2\/product\/13043","targetHints":{"allow":["GET"]}}],"collection":[{"href":"https:\/\/sweetchef.fr\/en\/wp-json\/wp\/v2\/product"}],"about":[{"href":"https:\/\/sweetchef.fr\/en\/wp-json\/wp\/v2\/types\/product"}],"replies":[{"embeddable":true,"href":"https:\/\/sweetchef.fr\/en\/wp-json\/wp\/v2\/comments?post=13043"}],"wp:featuredmedia":[{"embeddable":true,"href":"https:\/\/sweetchef.fr\/en\/wp-json\/wp\/v2\/media\/13450"}],"wp:attachment":[{"href":"https:\/\/sweetchef.fr\/en\/wp-json\/wp\/v2\/media?parent=13043"}],"wp:term":[{"taxonomy":"product_cat","embeddable":true,"href":"https:\/\/sweetchef.fr\/en\/wp-json\/wp\/v2\/product_cat?post=13043"},{"taxonomy":"product_tag","embeddable":true,"href":"https:\/\/sweetchef.fr\/en\/wp-json\/wp\/v2\/product_tag?post=13043"}],"curies":[{"name":"wp","href":"https:\/\/api.w.org\/{rel}","templated":true}]}}