{"id":13024,"date":"2026-03-05T12:53:01","date_gmt":"2026-03-05T11:53:01","guid":{"rendered":"https:\/\/sweetchef.fr\/?post_type=product&#038;p=13024"},"modified":"2026-03-05T12:58:16","modified_gmt":"2026-03-05T11:58:16","slug":"sauce-indian-korma","status":"publish","type":"product","link":"https:\/\/sweetchef.fr\/en\/product\/sauce-indian-korma\/","title":{"rendered":"Sauce Indian Korma"},"content":{"rendered":"<p data-start=\"4392\" data-end=\"4715\">La sauce Indian Korma SweetChef est une sauce indienne douce et cr\u00e9meuse inspir\u00e9e des recettes traditionnelles. Gr\u00e2ce \u00e0 l\u2019alliance du lait de coco, des \u00e9pices et de la tomate, elle apporte une texture onctueuse et un go\u00fbt d\u00e9licatement parfum\u00e9. Id\u00e9ale pour pr\u00e9parer rapidement un curry doux \u00e0 base de poulet, l\u00e9gumes ou riz.<\/p>","protected":false},"excerpt":{"rendered":"<p>La sauce Indian Korma SweetChef est une sauce indienne douce et cr\u00e9meuse inspir\u00e9e des recettes traditionnelles. Gr\u00e2ce \u00e0 l\u2019alliance du lait de coco, des \u00e9pices et de la tomate, elle apporte une texture onctueuse et un go\u00fbt d\u00e9licatement parfum\u00e9. Id\u00e9ale pour pr\u00e9parer rapidement un curry doux \u00e0 base de poulet, l\u00e9gumes ou riz.<\/p>","protected":false},"featured_media":13016,"comment_status":"open","ping_status":"closed","template":"","meta":{"_acf_changed":false},"product_cat":[57],"product_tag":[],"class_list":{"0":"post-13024","1":"product","2":"type-product","3":"status-publish","4":"has-post-thumbnail","6":"product_cat-les-sauces-pasta","8":"first","9":"instock","10":"taxable","11":"shipping-taxable","12":"purchasable","13":"product-type-simple","14":"add-to-wishlist-before_image"},"acf":[],"yoast_head":"<!-- This site is optimized with the Yoast SEO plugin v23.4 - https:\/\/yoast.com\/wordpress\/plugins\/seo\/ -->\n<title>Sauce Indian Korma - Sweetchef<\/title>\n<meta name=\"robots\" content=\"index, follow, max-snippet:-1, max-image-preview:large, max-video-preview:-1\" \/>\n<link rel=\"canonical\" href=\"https:\/\/sweetchef.fr\/en\/product\/sauce-indian-korma\/\" \/>\n<meta property=\"og:locale\" content=\"en_US\" \/>\n<meta property=\"og:type\" content=\"article\" \/>\n<meta property=\"og:title\" content=\"Sauce Indian Korma - Sweetchef\" \/>\n<meta property=\"og:description\" content=\"La sauce Indian Korma SweetChef est une sauce indienne douce et cr\u00e9meuse inspir\u00e9e des recettes traditionnelles. Gr\u00e2ce \u00e0 l\u2019alliance du lait de coco, des \u00e9pices et de la tomate, elle apporte une texture onctueuse et un go\u00fbt d\u00e9licatement parfum\u00e9. Id\u00e9ale pour pr\u00e9parer rapidement un curry doux \u00e0 base de poulet, l\u00e9gumes ou riz.\" \/>\n<meta property=\"og:url\" content=\"https:\/\/sweetchef.fr\/en\/product\/sauce-indian-korma\/\" \/>\n<meta property=\"og:site_name\" content=\"Sweetchef\" \/>\n<meta property=\"article:modified_time\" content=\"2026-03-05T11:58:16+00:00\" \/>\n<meta property=\"og:image\" content=\"https:\/\/sweetchef.fr\/wp-content\/uploads\/2026\/03\/korma.png\" \/>\n\t<meta property=\"og:image:width\" content=\"591\" \/>\n\t<meta property=\"og:image:height\" content=\"899\" \/>\n\t<meta property=\"og:image:type\" content=\"image\/png\" \/>\n<meta name=\"twitter:card\" content=\"summary_large_image\" \/>\n<script type=\"application\/ld+json\" class=\"yoast-schema-graph\">{\"@context\":\"https:\/\/schema.org\",\"@graph\":[{\"@type\":\"WebPage\",\"@id\":\"https:\/\/sweetchef.fr\/produit\/sauce-indian-korma\/\",\"url\":\"https:\/\/sweetchef.fr\/produit\/sauce-indian-korma\/\",\"name\":\"Sauce Indian Korma - Sweetchef\",\"isPartOf\":{\"@id\":\"https:\/\/sweetchef.fr\/#website\"},\"primaryImageOfPage\":{\"@id\":\"https:\/\/sweetchef.fr\/produit\/sauce-indian-korma\/#primaryimage\"},\"image\":{\"@id\":\"https:\/\/sweetchef.fr\/produit\/sauce-indian-korma\/#primaryimage\"},\"thumbnailUrl\":\"https:\/\/sweetchef.fr\/wp-content\/uploads\/2026\/03\/korma.png\",\"datePublished\":\"2026-03-05T11:53:01+00:00\",\"dateModified\":\"2026-03-05T11:58:16+00:00\",\"breadcrumb\":{\"@id\":\"https:\/\/sweetchef.fr\/produit\/sauce-indian-korma\/#breadcrumb\"},\"inLanguage\":\"en-US\",\"potentialAction\":[{\"@type\":\"ReadAction\",\"target\":[\"https:\/\/sweetchef.fr\/produit\/sauce-indian-korma\/\"]}]},{\"@type\":\"ImageObject\",\"inLanguage\":\"en-US\",\"@id\":\"https:\/\/sweetchef.fr\/produit\/sauce-indian-korma\/#primaryimage\",\"url\":\"https:\/\/sweetchef.fr\/wp-content\/uploads\/2026\/03\/korma.png\",\"contentUrl\":\"https:\/\/sweetchef.fr\/wp-content\/uploads\/2026\/03\/korma.png\",\"width\":591,\"height\":899},{\"@type\":\"BreadcrumbList\",\"@id\":\"https:\/\/sweetchef.fr\/produit\/sauce-indian-korma\/#breadcrumb\",\"itemListElement\":[{\"@type\":\"ListItem\",\"position\":1,\"name\":\"Accueil\",\"item\":\"https:\/\/sweetchef.fr\/\"},{\"@type\":\"ListItem\",\"position\":2,\"name\":\"shop\",\"item\":\"https:\/\/sweetchef.fr\/shop\/\"},{\"@type\":\"ListItem\",\"position\":3,\"name\":\"Sauce Indian Korma\"}]},{\"@type\":\"WebSite\",\"@id\":\"https:\/\/sweetchef.fr\/#website\",\"url\":\"https:\/\/sweetchef.fr\/\",\"name\":\"Sweetchef\",\"description\":\"Le secret des chefs\",\"publisher\":{\"@id\":\"https:\/\/sweetchef.fr\/#organization\"},\"potentialAction\":[{\"@type\":\"SearchAction\",\"target\":{\"@type\":\"EntryPoint\",\"urlTemplate\":\"https:\/\/sweetchef.fr\/?s={search_term_string}\"},\"query-input\":{\"@type\":\"PropertyValueSpecification\",\"valueRequired\":true,\"valueName\":\"search_term_string\"}}],\"inLanguage\":\"en-US\"},{\"@type\":\"Organization\",\"@id\":\"https:\/\/sweetchef.fr\/#organization\",\"name\":\"SweetChef\",\"url\":\"https:\/\/sweetchef.fr\/\",\"logo\":{\"@type\":\"ImageObject\",\"inLanguage\":\"en-US\",\"@id\":\"https:\/\/sweetchef.fr\/#\/schema\/logo\/image\/\",\"url\":\"https:\/\/sweetchef.fr\/wp-content\/uploads\/2024\/04\/Logo-sweetchef-1.png\",\"contentUrl\":\"https:\/\/sweetchef.fr\/wp-content\/uploads\/2024\/04\/Logo-sweetchef-1.png\",\"width\":127,\"height\":128,\"caption\":\"SweetChef\"},\"image\":{\"@id\":\"https:\/\/sweetchef.fr\/#\/schema\/logo\/image\/\"},\"sameAs\":[\"https:\/\/www.instagram.com\/sweetchef.fr\"]}]}<\/script>\n<!-- \/ Yoast SEO plugin. -->","yoast_head_json":{"title":"Sauce Indian Korma - Sweetchef","robots":{"index":"index","follow":"follow","max-snippet":"max-snippet:-1","max-image-preview":"max-image-preview:large","max-video-preview":"max-video-preview:-1"},"canonical":"https:\/\/sweetchef.fr\/en\/product\/sauce-indian-korma\/","og_locale":"en_US","og_type":"article","og_title":"Sauce Indian Korma - Sweetchef","og_description":"La sauce Indian Korma SweetChef est une sauce indienne douce et cr\u00e9meuse inspir\u00e9e des recettes traditionnelles. Gr\u00e2ce \u00e0 l\u2019alliance du lait de coco, des \u00e9pices et de la tomate, elle apporte une texture onctueuse et un go\u00fbt d\u00e9licatement parfum\u00e9. Id\u00e9ale pour pr\u00e9parer rapidement un curry doux \u00e0 base de poulet, l\u00e9gumes ou riz.","og_url":"https:\/\/sweetchef.fr\/en\/product\/sauce-indian-korma\/","og_site_name":"Sweetchef","article_modified_time":"2026-03-05T11:58:16+00:00","og_image":[{"width":591,"height":899,"url":"https:\/\/sweetchef.fr\/wp-content\/uploads\/2026\/03\/korma.png","type":"image\/png"}],"twitter_card":"summary_large_image","schema":{"@context":"https:\/\/schema.org","@graph":[{"@type":"WebPage","@id":"https:\/\/sweetchef.fr\/produit\/sauce-indian-korma\/","url":"https:\/\/sweetchef.fr\/produit\/sauce-indian-korma\/","name":"Sauce Indian Korma - Sweetchef","isPartOf":{"@id":"https:\/\/sweetchef.fr\/#website"},"primaryImageOfPage":{"@id":"https:\/\/sweetchef.fr\/produit\/sauce-indian-korma\/#primaryimage"},"image":{"@id":"https:\/\/sweetchef.fr\/produit\/sauce-indian-korma\/#primaryimage"},"thumbnailUrl":"https:\/\/sweetchef.fr\/wp-content\/uploads\/2026\/03\/korma.png","datePublished":"2026-03-05T11:53:01+00:00","dateModified":"2026-03-05T11:58:16+00:00","breadcrumb":{"@id":"https:\/\/sweetchef.fr\/produit\/sauce-indian-korma\/#breadcrumb"},"inLanguage":"en-US","potentialAction":[{"@type":"ReadAction","target":["https:\/\/sweetchef.fr\/produit\/sauce-indian-korma\/"]}]},{"@type":"ImageObject","inLanguage":"en-US","@id":"https:\/\/sweetchef.fr\/produit\/sauce-indian-korma\/#primaryimage","url":"https:\/\/sweetchef.fr\/wp-content\/uploads\/2026\/03\/korma.png","contentUrl":"https:\/\/sweetchef.fr\/wp-content\/uploads\/2026\/03\/korma.png","width":591,"height":899},{"@type":"BreadcrumbList","@id":"https:\/\/sweetchef.fr\/produit\/sauce-indian-korma\/#breadcrumb","itemListElement":[{"@type":"ListItem","position":1,"name":"Accueil","item":"https:\/\/sweetchef.fr\/"},{"@type":"ListItem","position":2,"name":"shop","item":"https:\/\/sweetchef.fr\/shop\/"},{"@type":"ListItem","position":3,"name":"Sauce Indian Korma"}]},{"@type":"WebSite","@id":"https:\/\/sweetchef.fr\/#website","url":"https:\/\/sweetchef.fr\/","name":"Sweetchef","description":"Le secret des chefs","publisher":{"@id":"https:\/\/sweetchef.fr\/#organization"},"potentialAction":[{"@type":"SearchAction","target":{"@type":"EntryPoint","urlTemplate":"https:\/\/sweetchef.fr\/?s={search_term_string}"},"query-input":{"@type":"PropertyValueSpecification","valueRequired":true,"valueName":"search_term_string"}}],"inLanguage":"en-US"},{"@type":"Organization","@id":"https:\/\/sweetchef.fr\/#organization","name":"SweetChef","url":"https:\/\/sweetchef.fr\/","logo":{"@type":"ImageObject","inLanguage":"en-US","@id":"https:\/\/sweetchef.fr\/#\/schema\/logo\/image\/","url":"https:\/\/sweetchef.fr\/wp-content\/uploads\/2024\/04\/Logo-sweetchef-1.png","contentUrl":"https:\/\/sweetchef.fr\/wp-content\/uploads\/2024\/04\/Logo-sweetchef-1.png","width":127,"height":128,"caption":"SweetChef"},"image":{"@id":"https:\/\/sweetchef.fr\/#\/schema\/logo\/image\/"},"sameAs":["https:\/\/www.instagram.com\/sweetchef.fr"]}]}},"_links":{"self":[{"href":"https:\/\/sweetchef.fr\/en\/wp-json\/wp\/v2\/product\/13024","targetHints":{"allow":["GET"]}}],"collection":[{"href":"https:\/\/sweetchef.fr\/en\/wp-json\/wp\/v2\/product"}],"about":[{"href":"https:\/\/sweetchef.fr\/en\/wp-json\/wp\/v2\/types\/product"}],"replies":[{"embeddable":true,"href":"https:\/\/sweetchef.fr\/en\/wp-json\/wp\/v2\/comments?post=13024"}],"wp:featuredmedia":[{"embeddable":true,"href":"https:\/\/sweetchef.fr\/en\/wp-json\/wp\/v2\/media\/13016"}],"wp:attachment":[{"href":"https:\/\/sweetchef.fr\/en\/wp-json\/wp\/v2\/media?parent=13024"}],"wp:term":[{"taxonomy":"product_cat","embeddable":true,"href":"https:\/\/sweetchef.fr\/en\/wp-json\/wp\/v2\/product_cat?post=13024"},{"taxonomy":"product_tag","embeddable":true,"href":"https:\/\/sweetchef.fr\/en\/wp-json\/wp\/v2\/product_tag?post=13024"}],"curies":[{"name":"wp","href":"https:\/\/api.w.org\/{rel}","templated":true}]}}