{"id":13022,"date":"2026-03-05T12:47:14","date_gmt":"2026-03-05T11:47:14","guid":{"rendered":"https:\/\/sweetchef.fr\/?post_type=product&#038;p=13022"},"modified":"2026-03-05T12:49:03","modified_gmt":"2026-03-05T11:49:03","slug":"sauce-arrabiata","status":"publish","type":"product","link":"https:\/\/sweetchef.fr\/en\/product\/sauce-arrabiata\/","title":{"rendered":"Sauce Arrabiata"},"content":{"rendered":"<p data-start=\"2406\" data-end=\"2702\">La sauce Arrabiata SweetChef est une sauce tomate relev\u00e9e inspir\u00e9e de la tradition italienne. Son m\u00e9lange de tomates, d\u2019ail et de piment offre une saveur intense et l\u00e9g\u00e8rement piquante. Parfaite pour accompagner des p\u00e2tes, pizzas ou plats m\u00e9diterran\u00e9ens, elle apporte du caract\u00e8re \u00e0 vos recettes.<\/p>","protected":false},"excerpt":{"rendered":"<p>La sauce Arrabiata SweetChef est une sauce tomate relev\u00e9e inspir\u00e9e de la tradition italienne. Son m\u00e9lange de tomates, d\u2019ail et de piment offre une saveur intense et l\u00e9g\u00e8rement piquante. Parfaite pour accompagner des p\u00e2tes, pizzas ou plats m\u00e9diterran\u00e9ens, elle apporte du caract\u00e8re \u00e0 vos recettes.<\/p>","protected":false},"featured_media":13014,"comment_status":"open","ping_status":"closed","template":"","meta":{"_acf_changed":false},"product_cat":[57],"product_tag":[],"class_list":{"0":"post-13022","1":"product","2":"type-product","3":"status-publish","4":"has-post-thumbnail","6":"product_cat-les-sauces-pasta","8":"first","9":"instock","10":"taxable","11":"shipping-taxable","12":"purchasable","13":"product-type-simple","14":"add-to-wishlist-before_image"},"acf":[],"yoast_head":"<!-- This site is optimized with the Yoast SEO plugin v23.4 - https:\/\/yoast.com\/wordpress\/plugins\/seo\/ -->\n<title>Sauce Arrabiata - Sweetchef<\/title>\n<meta name=\"robots\" content=\"index, follow, max-snippet:-1, max-image-preview:large, max-video-preview:-1\" \/>\n<link rel=\"canonical\" href=\"https:\/\/sweetchef.fr\/en\/product\/sauce-arrabiata\/\" \/>\n<meta property=\"og:locale\" content=\"en_US\" \/>\n<meta property=\"og:type\" content=\"article\" \/>\n<meta property=\"og:title\" content=\"Sauce Arrabiata - Sweetchef\" \/>\n<meta property=\"og:description\" content=\"La sauce Arrabiata SweetChef est une sauce tomate relev\u00e9e inspir\u00e9e de la tradition italienne. Son m\u00e9lange de tomates, d\u2019ail et de piment offre une saveur intense et l\u00e9g\u00e8rement piquante. Parfaite pour accompagner des p\u00e2tes, pizzas ou plats m\u00e9diterran\u00e9ens, elle apporte du caract\u00e8re \u00e0 vos recettes.\" \/>\n<meta property=\"og:url\" content=\"https:\/\/sweetchef.fr\/en\/product\/sauce-arrabiata\/\" \/>\n<meta property=\"og:site_name\" content=\"Sweetchef\" \/>\n<meta property=\"article:modified_time\" content=\"2026-03-05T11:49:03+00:00\" \/>\n<meta property=\"og:image\" content=\"https:\/\/sweetchef.fr\/wp-content\/uploads\/2026\/03\/Arabita.png\" \/>\n\t<meta property=\"og:image:width\" content=\"591\" \/>\n\t<meta property=\"og:image:height\" content=\"899\" \/>\n\t<meta property=\"og:image:type\" content=\"image\/png\" \/>\n<meta name=\"twitter:card\" content=\"summary_large_image\" \/>\n<script type=\"application\/ld+json\" class=\"yoast-schema-graph\">{\"@context\":\"https:\/\/schema.org\",\"@graph\":[{\"@type\":\"WebPage\",\"@id\":\"https:\/\/sweetchef.fr\/produit\/sauce-arrabiata\/\",\"url\":\"https:\/\/sweetchef.fr\/produit\/sauce-arrabiata\/\",\"name\":\"Sauce Arrabiata - Sweetchef\",\"isPartOf\":{\"@id\":\"https:\/\/sweetchef.fr\/#website\"},\"primaryImageOfPage\":{\"@id\":\"https:\/\/sweetchef.fr\/produit\/sauce-arrabiata\/#primaryimage\"},\"image\":{\"@id\":\"https:\/\/sweetchef.fr\/produit\/sauce-arrabiata\/#primaryimage\"},\"thumbnailUrl\":\"https:\/\/sweetchef.fr\/wp-content\/uploads\/2026\/03\/Arabita.png\",\"datePublished\":\"2026-03-05T11:47:14+00:00\",\"dateModified\":\"2026-03-05T11:49:03+00:00\",\"breadcrumb\":{\"@id\":\"https:\/\/sweetchef.fr\/produit\/sauce-arrabiata\/#breadcrumb\"},\"inLanguage\":\"en-US\",\"potentialAction\":[{\"@type\":\"ReadAction\",\"target\":[\"https:\/\/sweetchef.fr\/produit\/sauce-arrabiata\/\"]}]},{\"@type\":\"ImageObject\",\"inLanguage\":\"en-US\",\"@id\":\"https:\/\/sweetchef.fr\/produit\/sauce-arrabiata\/#primaryimage\",\"url\":\"https:\/\/sweetchef.fr\/wp-content\/uploads\/2026\/03\/Arabita.png\",\"contentUrl\":\"https:\/\/sweetchef.fr\/wp-content\/uploads\/2026\/03\/Arabita.png\",\"width\":591,\"height\":899},{\"@type\":\"BreadcrumbList\",\"@id\":\"https:\/\/sweetchef.fr\/produit\/sauce-arrabiata\/#breadcrumb\",\"itemListElement\":[{\"@type\":\"ListItem\",\"position\":1,\"name\":\"Accueil\",\"item\":\"https:\/\/sweetchef.fr\/\"},{\"@type\":\"ListItem\",\"position\":2,\"name\":\"shop\",\"item\":\"https:\/\/sweetchef.fr\/shop\/\"},{\"@type\":\"ListItem\",\"position\":3,\"name\":\"Sauce Arrabiata\"}]},{\"@type\":\"WebSite\",\"@id\":\"https:\/\/sweetchef.fr\/#website\",\"url\":\"https:\/\/sweetchef.fr\/\",\"name\":\"Sweetchef\",\"description\":\"Le secret des chefs\",\"publisher\":{\"@id\":\"https:\/\/sweetchef.fr\/#organization\"},\"potentialAction\":[{\"@type\":\"SearchAction\",\"target\":{\"@type\":\"EntryPoint\",\"urlTemplate\":\"https:\/\/sweetchef.fr\/?s={search_term_string}\"},\"query-input\":{\"@type\":\"PropertyValueSpecification\",\"valueRequired\":true,\"valueName\":\"search_term_string\"}}],\"inLanguage\":\"en-US\"},{\"@type\":\"Organization\",\"@id\":\"https:\/\/sweetchef.fr\/#organization\",\"name\":\"SweetChef\",\"url\":\"https:\/\/sweetchef.fr\/\",\"logo\":{\"@type\":\"ImageObject\",\"inLanguage\":\"en-US\",\"@id\":\"https:\/\/sweetchef.fr\/#\/schema\/logo\/image\/\",\"url\":\"https:\/\/sweetchef.fr\/wp-content\/uploads\/2024\/04\/Logo-sweetchef-1.png\",\"contentUrl\":\"https:\/\/sweetchef.fr\/wp-content\/uploads\/2024\/04\/Logo-sweetchef-1.png\",\"width\":127,\"height\":128,\"caption\":\"SweetChef\"},\"image\":{\"@id\":\"https:\/\/sweetchef.fr\/#\/schema\/logo\/image\/\"},\"sameAs\":[\"https:\/\/www.instagram.com\/sweetchef.fr\"]}]}<\/script>\n<!-- \/ Yoast SEO plugin. -->","yoast_head_json":{"title":"Sauce Arrabiata - Sweetchef","robots":{"index":"index","follow":"follow","max-snippet":"max-snippet:-1","max-image-preview":"max-image-preview:large","max-video-preview":"max-video-preview:-1"},"canonical":"https:\/\/sweetchef.fr\/en\/product\/sauce-arrabiata\/","og_locale":"en_US","og_type":"article","og_title":"Sauce Arrabiata - Sweetchef","og_description":"La sauce Arrabiata SweetChef est une sauce tomate relev\u00e9e inspir\u00e9e de la tradition italienne. Son m\u00e9lange de tomates, d\u2019ail et de piment offre une saveur intense et l\u00e9g\u00e8rement piquante. Parfaite pour accompagner des p\u00e2tes, pizzas ou plats m\u00e9diterran\u00e9ens, elle apporte du caract\u00e8re \u00e0 vos recettes.","og_url":"https:\/\/sweetchef.fr\/en\/product\/sauce-arrabiata\/","og_site_name":"Sweetchef","article_modified_time":"2026-03-05T11:49:03+00:00","og_image":[{"width":591,"height":899,"url":"https:\/\/sweetchef.fr\/wp-content\/uploads\/2026\/03\/Arabita.png","type":"image\/png"}],"twitter_card":"summary_large_image","schema":{"@context":"https:\/\/schema.org","@graph":[{"@type":"WebPage","@id":"https:\/\/sweetchef.fr\/produit\/sauce-arrabiata\/","url":"https:\/\/sweetchef.fr\/produit\/sauce-arrabiata\/","name":"Sauce Arrabiata - Sweetchef","isPartOf":{"@id":"https:\/\/sweetchef.fr\/#website"},"primaryImageOfPage":{"@id":"https:\/\/sweetchef.fr\/produit\/sauce-arrabiata\/#primaryimage"},"image":{"@id":"https:\/\/sweetchef.fr\/produit\/sauce-arrabiata\/#primaryimage"},"thumbnailUrl":"https:\/\/sweetchef.fr\/wp-content\/uploads\/2026\/03\/Arabita.png","datePublished":"2026-03-05T11:47:14+00:00","dateModified":"2026-03-05T11:49:03+00:00","breadcrumb":{"@id":"https:\/\/sweetchef.fr\/produit\/sauce-arrabiata\/#breadcrumb"},"inLanguage":"en-US","potentialAction":[{"@type":"ReadAction","target":["https:\/\/sweetchef.fr\/produit\/sauce-arrabiata\/"]}]},{"@type":"ImageObject","inLanguage":"en-US","@id":"https:\/\/sweetchef.fr\/produit\/sauce-arrabiata\/#primaryimage","url":"https:\/\/sweetchef.fr\/wp-content\/uploads\/2026\/03\/Arabita.png","contentUrl":"https:\/\/sweetchef.fr\/wp-content\/uploads\/2026\/03\/Arabita.png","width":591,"height":899},{"@type":"BreadcrumbList","@id":"https:\/\/sweetchef.fr\/produit\/sauce-arrabiata\/#breadcrumb","itemListElement":[{"@type":"ListItem","position":1,"name":"Accueil","item":"https:\/\/sweetchef.fr\/"},{"@type":"ListItem","position":2,"name":"shop","item":"https:\/\/sweetchef.fr\/shop\/"},{"@type":"ListItem","position":3,"name":"Sauce Arrabiata"}]},{"@type":"WebSite","@id":"https:\/\/sweetchef.fr\/#website","url":"https:\/\/sweetchef.fr\/","name":"Sweetchef","description":"Le secret des chefs","publisher":{"@id":"https:\/\/sweetchef.fr\/#organization"},"potentialAction":[{"@type":"SearchAction","target":{"@type":"EntryPoint","urlTemplate":"https:\/\/sweetchef.fr\/?s={search_term_string}"},"query-input":{"@type":"PropertyValueSpecification","valueRequired":true,"valueName":"search_term_string"}}],"inLanguage":"en-US"},{"@type":"Organization","@id":"https:\/\/sweetchef.fr\/#organization","name":"SweetChef","url":"https:\/\/sweetchef.fr\/","logo":{"@type":"ImageObject","inLanguage":"en-US","@id":"https:\/\/sweetchef.fr\/#\/schema\/logo\/image\/","url":"https:\/\/sweetchef.fr\/wp-content\/uploads\/2024\/04\/Logo-sweetchef-1.png","contentUrl":"https:\/\/sweetchef.fr\/wp-content\/uploads\/2024\/04\/Logo-sweetchef-1.png","width":127,"height":128,"caption":"SweetChef"},"image":{"@id":"https:\/\/sweetchef.fr\/#\/schema\/logo\/image\/"},"sameAs":["https:\/\/www.instagram.com\/sweetchef.fr"]}]}},"_links":{"self":[{"href":"https:\/\/sweetchef.fr\/en\/wp-json\/wp\/v2\/product\/13022","targetHints":{"allow":["GET"]}}],"collection":[{"href":"https:\/\/sweetchef.fr\/en\/wp-json\/wp\/v2\/product"}],"about":[{"href":"https:\/\/sweetchef.fr\/en\/wp-json\/wp\/v2\/types\/product"}],"replies":[{"embeddable":true,"href":"https:\/\/sweetchef.fr\/en\/wp-json\/wp\/v2\/comments?post=13022"}],"wp:featuredmedia":[{"embeddable":true,"href":"https:\/\/sweetchef.fr\/en\/wp-json\/wp\/v2\/media\/13014"}],"wp:attachment":[{"href":"https:\/\/sweetchef.fr\/en\/wp-json\/wp\/v2\/media?parent=13022"}],"wp:term":[{"taxonomy":"product_cat","embeddable":true,"href":"https:\/\/sweetchef.fr\/en\/wp-json\/wp\/v2\/product_cat?post=13022"},{"taxonomy":"product_tag","embeddable":true,"href":"https:\/\/sweetchef.fr\/en\/wp-json\/wp\/v2\/product_tag?post=13022"}],"curies":[{"name":"wp","href":"https:\/\/api.w.org\/{rel}","templated":true}]}}