{"id":13013,"date":"2026-03-05T12:29:37","date_gmt":"2026-03-05T11:29:37","guid":{"rendered":"https:\/\/sweetchef.fr\/?post_type=product&#038;p=13013"},"modified":"2026-03-05T12:43:26","modified_gmt":"2026-03-05T11:43:26","slug":"sauce-tomate-mascarpone","status":"publish","type":"product","link":"https:\/\/sweetchef.fr\/en\/product\/sauce-tomate-mascarpone\/","title":{"rendered":"Sauce Tomate &#038; Mascarpone"},"content":{"rendered":"<p data-start=\"722\" data-end=\"1064\">La sauce Tomate &amp; Mascarpone SweetChef associe la douceur du mascarpone \u00e0 la richesse des tomates m\u00fbries au soleil. Sa texture onctueuse et son go\u00fbt \u00e9quilibr\u00e9 apportent une touche gourmande \u00e0 vos plats de p\u00e2tes, lasagnes ou gratins. Pr\u00eate \u00e0 l\u2019emploi, elle permet de pr\u00e9parer facilement des recettes italiennes savoureuses en quelques minutes.<\/p>","protected":false},"excerpt":{"rendered":"<p>La sauce Tomate &amp; Mascarpone SweetChef associe la douceur du mascarpone \u00e0 la richesse des tomates m\u00fbries au soleil. Sa texture onctueuse et son go\u00fbt \u00e9quilibr\u00e9 apportent une touche gourmande \u00e0 vos plats de p\u00e2tes, lasagnes ou gratins. Pr\u00eate \u00e0 l\u2019emploi, elle permet de pr\u00e9parer facilement des recettes italiennes savoureuses en quelques minutes.<\/p>","protected":false},"featured_media":13019,"comment_status":"open","ping_status":"closed","template":"","meta":{"_acf_changed":false},"product_cat":[57],"product_tag":[],"class_list":{"0":"post-13013","1":"product","2":"type-product","3":"status-publish","4":"has-post-thumbnail","6":"product_cat-les-sauces-pasta","8":"first","9":"instock","10":"taxable","11":"shipping-taxable","12":"purchasable","13":"product-type-simple","14":"add-to-wishlist-before_image"},"acf":[],"yoast_head":"<!-- This site is optimized with the Yoast SEO plugin v23.4 - https:\/\/yoast.com\/wordpress\/plugins\/seo\/ -->\n<title>Sauce Tomate &amp; Mascarpone - Sweetchef<\/title>\n<meta name=\"robots\" content=\"index, follow, max-snippet:-1, max-image-preview:large, max-video-preview:-1\" \/>\n<link rel=\"canonical\" href=\"https:\/\/sweetchef.fr\/en\/product\/sauce-tomate-mascarpone\/\" \/>\n<meta property=\"og:locale\" content=\"en_US\" \/>\n<meta property=\"og:type\" content=\"article\" \/>\n<meta property=\"og:title\" content=\"Sauce Tomate &amp; Mascarpone - Sweetchef\" \/>\n<meta property=\"og:description\" content=\"La sauce Tomate &amp; Mascarpone SweetChef associe la douceur du mascarpone \u00e0 la richesse des tomates m\u00fbries au soleil. Sa texture onctueuse et son go\u00fbt \u00e9quilibr\u00e9 apportent une touche gourmande \u00e0 vos plats de p\u00e2tes, lasagnes ou gratins. Pr\u00eate \u00e0 l\u2019emploi, elle permet de pr\u00e9parer facilement des recettes italiennes savoureuses en quelques minutes.\" \/>\n<meta property=\"og:url\" content=\"https:\/\/sweetchef.fr\/en\/product\/sauce-tomate-mascarpone\/\" \/>\n<meta property=\"og:site_name\" content=\"Sweetchef\" \/>\n<meta property=\"article:modified_time\" content=\"2026-03-05T11:43:26+00:00\" \/>\n<meta property=\"og:image\" content=\"https:\/\/sweetchef.fr\/wp-content\/uploads\/2026\/03\/tomate-mascarpone.png\" \/>\n\t<meta property=\"og:image:width\" content=\"591\" \/>\n\t<meta property=\"og:image:height\" content=\"899\" \/>\n\t<meta property=\"og:image:type\" content=\"image\/png\" \/>\n<meta name=\"twitter:card\" content=\"summary_large_image\" \/>\n<script type=\"application\/ld+json\" class=\"yoast-schema-graph\">{\"@context\":\"https:\/\/schema.org\",\"@graph\":[{\"@type\":\"WebPage\",\"@id\":\"https:\/\/sweetchef.fr\/produit\/sauce-tomate-mascarpone\/\",\"url\":\"https:\/\/sweetchef.fr\/produit\/sauce-tomate-mascarpone\/\",\"name\":\"Sauce Tomate & Mascarpone - Sweetchef\",\"isPartOf\":{\"@id\":\"https:\/\/sweetchef.fr\/#website\"},\"primaryImageOfPage\":{\"@id\":\"https:\/\/sweetchef.fr\/produit\/sauce-tomate-mascarpone\/#primaryimage\"},\"image\":{\"@id\":\"https:\/\/sweetchef.fr\/produit\/sauce-tomate-mascarpone\/#primaryimage\"},\"thumbnailUrl\":\"https:\/\/sweetchef.fr\/wp-content\/uploads\/2026\/03\/tomate-mascarpone.png\",\"datePublished\":\"2026-03-05T11:29:37+00:00\",\"dateModified\":\"2026-03-05T11:43:26+00:00\",\"breadcrumb\":{\"@id\":\"https:\/\/sweetchef.fr\/produit\/sauce-tomate-mascarpone\/#breadcrumb\"},\"inLanguage\":\"en-US\",\"potentialAction\":[{\"@type\":\"ReadAction\",\"target\":[\"https:\/\/sweetchef.fr\/produit\/sauce-tomate-mascarpone\/\"]}]},{\"@type\":\"ImageObject\",\"inLanguage\":\"en-US\",\"@id\":\"https:\/\/sweetchef.fr\/produit\/sauce-tomate-mascarpone\/#primaryimage\",\"url\":\"https:\/\/sweetchef.fr\/wp-content\/uploads\/2026\/03\/tomate-mascarpone.png\",\"contentUrl\":\"https:\/\/sweetchef.fr\/wp-content\/uploads\/2026\/03\/tomate-mascarpone.png\",\"width\":591,\"height\":899},{\"@type\":\"BreadcrumbList\",\"@id\":\"https:\/\/sweetchef.fr\/produit\/sauce-tomate-mascarpone\/#breadcrumb\",\"itemListElement\":[{\"@type\":\"ListItem\",\"position\":1,\"name\":\"Accueil\",\"item\":\"https:\/\/sweetchef.fr\/\"},{\"@type\":\"ListItem\",\"position\":2,\"name\":\"shop\",\"item\":\"https:\/\/sweetchef.fr\/shop\/\"},{\"@type\":\"ListItem\",\"position\":3,\"name\":\"Sauce Tomate &#038; Mascarpone\"}]},{\"@type\":\"WebSite\",\"@id\":\"https:\/\/sweetchef.fr\/#website\",\"url\":\"https:\/\/sweetchef.fr\/\",\"name\":\"Sweetchef\",\"description\":\"Le secret des chefs\",\"publisher\":{\"@id\":\"https:\/\/sweetchef.fr\/#organization\"},\"potentialAction\":[{\"@type\":\"SearchAction\",\"target\":{\"@type\":\"EntryPoint\",\"urlTemplate\":\"https:\/\/sweetchef.fr\/?s={search_term_string}\"},\"query-input\":{\"@type\":\"PropertyValueSpecification\",\"valueRequired\":true,\"valueName\":\"search_term_string\"}}],\"inLanguage\":\"en-US\"},{\"@type\":\"Organization\",\"@id\":\"https:\/\/sweetchef.fr\/#organization\",\"name\":\"SweetChef\",\"url\":\"https:\/\/sweetchef.fr\/\",\"logo\":{\"@type\":\"ImageObject\",\"inLanguage\":\"en-US\",\"@id\":\"https:\/\/sweetchef.fr\/#\/schema\/logo\/image\/\",\"url\":\"https:\/\/sweetchef.fr\/wp-content\/uploads\/2024\/04\/Logo-sweetchef-1.png\",\"contentUrl\":\"https:\/\/sweetchef.fr\/wp-content\/uploads\/2024\/04\/Logo-sweetchef-1.png\",\"width\":127,\"height\":128,\"caption\":\"SweetChef\"},\"image\":{\"@id\":\"https:\/\/sweetchef.fr\/#\/schema\/logo\/image\/\"},\"sameAs\":[\"https:\/\/www.instagram.com\/sweetchef.fr\"]}]}<\/script>\n<!-- \/ Yoast SEO plugin. -->","yoast_head_json":{"title":"Sauce Tomate & Mascarpone - Sweetchef","robots":{"index":"index","follow":"follow","max-snippet":"max-snippet:-1","max-image-preview":"max-image-preview:large","max-video-preview":"max-video-preview:-1"},"canonical":"https:\/\/sweetchef.fr\/en\/product\/sauce-tomate-mascarpone\/","og_locale":"en_US","og_type":"article","og_title":"Sauce Tomate & Mascarpone - Sweetchef","og_description":"La sauce Tomate &amp; Mascarpone SweetChef associe la douceur du mascarpone \u00e0 la richesse des tomates m\u00fbries au soleil. Sa texture onctueuse et son go\u00fbt \u00e9quilibr\u00e9 apportent une touche gourmande \u00e0 vos plats de p\u00e2tes, lasagnes ou gratins. Pr\u00eate \u00e0 l\u2019emploi, elle permet de pr\u00e9parer facilement des recettes italiennes savoureuses en quelques minutes.","og_url":"https:\/\/sweetchef.fr\/en\/product\/sauce-tomate-mascarpone\/","og_site_name":"Sweetchef","article_modified_time":"2026-03-05T11:43:26+00:00","og_image":[{"width":591,"height":899,"url":"https:\/\/sweetchef.fr\/wp-content\/uploads\/2026\/03\/tomate-mascarpone.png","type":"image\/png"}],"twitter_card":"summary_large_image","schema":{"@context":"https:\/\/schema.org","@graph":[{"@type":"WebPage","@id":"https:\/\/sweetchef.fr\/produit\/sauce-tomate-mascarpone\/","url":"https:\/\/sweetchef.fr\/produit\/sauce-tomate-mascarpone\/","name":"Sauce Tomate & Mascarpone - Sweetchef","isPartOf":{"@id":"https:\/\/sweetchef.fr\/#website"},"primaryImageOfPage":{"@id":"https:\/\/sweetchef.fr\/produit\/sauce-tomate-mascarpone\/#primaryimage"},"image":{"@id":"https:\/\/sweetchef.fr\/produit\/sauce-tomate-mascarpone\/#primaryimage"},"thumbnailUrl":"https:\/\/sweetchef.fr\/wp-content\/uploads\/2026\/03\/tomate-mascarpone.png","datePublished":"2026-03-05T11:29:37+00:00","dateModified":"2026-03-05T11:43:26+00:00","breadcrumb":{"@id":"https:\/\/sweetchef.fr\/produit\/sauce-tomate-mascarpone\/#breadcrumb"},"inLanguage":"en-US","potentialAction":[{"@type":"ReadAction","target":["https:\/\/sweetchef.fr\/produit\/sauce-tomate-mascarpone\/"]}]},{"@type":"ImageObject","inLanguage":"en-US","@id":"https:\/\/sweetchef.fr\/produit\/sauce-tomate-mascarpone\/#primaryimage","url":"https:\/\/sweetchef.fr\/wp-content\/uploads\/2026\/03\/tomate-mascarpone.png","contentUrl":"https:\/\/sweetchef.fr\/wp-content\/uploads\/2026\/03\/tomate-mascarpone.png","width":591,"height":899},{"@type":"BreadcrumbList","@id":"https:\/\/sweetchef.fr\/produit\/sauce-tomate-mascarpone\/#breadcrumb","itemListElement":[{"@type":"ListItem","position":1,"name":"Accueil","item":"https:\/\/sweetchef.fr\/"},{"@type":"ListItem","position":2,"name":"shop","item":"https:\/\/sweetchef.fr\/shop\/"},{"@type":"ListItem","position":3,"name":"Sauce Tomate &#038; Mascarpone"}]},{"@type":"WebSite","@id":"https:\/\/sweetchef.fr\/#website","url":"https:\/\/sweetchef.fr\/","name":"Sweetchef","description":"Le secret des chefs","publisher":{"@id":"https:\/\/sweetchef.fr\/#organization"},"potentialAction":[{"@type":"SearchAction","target":{"@type":"EntryPoint","urlTemplate":"https:\/\/sweetchef.fr\/?s={search_term_string}"},"query-input":{"@type":"PropertyValueSpecification","valueRequired":true,"valueName":"search_term_string"}}],"inLanguage":"en-US"},{"@type":"Organization","@id":"https:\/\/sweetchef.fr\/#organization","name":"SweetChef","url":"https:\/\/sweetchef.fr\/","logo":{"@type":"ImageObject","inLanguage":"en-US","@id":"https:\/\/sweetchef.fr\/#\/schema\/logo\/image\/","url":"https:\/\/sweetchef.fr\/wp-content\/uploads\/2024\/04\/Logo-sweetchef-1.png","contentUrl":"https:\/\/sweetchef.fr\/wp-content\/uploads\/2024\/04\/Logo-sweetchef-1.png","width":127,"height":128,"caption":"SweetChef"},"image":{"@id":"https:\/\/sweetchef.fr\/#\/schema\/logo\/image\/"},"sameAs":["https:\/\/www.instagram.com\/sweetchef.fr"]}]}},"_links":{"self":[{"href":"https:\/\/sweetchef.fr\/en\/wp-json\/wp\/v2\/product\/13013","targetHints":{"allow":["GET"]}}],"collection":[{"href":"https:\/\/sweetchef.fr\/en\/wp-json\/wp\/v2\/product"}],"about":[{"href":"https:\/\/sweetchef.fr\/en\/wp-json\/wp\/v2\/types\/product"}],"replies":[{"embeddable":true,"href":"https:\/\/sweetchef.fr\/en\/wp-json\/wp\/v2\/comments?post=13013"}],"wp:featuredmedia":[{"embeddable":true,"href":"https:\/\/sweetchef.fr\/en\/wp-json\/wp\/v2\/media\/13019"}],"wp:attachment":[{"href":"https:\/\/sweetchef.fr\/en\/wp-json\/wp\/v2\/media?parent=13013"}],"wp:term":[{"taxonomy":"product_cat","embeddable":true,"href":"https:\/\/sweetchef.fr\/en\/wp-json\/wp\/v2\/product_cat?post=13013"},{"taxonomy":"product_tag","embeddable":true,"href":"https:\/\/sweetchef.fr\/en\/wp-json\/wp\/v2\/product_tag?post=13013"}],"curies":[{"name":"wp","href":"https:\/\/api.w.org\/{rel}","templated":true}]}}