{"id":12972,"date":"2026-03-05T10:28:33","date_gmt":"2026-03-05T09:28:33","guid":{"rendered":"https:\/\/sweetchef.fr\/?post_type=product&#038;p=12972"},"modified":"2026-03-05T11:12:42","modified_gmt":"2026-03-05T10:12:42","slug":"tortillas-medium-25-cm","status":"publish","type":"product","link":"https:\/\/sweetchef.fr\/en\/product\/tortillas-medium-25-cm\/","title":{"rendered":"Tortillas Medium &#8211; 25 cm"},"content":{"rendered":"<p data-start=\"1942\" data-end=\"1998\"><strong data-start=\"1942\" data-end=\"1998\">Tout le plaisir d\u2019un kebab ou d\u2019un wrap \u00e0 la maison.<\/strong><\/p>\n<p data-start=\"2000\" data-end=\"2162\">Les <strong data-start=\"2004\" data-end=\"2038\">Tortillas Bl\u00e9 Nature SweetChef<\/strong> sont souples et faciles \u00e0 garnir. Leur format <strong data-start=\"2085\" data-end=\"2094\">25 cm<\/strong> est id\u00e9al pour pr\u00e9parer kebabs, wraps, sandwichs roul\u00e9s ou fajitas.<\/p>\n<p data-start=\"2164\" data-end=\"2299\">\u2714 Texture souple et moelleuse<br data-start=\"2193\" data-end=\"2196\" \/>\u2714 Pr\u00eates \u00e0 garnir<br data-start=\"2213\" data-end=\"2216\" \/>\u2714 Id\u00e9ales pour kebab, wraps ou fajitas<br data-start=\"2254\" data-end=\"2257\" \/>\u2714 Format pratique pour toutes vos recettes<\/p>\n<p data-start=\"2301\" data-end=\"2383\">Une solution simple pour <strong data-start=\"2326\" data-end=\"2383\">recr\u00e9er vos recettes street food pr\u00e9f\u00e9r\u00e9es chez vous.<\/strong><\/p>","protected":false},"excerpt":{"rendered":"<p>Tout le plaisir d\u2019un kebab ou d\u2019un wrap \u00e0 la maison. Les Tortillas Bl\u00e9 Nature SweetChef sont souples et faciles \u00e0 garnir. Leur format 25 cm est id\u00e9al pour pr\u00e9parer kebabs, wraps, sandwichs roul\u00e9s ou fajitas. \u2714 Texture souple et moelleuse\u2714 Pr\u00eates \u00e0 garnir\u2714 Id\u00e9ales pour kebab, wraps ou fajitas\u2714 Format pratique pour toutes vos [&hellip;]<\/p>","protected":false},"featured_media":12948,"comment_status":"open","ping_status":"closed","template":"","meta":{"_acf_changed":false},"product_cat":[56],"product_tag":[],"class_list":{"0":"post-12972","1":"product","2":"type-product","3":"status-publish","4":"has-post-thumbnail","6":"product_cat-les-pains","8":"first","9":"instock","10":"taxable","11":"shipping-taxable","12":"purchasable","13":"product-type-simple","14":"add-to-wishlist-before_image"},"acf":[],"yoast_head":"<!-- This site is optimized with the Yoast SEO plugin v23.4 - https:\/\/yoast.com\/wordpress\/plugins\/seo\/ -->\n<title>Tortillas Medium - 25 cm - Sweetchef<\/title>\n<meta name=\"robots\" content=\"index, follow, max-snippet:-1, max-image-preview:large, max-video-preview:-1\" \/>\n<link rel=\"canonical\" href=\"https:\/\/sweetchef.fr\/en\/product\/tortillas-medium-25-cm\/\" \/>\n<meta property=\"og:locale\" content=\"en_US\" \/>\n<meta property=\"og:type\" content=\"article\" \/>\n<meta property=\"og:title\" content=\"Tortillas Medium - 25 cm - Sweetchef\" \/>\n<meta property=\"og:description\" content=\"Tout le plaisir d\u2019un kebab ou d\u2019un wrap \u00e0 la maison. Les Tortillas Bl\u00e9 Nature SweetChef sont souples et faciles \u00e0 garnir. Leur format 25 cm est id\u00e9al pour pr\u00e9parer kebabs, wraps, sandwichs roul\u00e9s ou fajitas. \u2714 Texture souple et moelleuse\u2714 Pr\u00eates \u00e0 garnir\u2714 Id\u00e9ales pour kebab, wraps ou fajitas\u2714 Format pratique pour toutes vos [&hellip;]\" \/>\n<meta property=\"og:url\" content=\"https:\/\/sweetchef.fr\/en\/product\/tortillas-medium-25-cm\/\" \/>\n<meta property=\"og:site_name\" content=\"Sweetchef\" \/>\n<meta property=\"article:modified_time\" content=\"2026-03-05T10:12:42+00:00\" \/>\n<meta property=\"og:image\" content=\"https:\/\/sweetchef.fr\/wp-content\/uploads\/2026\/03\/4.png\" \/>\n\t<meta property=\"og:image:width\" content=\"1080\" \/>\n\t<meta property=\"og:image:height\" content=\"1350\" \/>\n\t<meta property=\"og:image:type\" content=\"image\/png\" \/>\n<meta name=\"twitter:card\" content=\"summary_large_image\" \/>\n<script type=\"application\/ld+json\" class=\"yoast-schema-graph\">{\"@context\":\"https:\/\/schema.org\",\"@graph\":[{\"@type\":\"WebPage\",\"@id\":\"https:\/\/sweetchef.fr\/produit\/tortillas-medium-25-cm\/\",\"url\":\"https:\/\/sweetchef.fr\/produit\/tortillas-medium-25-cm\/\",\"name\":\"Tortillas Medium - 25 cm - Sweetchef\",\"isPartOf\":{\"@id\":\"https:\/\/sweetchef.fr\/#website\"},\"primaryImageOfPage\":{\"@id\":\"https:\/\/sweetchef.fr\/produit\/tortillas-medium-25-cm\/#primaryimage\"},\"image\":{\"@id\":\"https:\/\/sweetchef.fr\/produit\/tortillas-medium-25-cm\/#primaryimage\"},\"thumbnailUrl\":\"https:\/\/sweetchef.fr\/wp-content\/uploads\/2026\/03\/4.png\",\"datePublished\":\"2026-03-05T09:28:33+00:00\",\"dateModified\":\"2026-03-05T10:12:42+00:00\",\"breadcrumb\":{\"@id\":\"https:\/\/sweetchef.fr\/produit\/tortillas-medium-25-cm\/#breadcrumb\"},\"inLanguage\":\"en-US\",\"potentialAction\":[{\"@type\":\"ReadAction\",\"target\":[\"https:\/\/sweetchef.fr\/produit\/tortillas-medium-25-cm\/\"]}]},{\"@type\":\"ImageObject\",\"inLanguage\":\"en-US\",\"@id\":\"https:\/\/sweetchef.fr\/produit\/tortillas-medium-25-cm\/#primaryimage\",\"url\":\"https:\/\/sweetchef.fr\/wp-content\/uploads\/2026\/03\/4.png\",\"contentUrl\":\"https:\/\/sweetchef.fr\/wp-content\/uploads\/2026\/03\/4.png\",\"width\":1080,\"height\":1350},{\"@type\":\"BreadcrumbList\",\"@id\":\"https:\/\/sweetchef.fr\/produit\/tortillas-medium-25-cm\/#breadcrumb\",\"itemListElement\":[{\"@type\":\"ListItem\",\"position\":1,\"name\":\"Accueil\",\"item\":\"https:\/\/sweetchef.fr\/\"},{\"@type\":\"ListItem\",\"position\":2,\"name\":\"shop\",\"item\":\"https:\/\/sweetchef.fr\/shop\/\"},{\"@type\":\"ListItem\",\"position\":3,\"name\":\"Tortillas Medium &#8211; 25 cm\"}]},{\"@type\":\"WebSite\",\"@id\":\"https:\/\/sweetchef.fr\/#website\",\"url\":\"https:\/\/sweetchef.fr\/\",\"name\":\"Sweetchef\",\"description\":\"Le secret des chefs\",\"publisher\":{\"@id\":\"https:\/\/sweetchef.fr\/#organization\"},\"potentialAction\":[{\"@type\":\"SearchAction\",\"target\":{\"@type\":\"EntryPoint\",\"urlTemplate\":\"https:\/\/sweetchef.fr\/?s={search_term_string}\"},\"query-input\":{\"@type\":\"PropertyValueSpecification\",\"valueRequired\":true,\"valueName\":\"search_term_string\"}}],\"inLanguage\":\"en-US\"},{\"@type\":\"Organization\",\"@id\":\"https:\/\/sweetchef.fr\/#organization\",\"name\":\"SweetChef\",\"url\":\"https:\/\/sweetchef.fr\/\",\"logo\":{\"@type\":\"ImageObject\",\"inLanguage\":\"en-US\",\"@id\":\"https:\/\/sweetchef.fr\/#\/schema\/logo\/image\/\",\"url\":\"https:\/\/sweetchef.fr\/wp-content\/uploads\/2024\/04\/Logo-sweetchef-1.png\",\"contentUrl\":\"https:\/\/sweetchef.fr\/wp-content\/uploads\/2024\/04\/Logo-sweetchef-1.png\",\"width\":127,\"height\":128,\"caption\":\"SweetChef\"},\"image\":{\"@id\":\"https:\/\/sweetchef.fr\/#\/schema\/logo\/image\/\"},\"sameAs\":[\"https:\/\/www.instagram.com\/sweetchef.fr\"]}]}<\/script>\n<!-- \/ Yoast SEO plugin. -->","yoast_head_json":{"title":"Tortillas Medium - 25 cm - Sweetchef","robots":{"index":"index","follow":"follow","max-snippet":"max-snippet:-1","max-image-preview":"max-image-preview:large","max-video-preview":"max-video-preview:-1"},"canonical":"https:\/\/sweetchef.fr\/en\/product\/tortillas-medium-25-cm\/","og_locale":"en_US","og_type":"article","og_title":"Tortillas Medium - 25 cm - Sweetchef","og_description":"Tout le plaisir d\u2019un kebab ou d\u2019un wrap \u00e0 la maison. Les Tortillas Bl\u00e9 Nature SweetChef sont souples et faciles \u00e0 garnir. Leur format 25 cm est id\u00e9al pour pr\u00e9parer kebabs, wraps, sandwichs roul\u00e9s ou fajitas. \u2714 Texture souple et moelleuse\u2714 Pr\u00eates \u00e0 garnir\u2714 Id\u00e9ales pour kebab, wraps ou fajitas\u2714 Format pratique pour toutes vos [&hellip;]","og_url":"https:\/\/sweetchef.fr\/en\/product\/tortillas-medium-25-cm\/","og_site_name":"Sweetchef","article_modified_time":"2026-03-05T10:12:42+00:00","og_image":[{"width":1080,"height":1350,"url":"https:\/\/sweetchef.fr\/wp-content\/uploads\/2026\/03\/4.png","type":"image\/png"}],"twitter_card":"summary_large_image","schema":{"@context":"https:\/\/schema.org","@graph":[{"@type":"WebPage","@id":"https:\/\/sweetchef.fr\/produit\/tortillas-medium-25-cm\/","url":"https:\/\/sweetchef.fr\/produit\/tortillas-medium-25-cm\/","name":"Tortillas Medium - 25 cm - Sweetchef","isPartOf":{"@id":"https:\/\/sweetchef.fr\/#website"},"primaryImageOfPage":{"@id":"https:\/\/sweetchef.fr\/produit\/tortillas-medium-25-cm\/#primaryimage"},"image":{"@id":"https:\/\/sweetchef.fr\/produit\/tortillas-medium-25-cm\/#primaryimage"},"thumbnailUrl":"https:\/\/sweetchef.fr\/wp-content\/uploads\/2026\/03\/4.png","datePublished":"2026-03-05T09:28:33+00:00","dateModified":"2026-03-05T10:12:42+00:00","breadcrumb":{"@id":"https:\/\/sweetchef.fr\/produit\/tortillas-medium-25-cm\/#breadcrumb"},"inLanguage":"en-US","potentialAction":[{"@type":"ReadAction","target":["https:\/\/sweetchef.fr\/produit\/tortillas-medium-25-cm\/"]}]},{"@type":"ImageObject","inLanguage":"en-US","@id":"https:\/\/sweetchef.fr\/produit\/tortillas-medium-25-cm\/#primaryimage","url":"https:\/\/sweetchef.fr\/wp-content\/uploads\/2026\/03\/4.png","contentUrl":"https:\/\/sweetchef.fr\/wp-content\/uploads\/2026\/03\/4.png","width":1080,"height":1350},{"@type":"BreadcrumbList","@id":"https:\/\/sweetchef.fr\/produit\/tortillas-medium-25-cm\/#breadcrumb","itemListElement":[{"@type":"ListItem","position":1,"name":"Accueil","item":"https:\/\/sweetchef.fr\/"},{"@type":"ListItem","position":2,"name":"shop","item":"https:\/\/sweetchef.fr\/shop\/"},{"@type":"ListItem","position":3,"name":"Tortillas Medium &#8211; 25 cm"}]},{"@type":"WebSite","@id":"https:\/\/sweetchef.fr\/#website","url":"https:\/\/sweetchef.fr\/","name":"Sweetchef","description":"Le secret des chefs","publisher":{"@id":"https:\/\/sweetchef.fr\/#organization"},"potentialAction":[{"@type":"SearchAction","target":{"@type":"EntryPoint","urlTemplate":"https:\/\/sweetchef.fr\/?s={search_term_string}"},"query-input":{"@type":"PropertyValueSpecification","valueRequired":true,"valueName":"search_term_string"}}],"inLanguage":"en-US"},{"@type":"Organization","@id":"https:\/\/sweetchef.fr\/#organization","name":"SweetChef","url":"https:\/\/sweetchef.fr\/","logo":{"@type":"ImageObject","inLanguage":"en-US","@id":"https:\/\/sweetchef.fr\/#\/schema\/logo\/image\/","url":"https:\/\/sweetchef.fr\/wp-content\/uploads\/2024\/04\/Logo-sweetchef-1.png","contentUrl":"https:\/\/sweetchef.fr\/wp-content\/uploads\/2024\/04\/Logo-sweetchef-1.png","width":127,"height":128,"caption":"SweetChef"},"image":{"@id":"https:\/\/sweetchef.fr\/#\/schema\/logo\/image\/"},"sameAs":["https:\/\/www.instagram.com\/sweetchef.fr"]}]}},"_links":{"self":[{"href":"https:\/\/sweetchef.fr\/en\/wp-json\/wp\/v2\/product\/12972","targetHints":{"allow":["GET"]}}],"collection":[{"href":"https:\/\/sweetchef.fr\/en\/wp-json\/wp\/v2\/product"}],"about":[{"href":"https:\/\/sweetchef.fr\/en\/wp-json\/wp\/v2\/types\/product"}],"replies":[{"embeddable":true,"href":"https:\/\/sweetchef.fr\/en\/wp-json\/wp\/v2\/comments?post=12972"}],"wp:featuredmedia":[{"embeddable":true,"href":"https:\/\/sweetchef.fr\/en\/wp-json\/wp\/v2\/media\/12948"}],"wp:attachment":[{"href":"https:\/\/sweetchef.fr\/en\/wp-json\/wp\/v2\/media?parent=12972"}],"wp:term":[{"taxonomy":"product_cat","embeddable":true,"href":"https:\/\/sweetchef.fr\/en\/wp-json\/wp\/v2\/product_cat?post=12972"},{"taxonomy":"product_tag","embeddable":true,"href":"https:\/\/sweetchef.fr\/en\/wp-json\/wp\/v2\/product_tag?post=12972"}],"curies":[{"name":"wp","href":"https:\/\/api.w.org\/{rel}","templated":true}]}}