{"id":12952,"date":"2026-03-04T16:04:31","date_gmt":"2026-03-04T15:04:31","guid":{"rendered":"https:\/\/sweetchef.fr\/?post_type=product&#038;p=12952"},"modified":"2026-03-05T13:57:19","modified_gmt":"2026-03-05T12:57:19","slug":"sauce-pinsa","status":"publish","type":"product","link":"https:\/\/sweetchef.fr\/en\/product\/sauce-pinsa\/","title":{"rendered":"Sauce Pinsa"},"content":{"rendered":"<p data-start=\"3394\" data-end=\"3452\"><strong data-start=\"3394\" data-end=\"3452\">La sauce id\u00e9ale pour des pinsas et pizzas savoureuses.<\/strong><\/p>\n<p data-start=\"3454\" data-end=\"3652\">La <strong data-start=\"3457\" data-end=\"3482\">Sauce Pinsa SweetChef<\/strong> est \u00e9labor\u00e9e pour apporter un go\u00fbt riche et \u00e9quilibr\u00e9 \u00e0 vos pinsas et pizzas. Sa texture et sa saveur tomate relev\u00e9e en font une base parfaite pour toutes vos cr\u00e9ations.<\/p>\n<p data-start=\"3654\" data-end=\"3776\">\u2714 Sauce tomate pr\u00eate \u00e0 l\u2019emploi<br data-start=\"3685\" data-end=\"3688\" \/>\u2714 Id\u00e9ale pour pinsas et pizzas<br data-start=\"3718\" data-end=\"3721\" \/>\u2714 Go\u00fbt \u00e9quilibr\u00e9 et savoureux<br data-start=\"3750\" data-end=\"3753\" \/>\u2714 Format pratique 400 g<\/p>\n<p data-start=\"3778\" data-end=\"3858\">La touche indispensable pour <strong data-start=\"3807\" data-end=\"3858\">r\u00e9ussir facilement vos pinsas et pizzas maison.<\/strong><\/p>","protected":false},"excerpt":{"rendered":"<p>La sauce id\u00e9ale pour des pinsas et pizzas savoureuses. La Sauce Pinsa SweetChef est \u00e9labor\u00e9e pour apporter un go\u00fbt riche et \u00e9quilibr\u00e9 \u00e0 vos pinsas et pizzas. Sa texture et sa saveur tomate relev\u00e9e en font une base parfaite pour toutes vos cr\u00e9ations. \u2714 Sauce tomate pr\u00eate \u00e0 l\u2019emploi\u2714 Id\u00e9ale pour pinsas et pizzas\u2714 Go\u00fbt [&hellip;]<\/p>","protected":false},"featured_media":12951,"comment_status":"open","ping_status":"closed","template":"","meta":{"_acf_changed":false},"product_cat":[55],"product_tag":[],"class_list":{"0":"post-12952","1":"product","2":"type-product","3":"status-publish","4":"has-post-thumbnail","6":"product_cat-pinsa","8":"first","9":"instock","10":"taxable","11":"shipping-taxable","12":"purchasable","13":"product-type-simple","14":"add-to-wishlist-before_image"},"acf":[],"yoast_head":"<!-- This site is optimized with the Yoast SEO plugin v23.4 - https:\/\/yoast.com\/wordpress\/plugins\/seo\/ -->\n<title>Sauce Pinsa - Sweetchef<\/title>\n<meta name=\"robots\" content=\"index, follow, max-snippet:-1, max-image-preview:large, max-video-preview:-1\" \/>\n<link rel=\"canonical\" href=\"https:\/\/sweetchef.fr\/en\/product\/sauce-pinsa\/\" \/>\n<meta property=\"og:locale\" content=\"en_US\" \/>\n<meta property=\"og:type\" content=\"article\" \/>\n<meta property=\"og:title\" content=\"Sauce Pinsa - Sweetchef\" \/>\n<meta property=\"og:description\" content=\"La sauce id\u00e9ale pour des pinsas et pizzas savoureuses. La Sauce Pinsa SweetChef est \u00e9labor\u00e9e pour apporter un go\u00fbt riche et \u00e9quilibr\u00e9 \u00e0 vos pinsas et pizzas. Sa texture et sa saveur tomate relev\u00e9e en font une base parfaite pour toutes vos cr\u00e9ations. \u2714 Sauce tomate pr\u00eate \u00e0 l\u2019emploi\u2714 Id\u00e9ale pour pinsas et pizzas\u2714 Go\u00fbt [&hellip;]\" \/>\n<meta property=\"og:url\" content=\"https:\/\/sweetchef.fr\/en\/product\/sauce-pinsa\/\" \/>\n<meta property=\"og:site_name\" content=\"Sweetchef\" \/>\n<meta property=\"article:modified_time\" content=\"2026-03-05T12:57:19+00:00\" \/>\n<meta property=\"og:image\" content=\"https:\/\/sweetchef.fr\/wp-content\/uploads\/2026\/03\/7.png\" \/>\n\t<meta property=\"og:image:width\" content=\"1080\" \/>\n\t<meta property=\"og:image:height\" content=\"1350\" \/>\n\t<meta property=\"og:image:type\" content=\"image\/png\" \/>\n<meta name=\"twitter:card\" content=\"summary_large_image\" \/>\n<script type=\"application\/ld+json\" class=\"yoast-schema-graph\">{\"@context\":\"https:\/\/schema.org\",\"@graph\":[{\"@type\":\"WebPage\",\"@id\":\"https:\/\/sweetchef.fr\/produit\/sauce-pinsa\/\",\"url\":\"https:\/\/sweetchef.fr\/produit\/sauce-pinsa\/\",\"name\":\"Sauce Pinsa - Sweetchef\",\"isPartOf\":{\"@id\":\"https:\/\/sweetchef.fr\/#website\"},\"primaryImageOfPage\":{\"@id\":\"https:\/\/sweetchef.fr\/produit\/sauce-pinsa\/#primaryimage\"},\"image\":{\"@id\":\"https:\/\/sweetchef.fr\/produit\/sauce-pinsa\/#primaryimage\"},\"thumbnailUrl\":\"https:\/\/sweetchef.fr\/wp-content\/uploads\/2026\/03\/7.png\",\"datePublished\":\"2026-03-04T15:04:31+00:00\",\"dateModified\":\"2026-03-05T12:57:19+00:00\",\"breadcrumb\":{\"@id\":\"https:\/\/sweetchef.fr\/produit\/sauce-pinsa\/#breadcrumb\"},\"inLanguage\":\"en-US\",\"potentialAction\":[{\"@type\":\"ReadAction\",\"target\":[\"https:\/\/sweetchef.fr\/produit\/sauce-pinsa\/\"]}]},{\"@type\":\"ImageObject\",\"inLanguage\":\"en-US\",\"@id\":\"https:\/\/sweetchef.fr\/produit\/sauce-pinsa\/#primaryimage\",\"url\":\"https:\/\/sweetchef.fr\/wp-content\/uploads\/2026\/03\/7.png\",\"contentUrl\":\"https:\/\/sweetchef.fr\/wp-content\/uploads\/2026\/03\/7.png\",\"width\":1080,\"height\":1350},{\"@type\":\"BreadcrumbList\",\"@id\":\"https:\/\/sweetchef.fr\/produit\/sauce-pinsa\/#breadcrumb\",\"itemListElement\":[{\"@type\":\"ListItem\",\"position\":1,\"name\":\"Accueil\",\"item\":\"https:\/\/sweetchef.fr\/\"},{\"@type\":\"ListItem\",\"position\":2,\"name\":\"shop\",\"item\":\"https:\/\/sweetchef.fr\/shop\/\"},{\"@type\":\"ListItem\",\"position\":3,\"name\":\"Sauce Pinsa\"}]},{\"@type\":\"WebSite\",\"@id\":\"https:\/\/sweetchef.fr\/#website\",\"url\":\"https:\/\/sweetchef.fr\/\",\"name\":\"Sweetchef\",\"description\":\"Le secret des chefs\",\"publisher\":{\"@id\":\"https:\/\/sweetchef.fr\/#organization\"},\"potentialAction\":[{\"@type\":\"SearchAction\",\"target\":{\"@type\":\"EntryPoint\",\"urlTemplate\":\"https:\/\/sweetchef.fr\/?s={search_term_string}\"},\"query-input\":{\"@type\":\"PropertyValueSpecification\",\"valueRequired\":true,\"valueName\":\"search_term_string\"}}],\"inLanguage\":\"en-US\"},{\"@type\":\"Organization\",\"@id\":\"https:\/\/sweetchef.fr\/#organization\",\"name\":\"SweetChef\",\"url\":\"https:\/\/sweetchef.fr\/\",\"logo\":{\"@type\":\"ImageObject\",\"inLanguage\":\"en-US\",\"@id\":\"https:\/\/sweetchef.fr\/#\/schema\/logo\/image\/\",\"url\":\"https:\/\/sweetchef.fr\/wp-content\/uploads\/2024\/04\/Logo-sweetchef-1.png\",\"contentUrl\":\"https:\/\/sweetchef.fr\/wp-content\/uploads\/2024\/04\/Logo-sweetchef-1.png\",\"width\":127,\"height\":128,\"caption\":\"SweetChef\"},\"image\":{\"@id\":\"https:\/\/sweetchef.fr\/#\/schema\/logo\/image\/\"},\"sameAs\":[\"https:\/\/www.instagram.com\/sweetchef.fr\"]}]}<\/script>\n<!-- \/ Yoast SEO plugin. -->","yoast_head_json":{"title":"Sauce Pinsa - Sweetchef","robots":{"index":"index","follow":"follow","max-snippet":"max-snippet:-1","max-image-preview":"max-image-preview:large","max-video-preview":"max-video-preview:-1"},"canonical":"https:\/\/sweetchef.fr\/en\/product\/sauce-pinsa\/","og_locale":"en_US","og_type":"article","og_title":"Sauce Pinsa - Sweetchef","og_description":"La sauce id\u00e9ale pour des pinsas et pizzas savoureuses. La Sauce Pinsa SweetChef est \u00e9labor\u00e9e pour apporter un go\u00fbt riche et \u00e9quilibr\u00e9 \u00e0 vos pinsas et pizzas. Sa texture et sa saveur tomate relev\u00e9e en font une base parfaite pour toutes vos cr\u00e9ations. \u2714 Sauce tomate pr\u00eate \u00e0 l\u2019emploi\u2714 Id\u00e9ale pour pinsas et pizzas\u2714 Go\u00fbt [&hellip;]","og_url":"https:\/\/sweetchef.fr\/en\/product\/sauce-pinsa\/","og_site_name":"Sweetchef","article_modified_time":"2026-03-05T12:57:19+00:00","og_image":[{"width":1080,"height":1350,"url":"https:\/\/sweetchef.fr\/wp-content\/uploads\/2026\/03\/7.png","type":"image\/png"}],"twitter_card":"summary_large_image","schema":{"@context":"https:\/\/schema.org","@graph":[{"@type":"WebPage","@id":"https:\/\/sweetchef.fr\/produit\/sauce-pinsa\/","url":"https:\/\/sweetchef.fr\/produit\/sauce-pinsa\/","name":"Sauce Pinsa - Sweetchef","isPartOf":{"@id":"https:\/\/sweetchef.fr\/#website"},"primaryImageOfPage":{"@id":"https:\/\/sweetchef.fr\/produit\/sauce-pinsa\/#primaryimage"},"image":{"@id":"https:\/\/sweetchef.fr\/produit\/sauce-pinsa\/#primaryimage"},"thumbnailUrl":"https:\/\/sweetchef.fr\/wp-content\/uploads\/2026\/03\/7.png","datePublished":"2026-03-04T15:04:31+00:00","dateModified":"2026-03-05T12:57:19+00:00","breadcrumb":{"@id":"https:\/\/sweetchef.fr\/produit\/sauce-pinsa\/#breadcrumb"},"inLanguage":"en-US","potentialAction":[{"@type":"ReadAction","target":["https:\/\/sweetchef.fr\/produit\/sauce-pinsa\/"]}]},{"@type":"ImageObject","inLanguage":"en-US","@id":"https:\/\/sweetchef.fr\/produit\/sauce-pinsa\/#primaryimage","url":"https:\/\/sweetchef.fr\/wp-content\/uploads\/2026\/03\/7.png","contentUrl":"https:\/\/sweetchef.fr\/wp-content\/uploads\/2026\/03\/7.png","width":1080,"height":1350},{"@type":"BreadcrumbList","@id":"https:\/\/sweetchef.fr\/produit\/sauce-pinsa\/#breadcrumb","itemListElement":[{"@type":"ListItem","position":1,"name":"Accueil","item":"https:\/\/sweetchef.fr\/"},{"@type":"ListItem","position":2,"name":"shop","item":"https:\/\/sweetchef.fr\/shop\/"},{"@type":"ListItem","position":3,"name":"Sauce Pinsa"}]},{"@type":"WebSite","@id":"https:\/\/sweetchef.fr\/#website","url":"https:\/\/sweetchef.fr\/","name":"Sweetchef","description":"Le secret des chefs","publisher":{"@id":"https:\/\/sweetchef.fr\/#organization"},"potentialAction":[{"@type":"SearchAction","target":{"@type":"EntryPoint","urlTemplate":"https:\/\/sweetchef.fr\/?s={search_term_string}"},"query-input":{"@type":"PropertyValueSpecification","valueRequired":true,"valueName":"search_term_string"}}],"inLanguage":"en-US"},{"@type":"Organization","@id":"https:\/\/sweetchef.fr\/#organization","name":"SweetChef","url":"https:\/\/sweetchef.fr\/","logo":{"@type":"ImageObject","inLanguage":"en-US","@id":"https:\/\/sweetchef.fr\/#\/schema\/logo\/image\/","url":"https:\/\/sweetchef.fr\/wp-content\/uploads\/2024\/04\/Logo-sweetchef-1.png","contentUrl":"https:\/\/sweetchef.fr\/wp-content\/uploads\/2024\/04\/Logo-sweetchef-1.png","width":127,"height":128,"caption":"SweetChef"},"image":{"@id":"https:\/\/sweetchef.fr\/#\/schema\/logo\/image\/"},"sameAs":["https:\/\/www.instagram.com\/sweetchef.fr"]}]}},"_links":{"self":[{"href":"https:\/\/sweetchef.fr\/en\/wp-json\/wp\/v2\/product\/12952","targetHints":{"allow":["GET"]}}],"collection":[{"href":"https:\/\/sweetchef.fr\/en\/wp-json\/wp\/v2\/product"}],"about":[{"href":"https:\/\/sweetchef.fr\/en\/wp-json\/wp\/v2\/types\/product"}],"replies":[{"embeddable":true,"href":"https:\/\/sweetchef.fr\/en\/wp-json\/wp\/v2\/comments?post=12952"}],"wp:featuredmedia":[{"embeddable":true,"href":"https:\/\/sweetchef.fr\/en\/wp-json\/wp\/v2\/media\/12951"}],"wp:attachment":[{"href":"https:\/\/sweetchef.fr\/en\/wp-json\/wp\/v2\/media?parent=12952"}],"wp:term":[{"taxonomy":"product_cat","embeddable":true,"href":"https:\/\/sweetchef.fr\/en\/wp-json\/wp\/v2\/product_cat?post=12952"},{"taxonomy":"product_tag","embeddable":true,"href":"https:\/\/sweetchef.fr\/en\/wp-json\/wp\/v2\/product_tag?post=12952"}],"curies":[{"name":"wp","href":"https:\/\/api.w.org\/{rel}","templated":true}]}}