{"id":11518,"date":"2026-01-05T13:45:02","date_gmt":"2026-01-05T12:45:02","guid":{"rendered":"https:\/\/sweetchef.fr\/?post_type=product&#038;p=11518"},"modified":"2026-01-21T15:24:08","modified_gmt":"2026-01-21T14:24:08","slug":"sauce-cafe-de-paris","status":"publish","type":"product","link":"https:\/\/sweetchef.fr\/en\/product\/sauce-cafe-de-paris\/","title":{"rendered":"SAUCE CAF\u00c9 DE PARIS"},"content":{"rendered":"<p data-start=\"223\" data-end=\"509\">La <strong data-start=\"226\" data-end=\"259\">sauce Caf\u00e9 de Paris SweetChef<\/strong> est une sauce embl\u00e9matique, riche et savoureuse, inspir\u00e9e de la c\u00e9l\u00e8bre recette aux herbes et aux \u00e9pices. Sa texture onctueuse et son go\u00fbt intense en font l\u2019alli\u00e9e parfaite pour sublimer vos plats du quotidien comme vos recettes les plus g\u00e9n\u00e9reuses.<\/p>\n<p data-start=\"511\" data-end=\"796\">Id\u00e9ale pour accompagner <strong data-start=\"535\" data-end=\"615\">viandes grill\u00e9es, steaks, burgers, poulet, pommes de terre, p\u00e2tes ou l\u00e9gumes<\/strong>, cette sauce apporte une touche gourmande et raffin\u00e9e \u00e0 chaque bouch\u00e9e. Pr\u00eate \u00e0 l\u2019emploi, elle s\u2019int\u00e8gre facilement dans toutes vos pr\u00e9parations, \u00e0 la maison comme en restauration.<\/p>\n<p data-start=\"798\" data-end=\"945\">\u2714\ufe0f Go\u00fbt authentique et \u00e9quilibr\u00e9<br data-start=\"830\" data-end=\"833\" \/>\u2714\ufe0f Texture cr\u00e9meuse et fondante<br data-start=\"864\" data-end=\"867\" \/>\u2714\ufe0f Parfaite pour viandes, burgers et plats chauds<br data-start=\"916\" data-end=\"919\" \/>\u2714\ufe0f Format pratique 150 g<\/p>\n<p data-start=\"947\" data-end=\"1030\">Avec SweetChef, transformez chaque repas en une exp\u00e9rience savoureuse et g\u00e9n\u00e9reuse.<\/p>\n<hr data-start=\"1032\" data-end=\"1035\" \/>\n<p data-start=\"1037\" data-end=\"1075\">","protected":false},"excerpt":{"rendered":"<p>La sauce Caf\u00e9 de Paris SweetChef est une sauce embl\u00e9matique, riche et savoureuse, inspir\u00e9e de la c\u00e9l\u00e8bre recette aux herbes et aux \u00e9pices. Sa texture onctueuse et son go\u00fbt intense en font l\u2019alli\u00e9e parfaite pour sublimer vos plats du quotidien comme vos recettes les plus g\u00e9n\u00e9reuses. Id\u00e9ale pour accompagner viandes grill\u00e9es, steaks, burgers, poulet, pommes [&hellip;]<\/p>","protected":false},"featured_media":12024,"comment_status":"open","ping_status":"closed","template":"","meta":{"_acf_changed":false},"product_cat":[23],"product_tag":[],"class_list":{"0":"post-11518","1":"product","2":"type-product","3":"status-publish","4":"has-post-thumbnail","6":"product_cat-les-sauces-chaudes","8":"first","9":"instock","10":"taxable","11":"shipping-taxable","12":"purchasable","13":"product-type-simple","14":"add-to-wishlist-before_image"},"acf":[],"yoast_head":"<!-- This site is optimized with the Yoast SEO plugin v23.4 - https:\/\/yoast.com\/wordpress\/plugins\/seo\/ -->\n<title>SAUCE CAF\u00c9 DE PARIS - Sweetchef<\/title>\n<meta name=\"robots\" content=\"index, follow, max-snippet:-1, max-image-preview:large, max-video-preview:-1\" \/>\n<link rel=\"canonical\" href=\"https:\/\/sweetchef.fr\/en\/product\/sauce-cafe-de-paris\/\" \/>\n<meta property=\"og:locale\" content=\"en_US\" \/>\n<meta property=\"og:type\" content=\"article\" \/>\n<meta property=\"og:title\" content=\"SAUCE CAF\u00c9 DE PARIS - Sweetchef\" \/>\n<meta property=\"og:description\" content=\"La sauce Caf\u00e9 de Paris SweetChef est une sauce embl\u00e9matique, riche et savoureuse, inspir\u00e9e de la c\u00e9l\u00e8bre recette aux herbes et aux \u00e9pices. Sa texture onctueuse et son go\u00fbt intense en font l\u2019alli\u00e9e parfaite pour sublimer vos plats du quotidien comme vos recettes les plus g\u00e9n\u00e9reuses. Id\u00e9ale pour accompagner viandes grill\u00e9es, steaks, burgers, poulet, pommes [&hellip;]\" \/>\n<meta property=\"og:url\" content=\"https:\/\/sweetchef.fr\/en\/product\/sauce-cafe-de-paris\/\" \/>\n<meta property=\"og:site_name\" content=\"Sweetchef\" \/>\n<meta property=\"article:modified_time\" content=\"2026-01-21T14:24:08+00:00\" \/>\n<meta property=\"og:image\" content=\"https:\/\/sweetchef.fr\/wp-content\/uploads\/2026\/01\/1-3.png\" \/>\n\t<meta property=\"og:image:width\" content=\"1080\" \/>\n\t<meta property=\"og:image:height\" content=\"1350\" \/>\n\t<meta property=\"og:image:type\" content=\"image\/png\" \/>\n<meta name=\"twitter:card\" content=\"summary_large_image\" \/>\n<script type=\"application\/ld+json\" class=\"yoast-schema-graph\">{\"@context\":\"https:\/\/schema.org\",\"@graph\":[{\"@type\":\"WebPage\",\"@id\":\"https:\/\/sweetchef.fr\/produit\/sauce-cafe-de-paris\/\",\"url\":\"https:\/\/sweetchef.fr\/produit\/sauce-cafe-de-paris\/\",\"name\":\"SAUCE CAF\u00c9 DE PARIS - Sweetchef\",\"isPartOf\":{\"@id\":\"https:\/\/sweetchef.fr\/#website\"},\"primaryImageOfPage\":{\"@id\":\"https:\/\/sweetchef.fr\/produit\/sauce-cafe-de-paris\/#primaryimage\"},\"image\":{\"@id\":\"https:\/\/sweetchef.fr\/produit\/sauce-cafe-de-paris\/#primaryimage\"},\"thumbnailUrl\":\"https:\/\/sweetchef.fr\/wp-content\/uploads\/2026\/01\/1-3.png\",\"datePublished\":\"2026-01-05T12:45:02+00:00\",\"dateModified\":\"2026-01-21T14:24:08+00:00\",\"breadcrumb\":{\"@id\":\"https:\/\/sweetchef.fr\/produit\/sauce-cafe-de-paris\/#breadcrumb\"},\"inLanguage\":\"en-US\",\"potentialAction\":[{\"@type\":\"ReadAction\",\"target\":[\"https:\/\/sweetchef.fr\/produit\/sauce-cafe-de-paris\/\"]}]},{\"@type\":\"ImageObject\",\"inLanguage\":\"en-US\",\"@id\":\"https:\/\/sweetchef.fr\/produit\/sauce-cafe-de-paris\/#primaryimage\",\"url\":\"https:\/\/sweetchef.fr\/wp-content\/uploads\/2026\/01\/1-3.png\",\"contentUrl\":\"https:\/\/sweetchef.fr\/wp-content\/uploads\/2026\/01\/1-3.png\",\"width\":1080,\"height\":1350},{\"@type\":\"BreadcrumbList\",\"@id\":\"https:\/\/sweetchef.fr\/produit\/sauce-cafe-de-paris\/#breadcrumb\",\"itemListElement\":[{\"@type\":\"ListItem\",\"position\":1,\"name\":\"Accueil\",\"item\":\"https:\/\/sweetchef.fr\/\"},{\"@type\":\"ListItem\",\"position\":2,\"name\":\"shop\",\"item\":\"https:\/\/sweetchef.fr\/shop\/\"},{\"@type\":\"ListItem\",\"position\":3,\"name\":\"SAUCE CAF\u00c9 DE PARIS\"}]},{\"@type\":\"WebSite\",\"@id\":\"https:\/\/sweetchef.fr\/#website\",\"url\":\"https:\/\/sweetchef.fr\/\",\"name\":\"Sweetchef\",\"description\":\"Le secret des chefs\",\"publisher\":{\"@id\":\"https:\/\/sweetchef.fr\/#organization\"},\"potentialAction\":[{\"@type\":\"SearchAction\",\"target\":{\"@type\":\"EntryPoint\",\"urlTemplate\":\"https:\/\/sweetchef.fr\/?s={search_term_string}\"},\"query-input\":{\"@type\":\"PropertyValueSpecification\",\"valueRequired\":true,\"valueName\":\"search_term_string\"}}],\"inLanguage\":\"en-US\"},{\"@type\":\"Organization\",\"@id\":\"https:\/\/sweetchef.fr\/#organization\",\"name\":\"SweetChef\",\"url\":\"https:\/\/sweetchef.fr\/\",\"logo\":{\"@type\":\"ImageObject\",\"inLanguage\":\"en-US\",\"@id\":\"https:\/\/sweetchef.fr\/#\/schema\/logo\/image\/\",\"url\":\"https:\/\/sweetchef.fr\/wp-content\/uploads\/2024\/04\/Logo-sweetchef-1.png\",\"contentUrl\":\"https:\/\/sweetchef.fr\/wp-content\/uploads\/2024\/04\/Logo-sweetchef-1.png\",\"width\":127,\"height\":128,\"caption\":\"SweetChef\"},\"image\":{\"@id\":\"https:\/\/sweetchef.fr\/#\/schema\/logo\/image\/\"},\"sameAs\":[\"https:\/\/www.instagram.com\/sweetchef.fr\"]}]}<\/script>\n<!-- \/ Yoast SEO plugin. -->","yoast_head_json":{"title":"SAUCE CAF\u00c9 DE PARIS - Sweetchef","robots":{"index":"index","follow":"follow","max-snippet":"max-snippet:-1","max-image-preview":"max-image-preview:large","max-video-preview":"max-video-preview:-1"},"canonical":"https:\/\/sweetchef.fr\/en\/product\/sauce-cafe-de-paris\/","og_locale":"en_US","og_type":"article","og_title":"SAUCE CAF\u00c9 DE PARIS - Sweetchef","og_description":"La sauce Caf\u00e9 de Paris SweetChef est une sauce embl\u00e9matique, riche et savoureuse, inspir\u00e9e de la c\u00e9l\u00e8bre recette aux herbes et aux \u00e9pices. Sa texture onctueuse et son go\u00fbt intense en font l\u2019alli\u00e9e parfaite pour sublimer vos plats du quotidien comme vos recettes les plus g\u00e9n\u00e9reuses. Id\u00e9ale pour accompagner viandes grill\u00e9es, steaks, burgers, poulet, pommes [&hellip;]","og_url":"https:\/\/sweetchef.fr\/en\/product\/sauce-cafe-de-paris\/","og_site_name":"Sweetchef","article_modified_time":"2026-01-21T14:24:08+00:00","og_image":[{"width":1080,"height":1350,"url":"https:\/\/sweetchef.fr\/wp-content\/uploads\/2026\/01\/1-3.png","type":"image\/png"}],"twitter_card":"summary_large_image","schema":{"@context":"https:\/\/schema.org","@graph":[{"@type":"WebPage","@id":"https:\/\/sweetchef.fr\/produit\/sauce-cafe-de-paris\/","url":"https:\/\/sweetchef.fr\/produit\/sauce-cafe-de-paris\/","name":"SAUCE CAF\u00c9 DE PARIS - Sweetchef","isPartOf":{"@id":"https:\/\/sweetchef.fr\/#website"},"primaryImageOfPage":{"@id":"https:\/\/sweetchef.fr\/produit\/sauce-cafe-de-paris\/#primaryimage"},"image":{"@id":"https:\/\/sweetchef.fr\/produit\/sauce-cafe-de-paris\/#primaryimage"},"thumbnailUrl":"https:\/\/sweetchef.fr\/wp-content\/uploads\/2026\/01\/1-3.png","datePublished":"2026-01-05T12:45:02+00:00","dateModified":"2026-01-21T14:24:08+00:00","breadcrumb":{"@id":"https:\/\/sweetchef.fr\/produit\/sauce-cafe-de-paris\/#breadcrumb"},"inLanguage":"en-US","potentialAction":[{"@type":"ReadAction","target":["https:\/\/sweetchef.fr\/produit\/sauce-cafe-de-paris\/"]}]},{"@type":"ImageObject","inLanguage":"en-US","@id":"https:\/\/sweetchef.fr\/produit\/sauce-cafe-de-paris\/#primaryimage","url":"https:\/\/sweetchef.fr\/wp-content\/uploads\/2026\/01\/1-3.png","contentUrl":"https:\/\/sweetchef.fr\/wp-content\/uploads\/2026\/01\/1-3.png","width":1080,"height":1350},{"@type":"BreadcrumbList","@id":"https:\/\/sweetchef.fr\/produit\/sauce-cafe-de-paris\/#breadcrumb","itemListElement":[{"@type":"ListItem","position":1,"name":"Accueil","item":"https:\/\/sweetchef.fr\/"},{"@type":"ListItem","position":2,"name":"shop","item":"https:\/\/sweetchef.fr\/shop\/"},{"@type":"ListItem","position":3,"name":"SAUCE CAF\u00c9 DE PARIS"}]},{"@type":"WebSite","@id":"https:\/\/sweetchef.fr\/#website","url":"https:\/\/sweetchef.fr\/","name":"Sweetchef","description":"Le secret des chefs","publisher":{"@id":"https:\/\/sweetchef.fr\/#organization"},"potentialAction":[{"@type":"SearchAction","target":{"@type":"EntryPoint","urlTemplate":"https:\/\/sweetchef.fr\/?s={search_term_string}"},"query-input":{"@type":"PropertyValueSpecification","valueRequired":true,"valueName":"search_term_string"}}],"inLanguage":"en-US"},{"@type":"Organization","@id":"https:\/\/sweetchef.fr\/#organization","name":"SweetChef","url":"https:\/\/sweetchef.fr\/","logo":{"@type":"ImageObject","inLanguage":"en-US","@id":"https:\/\/sweetchef.fr\/#\/schema\/logo\/image\/","url":"https:\/\/sweetchef.fr\/wp-content\/uploads\/2024\/04\/Logo-sweetchef-1.png","contentUrl":"https:\/\/sweetchef.fr\/wp-content\/uploads\/2024\/04\/Logo-sweetchef-1.png","width":127,"height":128,"caption":"SweetChef"},"image":{"@id":"https:\/\/sweetchef.fr\/#\/schema\/logo\/image\/"},"sameAs":["https:\/\/www.instagram.com\/sweetchef.fr"]}]}},"_links":{"self":[{"href":"https:\/\/sweetchef.fr\/en\/wp-json\/wp\/v2\/product\/11518","targetHints":{"allow":["GET"]}}],"collection":[{"href":"https:\/\/sweetchef.fr\/en\/wp-json\/wp\/v2\/product"}],"about":[{"href":"https:\/\/sweetchef.fr\/en\/wp-json\/wp\/v2\/types\/product"}],"replies":[{"embeddable":true,"href":"https:\/\/sweetchef.fr\/en\/wp-json\/wp\/v2\/comments?post=11518"}],"wp:featuredmedia":[{"embeddable":true,"href":"https:\/\/sweetchef.fr\/en\/wp-json\/wp\/v2\/media\/12024"}],"wp:attachment":[{"href":"https:\/\/sweetchef.fr\/en\/wp-json\/wp\/v2\/media?parent=11518"}],"wp:term":[{"taxonomy":"product_cat","embeddable":true,"href":"https:\/\/sweetchef.fr\/en\/wp-json\/wp\/v2\/product_cat?post=11518"},{"taxonomy":"product_tag","embeddable":true,"href":"https:\/\/sweetchef.fr\/en\/wp-json\/wp\/v2\/product_tag?post=11518"}],"curies":[{"name":"wp","href":"https:\/\/api.w.org\/{rel}","templated":true}]}}