{"id":11094,"date":"2025-12-09T11:27:39","date_gmt":"2025-12-09T10:27:39","guid":{"rendered":"https:\/\/sweetchef.fr\/?post_type=product&#038;p=11094"},"modified":"2025-12-10T14:02:43","modified_gmt":"2025-12-10T13:02:43","slug":"la-grecque","status":"publish","type":"product","link":"https:\/\/sweetchef.fr\/en\/product\/la-grecque\/","title":{"rendered":"LA GRECQUE"},"content":{"rendered":"<p data-start=\"131\" data-end=\"396\">D\u00e9couvrez la Sauce Salade<strong data-start=\"144\" data-end=\"180\">\u00a0La Grecque SweetChef<\/strong>, une sauce fra\u00eeche et cr\u00e9meuse \u00e0 la saveur yaourt, id\u00e9ale pour sublimer salades, l\u00e9gumes et bowls. Son go\u00fbt inspir\u00e9 de la cuisine m\u00e9diterran\u00e9enne apporte \u00e9quilibre, douceur et caract\u00e8re \u00e0 chaque plat. Format 450 ml.<\/p>","protected":false},"excerpt":{"rendered":"<p>D\u00e9couvrez la Sauce Salade\u00a0La Grecque SweetChef, une sauce fra\u00eeche et cr\u00e9meuse \u00e0 la saveur yaourt, id\u00e9ale pour sublimer salades, l\u00e9gumes et bowls. Son go\u00fbt inspir\u00e9 de la cuisine m\u00e9diterran\u00e9enne apporte \u00e9quilibre, douceur et caract\u00e8re \u00e0 chaque plat. Format 450 ml.<\/p>","protected":false},"featured_media":11127,"comment_status":"open","ping_status":"closed","template":"","meta":{"_acf_changed":false},"product_cat":[47],"product_tag":[],"class_list":{"0":"post-11094","1":"product","2":"type-product","3":"status-publish","4":"has-post-thumbnail","6":"product_cat-les-sauces-salade","8":"first","9":"instock","10":"taxable","11":"shipping-taxable","12":"purchasable","13":"product-type-simple","14":"add-to-wishlist-before_image"},"acf":[],"yoast_head":"<!-- This site is optimized with the Yoast SEO plugin v23.4 - https:\/\/yoast.com\/wordpress\/plugins\/seo\/ -->\n<title>LA GRECQUE - Sweetchef<\/title>\n<meta name=\"robots\" content=\"index, follow, max-snippet:-1, max-image-preview:large, max-video-preview:-1\" \/>\n<link rel=\"canonical\" href=\"https:\/\/sweetchef.fr\/en\/product\/la-grecque\/\" \/>\n<meta property=\"og:locale\" content=\"en_US\" \/>\n<meta property=\"og:type\" content=\"article\" \/>\n<meta property=\"og:title\" content=\"LA GRECQUE - Sweetchef\" \/>\n<meta property=\"og:description\" content=\"D\u00e9couvrez la Sauce Salade\u00a0La Grecque SweetChef, une sauce fra\u00eeche et cr\u00e9meuse \u00e0 la saveur yaourt, id\u00e9ale pour sublimer salades, l\u00e9gumes et bowls. Son go\u00fbt inspir\u00e9 de la cuisine m\u00e9diterran\u00e9enne apporte \u00e9quilibre, douceur et caract\u00e8re \u00e0 chaque plat. Format 450 ml.\" \/>\n<meta property=\"og:url\" content=\"https:\/\/sweetchef.fr\/en\/product\/la-grecque\/\" \/>\n<meta property=\"og:site_name\" content=\"Sweetchef\" \/>\n<meta property=\"article:modified_time\" content=\"2025-12-10T13:02:43+00:00\" \/>\n<meta property=\"og:image\" content=\"https:\/\/sweetchef.fr\/wp-content\/uploads\/2025\/12\/Design-sans-titre-5.png\" \/>\n\t<meta property=\"og:image:width\" content=\"1080\" \/>\n\t<meta property=\"og:image:height\" content=\"1350\" \/>\n\t<meta property=\"og:image:type\" content=\"image\/png\" \/>\n<meta name=\"twitter:card\" content=\"summary_large_image\" \/>\n<script type=\"application\/ld+json\" class=\"yoast-schema-graph\">{\"@context\":\"https:\/\/schema.org\",\"@graph\":[{\"@type\":\"WebPage\",\"@id\":\"https:\/\/sweetchef.fr\/produit\/la-grecque\/\",\"url\":\"https:\/\/sweetchef.fr\/produit\/la-grecque\/\",\"name\":\"LA GRECQUE - Sweetchef\",\"isPartOf\":{\"@id\":\"https:\/\/sweetchef.fr\/#website\"},\"primaryImageOfPage\":{\"@id\":\"https:\/\/sweetchef.fr\/produit\/la-grecque\/#primaryimage\"},\"image\":{\"@id\":\"https:\/\/sweetchef.fr\/produit\/la-grecque\/#primaryimage\"},\"thumbnailUrl\":\"https:\/\/sweetchef.fr\/wp-content\/uploads\/2025\/12\/Design-sans-titre-5.png\",\"datePublished\":\"2025-12-09T10:27:39+00:00\",\"dateModified\":\"2025-12-10T13:02:43+00:00\",\"breadcrumb\":{\"@id\":\"https:\/\/sweetchef.fr\/produit\/la-grecque\/#breadcrumb\"},\"inLanguage\":\"en-US\",\"potentialAction\":[{\"@type\":\"ReadAction\",\"target\":[\"https:\/\/sweetchef.fr\/produit\/la-grecque\/\"]}]},{\"@type\":\"ImageObject\",\"inLanguage\":\"en-US\",\"@id\":\"https:\/\/sweetchef.fr\/produit\/la-grecque\/#primaryimage\",\"url\":\"https:\/\/sweetchef.fr\/wp-content\/uploads\/2025\/12\/Design-sans-titre-5.png\",\"contentUrl\":\"https:\/\/sweetchef.fr\/wp-content\/uploads\/2025\/12\/Design-sans-titre-5.png\",\"width\":1080,\"height\":1350},{\"@type\":\"BreadcrumbList\",\"@id\":\"https:\/\/sweetchef.fr\/produit\/la-grecque\/#breadcrumb\",\"itemListElement\":[{\"@type\":\"ListItem\",\"position\":1,\"name\":\"Accueil\",\"item\":\"https:\/\/sweetchef.fr\/\"},{\"@type\":\"ListItem\",\"position\":2,\"name\":\"shop\",\"item\":\"https:\/\/sweetchef.fr\/shop\/\"},{\"@type\":\"ListItem\",\"position\":3,\"name\":\"LA GRECQUE\"}]},{\"@type\":\"WebSite\",\"@id\":\"https:\/\/sweetchef.fr\/#website\",\"url\":\"https:\/\/sweetchef.fr\/\",\"name\":\"Sweetchef\",\"description\":\"Le secret des chefs\",\"publisher\":{\"@id\":\"https:\/\/sweetchef.fr\/#organization\"},\"potentialAction\":[{\"@type\":\"SearchAction\",\"target\":{\"@type\":\"EntryPoint\",\"urlTemplate\":\"https:\/\/sweetchef.fr\/?s={search_term_string}\"},\"query-input\":{\"@type\":\"PropertyValueSpecification\",\"valueRequired\":true,\"valueName\":\"search_term_string\"}}],\"inLanguage\":\"en-US\"},{\"@type\":\"Organization\",\"@id\":\"https:\/\/sweetchef.fr\/#organization\",\"name\":\"SweetChef\",\"url\":\"https:\/\/sweetchef.fr\/\",\"logo\":{\"@type\":\"ImageObject\",\"inLanguage\":\"en-US\",\"@id\":\"https:\/\/sweetchef.fr\/#\/schema\/logo\/image\/\",\"url\":\"https:\/\/sweetchef.fr\/wp-content\/uploads\/2024\/04\/Logo-sweetchef-1.png\",\"contentUrl\":\"https:\/\/sweetchef.fr\/wp-content\/uploads\/2024\/04\/Logo-sweetchef-1.png\",\"width\":127,\"height\":128,\"caption\":\"SweetChef\"},\"image\":{\"@id\":\"https:\/\/sweetchef.fr\/#\/schema\/logo\/image\/\"},\"sameAs\":[\"https:\/\/www.instagram.com\/sweetchef.fr\"]}]}<\/script>\n<!-- \/ Yoast SEO plugin. -->","yoast_head_json":{"title":"LA GRECQUE - Sweetchef","robots":{"index":"index","follow":"follow","max-snippet":"max-snippet:-1","max-image-preview":"max-image-preview:large","max-video-preview":"max-video-preview:-1"},"canonical":"https:\/\/sweetchef.fr\/en\/product\/la-grecque\/","og_locale":"en_US","og_type":"article","og_title":"LA GRECQUE - Sweetchef","og_description":"D\u00e9couvrez la Sauce Salade\u00a0La Grecque SweetChef, une sauce fra\u00eeche et cr\u00e9meuse \u00e0 la saveur yaourt, id\u00e9ale pour sublimer salades, l\u00e9gumes et bowls. Son go\u00fbt inspir\u00e9 de la cuisine m\u00e9diterran\u00e9enne apporte \u00e9quilibre, douceur et caract\u00e8re \u00e0 chaque plat. Format 450 ml.","og_url":"https:\/\/sweetchef.fr\/en\/product\/la-grecque\/","og_site_name":"Sweetchef","article_modified_time":"2025-12-10T13:02:43+00:00","og_image":[{"width":1080,"height":1350,"url":"https:\/\/sweetchef.fr\/wp-content\/uploads\/2025\/12\/Design-sans-titre-5.png","type":"image\/png"}],"twitter_card":"summary_large_image","schema":{"@context":"https:\/\/schema.org","@graph":[{"@type":"WebPage","@id":"https:\/\/sweetchef.fr\/produit\/la-grecque\/","url":"https:\/\/sweetchef.fr\/produit\/la-grecque\/","name":"LA GRECQUE - Sweetchef","isPartOf":{"@id":"https:\/\/sweetchef.fr\/#website"},"primaryImageOfPage":{"@id":"https:\/\/sweetchef.fr\/produit\/la-grecque\/#primaryimage"},"image":{"@id":"https:\/\/sweetchef.fr\/produit\/la-grecque\/#primaryimage"},"thumbnailUrl":"https:\/\/sweetchef.fr\/wp-content\/uploads\/2025\/12\/Design-sans-titre-5.png","datePublished":"2025-12-09T10:27:39+00:00","dateModified":"2025-12-10T13:02:43+00:00","breadcrumb":{"@id":"https:\/\/sweetchef.fr\/produit\/la-grecque\/#breadcrumb"},"inLanguage":"en-US","potentialAction":[{"@type":"ReadAction","target":["https:\/\/sweetchef.fr\/produit\/la-grecque\/"]}]},{"@type":"ImageObject","inLanguage":"en-US","@id":"https:\/\/sweetchef.fr\/produit\/la-grecque\/#primaryimage","url":"https:\/\/sweetchef.fr\/wp-content\/uploads\/2025\/12\/Design-sans-titre-5.png","contentUrl":"https:\/\/sweetchef.fr\/wp-content\/uploads\/2025\/12\/Design-sans-titre-5.png","width":1080,"height":1350},{"@type":"BreadcrumbList","@id":"https:\/\/sweetchef.fr\/produit\/la-grecque\/#breadcrumb","itemListElement":[{"@type":"ListItem","position":1,"name":"Accueil","item":"https:\/\/sweetchef.fr\/"},{"@type":"ListItem","position":2,"name":"shop","item":"https:\/\/sweetchef.fr\/shop\/"},{"@type":"ListItem","position":3,"name":"LA GRECQUE"}]},{"@type":"WebSite","@id":"https:\/\/sweetchef.fr\/#website","url":"https:\/\/sweetchef.fr\/","name":"Sweetchef","description":"Le secret des chefs","publisher":{"@id":"https:\/\/sweetchef.fr\/#organization"},"potentialAction":[{"@type":"SearchAction","target":{"@type":"EntryPoint","urlTemplate":"https:\/\/sweetchef.fr\/?s={search_term_string}"},"query-input":{"@type":"PropertyValueSpecification","valueRequired":true,"valueName":"search_term_string"}}],"inLanguage":"en-US"},{"@type":"Organization","@id":"https:\/\/sweetchef.fr\/#organization","name":"SweetChef","url":"https:\/\/sweetchef.fr\/","logo":{"@type":"ImageObject","inLanguage":"en-US","@id":"https:\/\/sweetchef.fr\/#\/schema\/logo\/image\/","url":"https:\/\/sweetchef.fr\/wp-content\/uploads\/2024\/04\/Logo-sweetchef-1.png","contentUrl":"https:\/\/sweetchef.fr\/wp-content\/uploads\/2024\/04\/Logo-sweetchef-1.png","width":127,"height":128,"caption":"SweetChef"},"image":{"@id":"https:\/\/sweetchef.fr\/#\/schema\/logo\/image\/"},"sameAs":["https:\/\/www.instagram.com\/sweetchef.fr"]}]}},"_links":{"self":[{"href":"https:\/\/sweetchef.fr\/en\/wp-json\/wp\/v2\/product\/11094","targetHints":{"allow":["GET"]}}],"collection":[{"href":"https:\/\/sweetchef.fr\/en\/wp-json\/wp\/v2\/product"}],"about":[{"href":"https:\/\/sweetchef.fr\/en\/wp-json\/wp\/v2\/types\/product"}],"replies":[{"embeddable":true,"href":"https:\/\/sweetchef.fr\/en\/wp-json\/wp\/v2\/comments?post=11094"}],"wp:featuredmedia":[{"embeddable":true,"href":"https:\/\/sweetchef.fr\/en\/wp-json\/wp\/v2\/media\/11127"}],"wp:attachment":[{"href":"https:\/\/sweetchef.fr\/en\/wp-json\/wp\/v2\/media?parent=11094"}],"wp:term":[{"taxonomy":"product_cat","embeddable":true,"href":"https:\/\/sweetchef.fr\/en\/wp-json\/wp\/v2\/product_cat?post=11094"},{"taxonomy":"product_tag","embeddable":true,"href":"https:\/\/sweetchef.fr\/en\/wp-json\/wp\/v2\/product_tag?post=11094"}],"curies":[{"name":"wp","href":"https:\/\/api.w.org\/{rel}","templated":true}]}}