{"id":11077,"date":"2025-12-08T16:45:20","date_gmt":"2025-12-08T15:45:20","guid":{"rendered":"https:\/\/sweetchef.fr\/?post_type=product&#038;p=11077"},"modified":"2025-12-10T12:30:09","modified_gmt":"2025-12-10T11:30:09","slug":"croutons-fromage-100g","status":"publish","type":"product","link":"https:\/\/sweetchef.fr\/en\/product\/croutons-fromage-100g\/","title":{"rendered":"Cro\u00fbtons FROMAGE &#8211; 100g"},"content":{"rendered":"<p data-start=\"113\" data-end=\"437\">Ajoutez du go\u00fbt et du croustillant \u00e0 vos plats avec les <strong data-start=\"169\" data-end=\"209\">Cro\u00fbtons Gourmands Fromage SweetChef<\/strong>. Leur texture croquante et leur saveur fromag\u00e8re intense subliment salades, soupes et plats chauds. Pr\u00eats \u00e0 l\u2019emploi, pratiques et gourmands, ils apportent une touche savoureuse \u00e0 toutes vos recettes du quotidien. Format 100 g.<\/p>\n<h3 data-start=\"402\" data-end=\"449\"><\/h3>\n<p>&nbsp;<\/p>","protected":false},"excerpt":{"rendered":"<p>Ajoutez du go\u00fbt et du croustillant \u00e0 vos plats avec les Cro\u00fbtons Gourmands Fromage SweetChef. Leur texture croquante et leur saveur fromag\u00e8re intense subliment salades, soupes et plats chauds. Pr\u00eats \u00e0 l\u2019emploi, pratiques et gourmands, ils apportent une touche savoureuse \u00e0 toutes vos recettes du quotidien. Format 100 g. &nbsp;<\/p>","protected":false},"featured_media":11122,"comment_status":"open","ping_status":"closed","template":"","meta":{"_acf_changed":false},"product_cat":[51],"product_tag":[],"class_list":{"0":"post-11077","1":"product","2":"type-product","3":"status-publish","4":"has-post-thumbnail","6":"product_cat-les-croutons","8":"first","9":"instock","10":"taxable","11":"shipping-taxable","12":"purchasable","13":"product-type-simple","14":"add-to-wishlist-before_image"},"acf":[],"yoast_head":"<!-- This site is optimized with the Yoast SEO plugin v23.4 - https:\/\/yoast.com\/wordpress\/plugins\/seo\/ -->\n<title>Cro\u00fbtons FROMAGE - 100g - Sweetchef<\/title>\n<meta name=\"robots\" content=\"index, follow, max-snippet:-1, max-image-preview:large, max-video-preview:-1\" \/>\n<link rel=\"canonical\" href=\"https:\/\/sweetchef.fr\/en\/product\/croutons-fromage-100g\/\" \/>\n<meta property=\"og:locale\" content=\"en_US\" \/>\n<meta property=\"og:type\" content=\"article\" \/>\n<meta property=\"og:title\" content=\"Cro\u00fbtons FROMAGE - 100g - Sweetchef\" \/>\n<meta property=\"og:description\" content=\"Ajoutez du go\u00fbt et du croustillant \u00e0 vos plats avec les Cro\u00fbtons Gourmands Fromage SweetChef. Leur texture croquante et leur saveur fromag\u00e8re intense subliment salades, soupes et plats chauds. Pr\u00eats \u00e0 l\u2019emploi, pratiques et gourmands, ils apportent une touche savoureuse \u00e0 toutes vos recettes du quotidien. Format 100 g. &nbsp;\" \/>\n<meta property=\"og:url\" content=\"https:\/\/sweetchef.fr\/en\/product\/croutons-fromage-100g\/\" \/>\n<meta property=\"og:site_name\" content=\"Sweetchef\" \/>\n<meta property=\"article:modified_time\" content=\"2025-12-10T11:30:09+00:00\" \/>\n<meta property=\"og:image\" content=\"https:\/\/sweetchef.fr\/wp-content\/uploads\/2025\/12\/Design-sans-titre-1.png\" \/>\n\t<meta property=\"og:image:width\" content=\"1080\" \/>\n\t<meta property=\"og:image:height\" content=\"1350\" \/>\n\t<meta property=\"og:image:type\" content=\"image\/png\" \/>\n<meta name=\"twitter:card\" content=\"summary_large_image\" \/>\n<script type=\"application\/ld+json\" class=\"yoast-schema-graph\">{\"@context\":\"https:\/\/schema.org\",\"@graph\":[{\"@type\":\"WebPage\",\"@id\":\"https:\/\/sweetchef.fr\/produit\/croutons-fromage-100g\/\",\"url\":\"https:\/\/sweetchef.fr\/produit\/croutons-fromage-100g\/\",\"name\":\"Cro\u00fbtons FROMAGE - 100g - Sweetchef\",\"isPartOf\":{\"@id\":\"https:\/\/sweetchef.fr\/#website\"},\"primaryImageOfPage\":{\"@id\":\"https:\/\/sweetchef.fr\/produit\/croutons-fromage-100g\/#primaryimage\"},\"image\":{\"@id\":\"https:\/\/sweetchef.fr\/produit\/croutons-fromage-100g\/#primaryimage\"},\"thumbnailUrl\":\"https:\/\/sweetchef.fr\/wp-content\/uploads\/2025\/12\/Design-sans-titre-1.png\",\"datePublished\":\"2025-12-08T15:45:20+00:00\",\"dateModified\":\"2025-12-10T11:30:09+00:00\",\"breadcrumb\":{\"@id\":\"https:\/\/sweetchef.fr\/produit\/croutons-fromage-100g\/#breadcrumb\"},\"inLanguage\":\"en-US\",\"potentialAction\":[{\"@type\":\"ReadAction\",\"target\":[\"https:\/\/sweetchef.fr\/produit\/croutons-fromage-100g\/\"]}]},{\"@type\":\"ImageObject\",\"inLanguage\":\"en-US\",\"@id\":\"https:\/\/sweetchef.fr\/produit\/croutons-fromage-100g\/#primaryimage\",\"url\":\"https:\/\/sweetchef.fr\/wp-content\/uploads\/2025\/12\/Design-sans-titre-1.png\",\"contentUrl\":\"https:\/\/sweetchef.fr\/wp-content\/uploads\/2025\/12\/Design-sans-titre-1.png\",\"width\":1080,\"height\":1350},{\"@type\":\"BreadcrumbList\",\"@id\":\"https:\/\/sweetchef.fr\/produit\/croutons-fromage-100g\/#breadcrumb\",\"itemListElement\":[{\"@type\":\"ListItem\",\"position\":1,\"name\":\"Accueil\",\"item\":\"https:\/\/sweetchef.fr\/\"},{\"@type\":\"ListItem\",\"position\":2,\"name\":\"shop\",\"item\":\"https:\/\/sweetchef.fr\/shop\/\"},{\"@type\":\"ListItem\",\"position\":3,\"name\":\"Cro\u00fbtons FROMAGE &#8211; 100g\"}]},{\"@type\":\"WebSite\",\"@id\":\"https:\/\/sweetchef.fr\/#website\",\"url\":\"https:\/\/sweetchef.fr\/\",\"name\":\"Sweetchef\",\"description\":\"Le secret des chefs\",\"publisher\":{\"@id\":\"https:\/\/sweetchef.fr\/#organization\"},\"potentialAction\":[{\"@type\":\"SearchAction\",\"target\":{\"@type\":\"EntryPoint\",\"urlTemplate\":\"https:\/\/sweetchef.fr\/?s={search_term_string}\"},\"query-input\":{\"@type\":\"PropertyValueSpecification\",\"valueRequired\":true,\"valueName\":\"search_term_string\"}}],\"inLanguage\":\"en-US\"},{\"@type\":\"Organization\",\"@id\":\"https:\/\/sweetchef.fr\/#organization\",\"name\":\"SweetChef\",\"url\":\"https:\/\/sweetchef.fr\/\",\"logo\":{\"@type\":\"ImageObject\",\"inLanguage\":\"en-US\",\"@id\":\"https:\/\/sweetchef.fr\/#\/schema\/logo\/image\/\",\"url\":\"https:\/\/sweetchef.fr\/wp-content\/uploads\/2024\/04\/Logo-sweetchef-1.png\",\"contentUrl\":\"https:\/\/sweetchef.fr\/wp-content\/uploads\/2024\/04\/Logo-sweetchef-1.png\",\"width\":127,\"height\":128,\"caption\":\"SweetChef\"},\"image\":{\"@id\":\"https:\/\/sweetchef.fr\/#\/schema\/logo\/image\/\"},\"sameAs\":[\"https:\/\/www.instagram.com\/sweetchef.fr\"]}]}<\/script>\n<!-- \/ Yoast SEO plugin. -->","yoast_head_json":{"title":"Cro\u00fbtons FROMAGE - 100g - Sweetchef","robots":{"index":"index","follow":"follow","max-snippet":"max-snippet:-1","max-image-preview":"max-image-preview:large","max-video-preview":"max-video-preview:-1"},"canonical":"https:\/\/sweetchef.fr\/en\/product\/croutons-fromage-100g\/","og_locale":"en_US","og_type":"article","og_title":"Cro\u00fbtons FROMAGE - 100g - Sweetchef","og_description":"Ajoutez du go\u00fbt et du croustillant \u00e0 vos plats avec les Cro\u00fbtons Gourmands Fromage SweetChef. Leur texture croquante et leur saveur fromag\u00e8re intense subliment salades, soupes et plats chauds. Pr\u00eats \u00e0 l\u2019emploi, pratiques et gourmands, ils apportent une touche savoureuse \u00e0 toutes vos recettes du quotidien. Format 100 g. &nbsp;","og_url":"https:\/\/sweetchef.fr\/en\/product\/croutons-fromage-100g\/","og_site_name":"Sweetchef","article_modified_time":"2025-12-10T11:30:09+00:00","og_image":[{"width":1080,"height":1350,"url":"https:\/\/sweetchef.fr\/wp-content\/uploads\/2025\/12\/Design-sans-titre-1.png","type":"image\/png"}],"twitter_card":"summary_large_image","schema":{"@context":"https:\/\/schema.org","@graph":[{"@type":"WebPage","@id":"https:\/\/sweetchef.fr\/produit\/croutons-fromage-100g\/","url":"https:\/\/sweetchef.fr\/produit\/croutons-fromage-100g\/","name":"Cro\u00fbtons FROMAGE - 100g - Sweetchef","isPartOf":{"@id":"https:\/\/sweetchef.fr\/#website"},"primaryImageOfPage":{"@id":"https:\/\/sweetchef.fr\/produit\/croutons-fromage-100g\/#primaryimage"},"image":{"@id":"https:\/\/sweetchef.fr\/produit\/croutons-fromage-100g\/#primaryimage"},"thumbnailUrl":"https:\/\/sweetchef.fr\/wp-content\/uploads\/2025\/12\/Design-sans-titre-1.png","datePublished":"2025-12-08T15:45:20+00:00","dateModified":"2025-12-10T11:30:09+00:00","breadcrumb":{"@id":"https:\/\/sweetchef.fr\/produit\/croutons-fromage-100g\/#breadcrumb"},"inLanguage":"en-US","potentialAction":[{"@type":"ReadAction","target":["https:\/\/sweetchef.fr\/produit\/croutons-fromage-100g\/"]}]},{"@type":"ImageObject","inLanguage":"en-US","@id":"https:\/\/sweetchef.fr\/produit\/croutons-fromage-100g\/#primaryimage","url":"https:\/\/sweetchef.fr\/wp-content\/uploads\/2025\/12\/Design-sans-titre-1.png","contentUrl":"https:\/\/sweetchef.fr\/wp-content\/uploads\/2025\/12\/Design-sans-titre-1.png","width":1080,"height":1350},{"@type":"BreadcrumbList","@id":"https:\/\/sweetchef.fr\/produit\/croutons-fromage-100g\/#breadcrumb","itemListElement":[{"@type":"ListItem","position":1,"name":"Accueil","item":"https:\/\/sweetchef.fr\/"},{"@type":"ListItem","position":2,"name":"shop","item":"https:\/\/sweetchef.fr\/shop\/"},{"@type":"ListItem","position":3,"name":"Cro\u00fbtons FROMAGE &#8211; 100g"}]},{"@type":"WebSite","@id":"https:\/\/sweetchef.fr\/#website","url":"https:\/\/sweetchef.fr\/","name":"Sweetchef","description":"Le secret des chefs","publisher":{"@id":"https:\/\/sweetchef.fr\/#organization"},"potentialAction":[{"@type":"SearchAction","target":{"@type":"EntryPoint","urlTemplate":"https:\/\/sweetchef.fr\/?s={search_term_string}"},"query-input":{"@type":"PropertyValueSpecification","valueRequired":true,"valueName":"search_term_string"}}],"inLanguage":"en-US"},{"@type":"Organization","@id":"https:\/\/sweetchef.fr\/#organization","name":"SweetChef","url":"https:\/\/sweetchef.fr\/","logo":{"@type":"ImageObject","inLanguage":"en-US","@id":"https:\/\/sweetchef.fr\/#\/schema\/logo\/image\/","url":"https:\/\/sweetchef.fr\/wp-content\/uploads\/2024\/04\/Logo-sweetchef-1.png","contentUrl":"https:\/\/sweetchef.fr\/wp-content\/uploads\/2024\/04\/Logo-sweetchef-1.png","width":127,"height":128,"caption":"SweetChef"},"image":{"@id":"https:\/\/sweetchef.fr\/#\/schema\/logo\/image\/"},"sameAs":["https:\/\/www.instagram.com\/sweetchef.fr"]}]}},"_links":{"self":[{"href":"https:\/\/sweetchef.fr\/en\/wp-json\/wp\/v2\/product\/11077","targetHints":{"allow":["GET"]}}],"collection":[{"href":"https:\/\/sweetchef.fr\/en\/wp-json\/wp\/v2\/product"}],"about":[{"href":"https:\/\/sweetchef.fr\/en\/wp-json\/wp\/v2\/types\/product"}],"replies":[{"embeddable":true,"href":"https:\/\/sweetchef.fr\/en\/wp-json\/wp\/v2\/comments?post=11077"}],"wp:featuredmedia":[{"embeddable":true,"href":"https:\/\/sweetchef.fr\/en\/wp-json\/wp\/v2\/media\/11122"}],"wp:attachment":[{"href":"https:\/\/sweetchef.fr\/en\/wp-json\/wp\/v2\/media?parent=11077"}],"wp:term":[{"taxonomy":"product_cat","embeddable":true,"href":"https:\/\/sweetchef.fr\/en\/wp-json\/wp\/v2\/product_cat?post=11077"},{"taxonomy":"product_tag","embeddable":true,"href":"https:\/\/sweetchef.fr\/en\/wp-json\/wp\/v2\/product_tag?post=11077"}],"curies":[{"name":"wp","href":"https:\/\/api.w.org\/{rel}","templated":true}]}}