{"id":10888,"date":"2025-11-25T15:52:21","date_gmt":"2025-11-25T14:52:21","guid":{"rendered":"https:\/\/sweetchef.fr\/?post_type=product&#038;p=10888"},"modified":"2025-11-25T15:58:24","modified_gmt":"2025-11-25T14:58:24","slug":"sauce-harissa-douce","status":"publish","type":"product","link":"https:\/\/sweetchef.fr\/en\/product\/sauce-harissa-douce\/","title":{"rendered":"Sauce Harissa Douce"},"content":{"rendered":"<p data-start=\"492\" data-end=\"879\">D\u00e9couvrez la Sauce Harissa Douce SweetChef, une harissa onctueuse et \u00e9quilibr\u00e9e, pr\u00e9par\u00e9e \u00e0 base de piments s\u00e9lectionn\u00e9s et d\u2019huile d\u2019olive pour un go\u00fbt riche, aromatique et l\u00e9g\u00e8rement relev\u00e9. Sa texture lisse et sa douceur ma\u00eetris\u00e9e en font une sauce id\u00e9ale pour accompagner grillades, p\u00e2tes, couscous, sandwiches, tajines, ou pour sublimer vos marinades et sauces maison.<\/p>\n<p>&nbsp;<\/p>","protected":false},"excerpt":{"rendered":"<p>D\u00e9couvrez la Sauce Harissa Douce SweetChef, une harissa onctueuse et \u00e9quilibr\u00e9e, pr\u00e9par\u00e9e \u00e0 base de piments s\u00e9lectionn\u00e9s et d\u2019huile d\u2019olive pour un go\u00fbt riche, aromatique et l\u00e9g\u00e8rement relev\u00e9. Sa texture lisse et sa douceur ma\u00eetris\u00e9e en font une sauce id\u00e9ale pour accompagner grillades, p\u00e2tes, couscous, sandwiches, tajines, ou pour sublimer vos marinades et sauces maison. [&hellip;]<\/p>","protected":false},"featured_media":10886,"comment_status":"open","ping_status":"closed","template":"","meta":{"_acf_changed":false},"product_cat":[53],"product_tag":[],"class_list":{"0":"post-10888","1":"product","2":"type-product","3":"status-publish","4":"has-post-thumbnail","6":"product_cat-les-harissa","8":"first","9":"instock","10":"taxable","11":"shipping-taxable","12":"purchasable","13":"product-type-simple","14":"add-to-wishlist-before_image"},"acf":[],"yoast_head":"<!-- This site is optimized with the Yoast SEO plugin v23.4 - https:\/\/yoast.com\/wordpress\/plugins\/seo\/ -->\n<title>Sauce Harissa Douce - Sweetchef<\/title>\n<meta name=\"robots\" content=\"index, follow, max-snippet:-1, max-image-preview:large, max-video-preview:-1\" \/>\n<link rel=\"canonical\" href=\"https:\/\/sweetchef.fr\/en\/product\/sauce-harissa-douce\/\" \/>\n<meta property=\"og:locale\" content=\"en_US\" \/>\n<meta property=\"og:type\" content=\"article\" \/>\n<meta property=\"og:title\" content=\"Sauce Harissa Douce - Sweetchef\" \/>\n<meta property=\"og:description\" content=\"D\u00e9couvrez la Sauce Harissa Douce SweetChef, une harissa onctueuse et \u00e9quilibr\u00e9e, pr\u00e9par\u00e9e \u00e0 base de piments s\u00e9lectionn\u00e9s et d\u2019huile d\u2019olive pour un go\u00fbt riche, aromatique et l\u00e9g\u00e8rement relev\u00e9. Sa texture lisse et sa douceur ma\u00eetris\u00e9e en font une sauce id\u00e9ale pour accompagner grillades, p\u00e2tes, couscous, sandwiches, tajines, ou pour sublimer vos marinades et sauces maison. [&hellip;]\" \/>\n<meta property=\"og:url\" content=\"https:\/\/sweetchef.fr\/en\/product\/sauce-harissa-douce\/\" \/>\n<meta property=\"og:site_name\" content=\"Sweetchef\" \/>\n<meta property=\"article:modified_time\" content=\"2025-11-25T14:58:24+00:00\" \/>\n<meta property=\"og:image\" content=\"https:\/\/sweetchef.fr\/wp-content\/uploads\/2025\/11\/1-4.png\" \/>\n\t<meta property=\"og:image:width\" content=\"1080\" \/>\n\t<meta property=\"og:image:height\" content=\"1350\" \/>\n\t<meta property=\"og:image:type\" content=\"image\/png\" \/>\n<meta name=\"twitter:card\" content=\"summary_large_image\" \/>\n<script type=\"application\/ld+json\" class=\"yoast-schema-graph\">{\"@context\":\"https:\/\/schema.org\",\"@graph\":[{\"@type\":\"WebPage\",\"@id\":\"https:\/\/sweetchef.fr\/produit\/sauce-harissa-douce\/\",\"url\":\"https:\/\/sweetchef.fr\/produit\/sauce-harissa-douce\/\",\"name\":\"Sauce Harissa Douce - Sweetchef\",\"isPartOf\":{\"@id\":\"https:\/\/sweetchef.fr\/#website\"},\"primaryImageOfPage\":{\"@id\":\"https:\/\/sweetchef.fr\/produit\/sauce-harissa-douce\/#primaryimage\"},\"image\":{\"@id\":\"https:\/\/sweetchef.fr\/produit\/sauce-harissa-douce\/#primaryimage\"},\"thumbnailUrl\":\"https:\/\/sweetchef.fr\/wp-content\/uploads\/2025\/11\/1-4.png\",\"datePublished\":\"2025-11-25T14:52:21+00:00\",\"dateModified\":\"2025-11-25T14:58:24+00:00\",\"breadcrumb\":{\"@id\":\"https:\/\/sweetchef.fr\/produit\/sauce-harissa-douce\/#breadcrumb\"},\"inLanguage\":\"en-US\",\"potentialAction\":[{\"@type\":\"ReadAction\",\"target\":[\"https:\/\/sweetchef.fr\/produit\/sauce-harissa-douce\/\"]}]},{\"@type\":\"ImageObject\",\"inLanguage\":\"en-US\",\"@id\":\"https:\/\/sweetchef.fr\/produit\/sauce-harissa-douce\/#primaryimage\",\"url\":\"https:\/\/sweetchef.fr\/wp-content\/uploads\/2025\/11\/1-4.png\",\"contentUrl\":\"https:\/\/sweetchef.fr\/wp-content\/uploads\/2025\/11\/1-4.png\",\"width\":1080,\"height\":1350},{\"@type\":\"BreadcrumbList\",\"@id\":\"https:\/\/sweetchef.fr\/produit\/sauce-harissa-douce\/#breadcrumb\",\"itemListElement\":[{\"@type\":\"ListItem\",\"position\":1,\"name\":\"Accueil\",\"item\":\"https:\/\/sweetchef.fr\/\"},{\"@type\":\"ListItem\",\"position\":2,\"name\":\"shop\",\"item\":\"https:\/\/sweetchef.fr\/shop\/\"},{\"@type\":\"ListItem\",\"position\":3,\"name\":\"Sauce Harissa Douce\"}]},{\"@type\":\"WebSite\",\"@id\":\"https:\/\/sweetchef.fr\/#website\",\"url\":\"https:\/\/sweetchef.fr\/\",\"name\":\"Sweetchef\",\"description\":\"Le secret des chefs\",\"publisher\":{\"@id\":\"https:\/\/sweetchef.fr\/#organization\"},\"potentialAction\":[{\"@type\":\"SearchAction\",\"target\":{\"@type\":\"EntryPoint\",\"urlTemplate\":\"https:\/\/sweetchef.fr\/?s={search_term_string}\"},\"query-input\":{\"@type\":\"PropertyValueSpecification\",\"valueRequired\":true,\"valueName\":\"search_term_string\"}}],\"inLanguage\":\"en-US\"},{\"@type\":\"Organization\",\"@id\":\"https:\/\/sweetchef.fr\/#organization\",\"name\":\"SweetChef\",\"url\":\"https:\/\/sweetchef.fr\/\",\"logo\":{\"@type\":\"ImageObject\",\"inLanguage\":\"en-US\",\"@id\":\"https:\/\/sweetchef.fr\/#\/schema\/logo\/image\/\",\"url\":\"https:\/\/sweetchef.fr\/wp-content\/uploads\/2024\/04\/Logo-sweetchef-1.png\",\"contentUrl\":\"https:\/\/sweetchef.fr\/wp-content\/uploads\/2024\/04\/Logo-sweetchef-1.png\",\"width\":127,\"height\":128,\"caption\":\"SweetChef\"},\"image\":{\"@id\":\"https:\/\/sweetchef.fr\/#\/schema\/logo\/image\/\"},\"sameAs\":[\"https:\/\/www.instagram.com\/sweetchef.fr\"]}]}<\/script>\n<!-- \/ Yoast SEO plugin. -->","yoast_head_json":{"title":"Sauce Harissa Douce - Sweetchef","robots":{"index":"index","follow":"follow","max-snippet":"max-snippet:-1","max-image-preview":"max-image-preview:large","max-video-preview":"max-video-preview:-1"},"canonical":"https:\/\/sweetchef.fr\/en\/product\/sauce-harissa-douce\/","og_locale":"en_US","og_type":"article","og_title":"Sauce Harissa Douce - Sweetchef","og_description":"D\u00e9couvrez la Sauce Harissa Douce SweetChef, une harissa onctueuse et \u00e9quilibr\u00e9e, pr\u00e9par\u00e9e \u00e0 base de piments s\u00e9lectionn\u00e9s et d\u2019huile d\u2019olive pour un go\u00fbt riche, aromatique et l\u00e9g\u00e8rement relev\u00e9. Sa texture lisse et sa douceur ma\u00eetris\u00e9e en font une sauce id\u00e9ale pour accompagner grillades, p\u00e2tes, couscous, sandwiches, tajines, ou pour sublimer vos marinades et sauces maison. [&hellip;]","og_url":"https:\/\/sweetchef.fr\/en\/product\/sauce-harissa-douce\/","og_site_name":"Sweetchef","article_modified_time":"2025-11-25T14:58:24+00:00","og_image":[{"width":1080,"height":1350,"url":"https:\/\/sweetchef.fr\/wp-content\/uploads\/2025\/11\/1-4.png","type":"image\/png"}],"twitter_card":"summary_large_image","schema":{"@context":"https:\/\/schema.org","@graph":[{"@type":"WebPage","@id":"https:\/\/sweetchef.fr\/produit\/sauce-harissa-douce\/","url":"https:\/\/sweetchef.fr\/produit\/sauce-harissa-douce\/","name":"Sauce Harissa Douce - Sweetchef","isPartOf":{"@id":"https:\/\/sweetchef.fr\/#website"},"primaryImageOfPage":{"@id":"https:\/\/sweetchef.fr\/produit\/sauce-harissa-douce\/#primaryimage"},"image":{"@id":"https:\/\/sweetchef.fr\/produit\/sauce-harissa-douce\/#primaryimage"},"thumbnailUrl":"https:\/\/sweetchef.fr\/wp-content\/uploads\/2025\/11\/1-4.png","datePublished":"2025-11-25T14:52:21+00:00","dateModified":"2025-11-25T14:58:24+00:00","breadcrumb":{"@id":"https:\/\/sweetchef.fr\/produit\/sauce-harissa-douce\/#breadcrumb"},"inLanguage":"en-US","potentialAction":[{"@type":"ReadAction","target":["https:\/\/sweetchef.fr\/produit\/sauce-harissa-douce\/"]}]},{"@type":"ImageObject","inLanguage":"en-US","@id":"https:\/\/sweetchef.fr\/produit\/sauce-harissa-douce\/#primaryimage","url":"https:\/\/sweetchef.fr\/wp-content\/uploads\/2025\/11\/1-4.png","contentUrl":"https:\/\/sweetchef.fr\/wp-content\/uploads\/2025\/11\/1-4.png","width":1080,"height":1350},{"@type":"BreadcrumbList","@id":"https:\/\/sweetchef.fr\/produit\/sauce-harissa-douce\/#breadcrumb","itemListElement":[{"@type":"ListItem","position":1,"name":"Accueil","item":"https:\/\/sweetchef.fr\/"},{"@type":"ListItem","position":2,"name":"shop","item":"https:\/\/sweetchef.fr\/shop\/"},{"@type":"ListItem","position":3,"name":"Sauce Harissa Douce"}]},{"@type":"WebSite","@id":"https:\/\/sweetchef.fr\/#website","url":"https:\/\/sweetchef.fr\/","name":"Sweetchef","description":"Le secret des chefs","publisher":{"@id":"https:\/\/sweetchef.fr\/#organization"},"potentialAction":[{"@type":"SearchAction","target":{"@type":"EntryPoint","urlTemplate":"https:\/\/sweetchef.fr\/?s={search_term_string}"},"query-input":{"@type":"PropertyValueSpecification","valueRequired":true,"valueName":"search_term_string"}}],"inLanguage":"en-US"},{"@type":"Organization","@id":"https:\/\/sweetchef.fr\/#organization","name":"SweetChef","url":"https:\/\/sweetchef.fr\/","logo":{"@type":"ImageObject","inLanguage":"en-US","@id":"https:\/\/sweetchef.fr\/#\/schema\/logo\/image\/","url":"https:\/\/sweetchef.fr\/wp-content\/uploads\/2024\/04\/Logo-sweetchef-1.png","contentUrl":"https:\/\/sweetchef.fr\/wp-content\/uploads\/2024\/04\/Logo-sweetchef-1.png","width":127,"height":128,"caption":"SweetChef"},"image":{"@id":"https:\/\/sweetchef.fr\/#\/schema\/logo\/image\/"},"sameAs":["https:\/\/www.instagram.com\/sweetchef.fr"]}]}},"_links":{"self":[{"href":"https:\/\/sweetchef.fr\/en\/wp-json\/wp\/v2\/product\/10888","targetHints":{"allow":["GET"]}}],"collection":[{"href":"https:\/\/sweetchef.fr\/en\/wp-json\/wp\/v2\/product"}],"about":[{"href":"https:\/\/sweetchef.fr\/en\/wp-json\/wp\/v2\/types\/product"}],"replies":[{"embeddable":true,"href":"https:\/\/sweetchef.fr\/en\/wp-json\/wp\/v2\/comments?post=10888"}],"wp:featuredmedia":[{"embeddable":true,"href":"https:\/\/sweetchef.fr\/en\/wp-json\/wp\/v2\/media\/10886"}],"wp:attachment":[{"href":"https:\/\/sweetchef.fr\/en\/wp-json\/wp\/v2\/media?parent=10888"}],"wp:term":[{"taxonomy":"product_cat","embeddable":true,"href":"https:\/\/sweetchef.fr\/en\/wp-json\/wp\/v2\/product_cat?post=10888"},{"taxonomy":"product_tag","embeddable":true,"href":"https:\/\/sweetchef.fr\/en\/wp-json\/wp\/v2\/product_tag?post=10888"}],"curies":[{"name":"wp","href":"https:\/\/api.w.org\/{rel}","templated":true}]}}