{"id":10574,"date":"2025-11-04T13:12:40","date_gmt":"2025-11-04T12:12:40","guid":{"rendered":"https:\/\/sweetchef.fr\/?post_type=product&#038;p=10574"},"modified":"2025-11-21T13:40:19","modified_gmt":"2025-11-21T12:40:19","slug":"chapelure-ketchup-onion","status":"publish","type":"product","link":"https:\/\/sweetchef.fr\/en\/product\/chapelure-ketchup-onion\/","title":{"rendered":"Chapelure Ketchup &#038; Onion"},"content":{"rendered":"<p>Un duo surprenant et d\u00e9licieux : la chapelure Ketchup &amp; Onion SweetChef marie le go\u00fbt sucr\u00e9 du ketchup et la note caram\u00e9lis\u00e9e de l\u2019oignon. \ud83e\uddc5\ud83c\udf45<br \/>\nUne explosion de saveurs \u00e0 la fois famili\u00e8res et originales.<br \/>\nPour un croustillant fun et addictif !<\/p>","protected":false},"excerpt":{"rendered":"<p>Un duo surprenant et d\u00e9licieux : la chapelure Ketchup &amp; Onion SweetChef marie le go\u00fbt sucr\u00e9 du ketchup et la note caram\u00e9lis\u00e9e de l\u2019oignon. \ud83e\uddc5\ud83c\udf45 Une explosion de saveurs \u00e0 la fois famili\u00e8res et originales. Pour un croustillant fun et addictif !<\/p>","protected":false},"featured_media":10809,"comment_status":"open","ping_status":"closed","template":"","meta":{"_acf_changed":false},"product_cat":[24],"product_tag":[],"class_list":{"0":"post-10574","1":"product","2":"type-product","3":"status-publish","4":"has-post-thumbnail","6":"product_cat-les-chapelures","8":"first","9":"instock","10":"taxable","11":"shipping-taxable","12":"purchasable","13":"product-type-simple","14":"add-to-wishlist-before_image"},"acf":[],"yoast_head":"<!-- This site is optimized with the Yoast SEO plugin v23.4 - https:\/\/yoast.com\/wordpress\/plugins\/seo\/ -->\n<title>Chapelure Ketchup &amp; Onion - Sweetchef<\/title>\n<meta name=\"robots\" content=\"index, follow, max-snippet:-1, max-image-preview:large, max-video-preview:-1\" \/>\n<link rel=\"canonical\" href=\"https:\/\/sweetchef.fr\/en\/product\/chapelure-ketchup-onion\/\" \/>\n<meta property=\"og:locale\" content=\"en_US\" \/>\n<meta property=\"og:type\" content=\"article\" \/>\n<meta property=\"og:title\" content=\"Chapelure Ketchup &amp; Onion - Sweetchef\" \/>\n<meta property=\"og:description\" content=\"Un duo surprenant et d\u00e9licieux : la chapelure Ketchup &amp; Onion SweetChef marie le go\u00fbt sucr\u00e9 du ketchup et la note caram\u00e9lis\u00e9e de l\u2019oignon. \ud83e\uddc5\ud83c\udf45 Une explosion de saveurs \u00e0 la fois famili\u00e8res et originales. Pour un croustillant fun et addictif !\" \/>\n<meta property=\"og:url\" content=\"https:\/\/sweetchef.fr\/en\/product\/chapelure-ketchup-onion\/\" \/>\n<meta property=\"og:site_name\" content=\"Sweetchef\" \/>\n<meta property=\"article:modified_time\" content=\"2025-11-21T12:40:19+00:00\" \/>\n<meta property=\"og:image\" content=\"https:\/\/sweetchef.fr\/wp-content\/uploads\/2025\/11\/1-2.png\" \/>\n\t<meta property=\"og:image:width\" content=\"1080\" \/>\n\t<meta property=\"og:image:height\" content=\"1350\" \/>\n\t<meta property=\"og:image:type\" content=\"image\/png\" \/>\n<meta name=\"twitter:card\" content=\"summary_large_image\" \/>\n<script type=\"application\/ld+json\" class=\"yoast-schema-graph\">{\"@context\":\"https:\/\/schema.org\",\"@graph\":[{\"@type\":\"WebPage\",\"@id\":\"https:\/\/sweetchef.fr\/produit\/chapelure-ketchup-onion\/\",\"url\":\"https:\/\/sweetchef.fr\/produit\/chapelure-ketchup-onion\/\",\"name\":\"Chapelure Ketchup & Onion - Sweetchef\",\"isPartOf\":{\"@id\":\"https:\/\/sweetchef.fr\/#website\"},\"primaryImageOfPage\":{\"@id\":\"https:\/\/sweetchef.fr\/produit\/chapelure-ketchup-onion\/#primaryimage\"},\"image\":{\"@id\":\"https:\/\/sweetchef.fr\/produit\/chapelure-ketchup-onion\/#primaryimage\"},\"thumbnailUrl\":\"https:\/\/sweetchef.fr\/wp-content\/uploads\/2025\/11\/1-2.png\",\"datePublished\":\"2025-11-04T12:12:40+00:00\",\"dateModified\":\"2025-11-21T12:40:19+00:00\",\"breadcrumb\":{\"@id\":\"https:\/\/sweetchef.fr\/produit\/chapelure-ketchup-onion\/#breadcrumb\"},\"inLanguage\":\"en-US\",\"potentialAction\":[{\"@type\":\"ReadAction\",\"target\":[\"https:\/\/sweetchef.fr\/produit\/chapelure-ketchup-onion\/\"]}]},{\"@type\":\"ImageObject\",\"inLanguage\":\"en-US\",\"@id\":\"https:\/\/sweetchef.fr\/produit\/chapelure-ketchup-onion\/#primaryimage\",\"url\":\"https:\/\/sweetchef.fr\/wp-content\/uploads\/2025\/11\/1-2.png\",\"contentUrl\":\"https:\/\/sweetchef.fr\/wp-content\/uploads\/2025\/11\/1-2.png\",\"width\":1080,\"height\":1350},{\"@type\":\"BreadcrumbList\",\"@id\":\"https:\/\/sweetchef.fr\/produit\/chapelure-ketchup-onion\/#breadcrumb\",\"itemListElement\":[{\"@type\":\"ListItem\",\"position\":1,\"name\":\"Accueil\",\"item\":\"https:\/\/sweetchef.fr\/\"},{\"@type\":\"ListItem\",\"position\":2,\"name\":\"shop\",\"item\":\"https:\/\/sweetchef.fr\/shop\/\"},{\"@type\":\"ListItem\",\"position\":3,\"name\":\"Chapelure Ketchup &#038; Onion\"}]},{\"@type\":\"WebSite\",\"@id\":\"https:\/\/sweetchef.fr\/#website\",\"url\":\"https:\/\/sweetchef.fr\/\",\"name\":\"Sweetchef\",\"description\":\"Le secret des chefs\",\"publisher\":{\"@id\":\"https:\/\/sweetchef.fr\/#organization\"},\"potentialAction\":[{\"@type\":\"SearchAction\",\"target\":{\"@type\":\"EntryPoint\",\"urlTemplate\":\"https:\/\/sweetchef.fr\/?s={search_term_string}\"},\"query-input\":{\"@type\":\"PropertyValueSpecification\",\"valueRequired\":true,\"valueName\":\"search_term_string\"}}],\"inLanguage\":\"en-US\"},{\"@type\":\"Organization\",\"@id\":\"https:\/\/sweetchef.fr\/#organization\",\"name\":\"SweetChef\",\"url\":\"https:\/\/sweetchef.fr\/\",\"logo\":{\"@type\":\"ImageObject\",\"inLanguage\":\"en-US\",\"@id\":\"https:\/\/sweetchef.fr\/#\/schema\/logo\/image\/\",\"url\":\"https:\/\/sweetchef.fr\/wp-content\/uploads\/2024\/04\/Logo-sweetchef-1.png\",\"contentUrl\":\"https:\/\/sweetchef.fr\/wp-content\/uploads\/2024\/04\/Logo-sweetchef-1.png\",\"width\":127,\"height\":128,\"caption\":\"SweetChef\"},\"image\":{\"@id\":\"https:\/\/sweetchef.fr\/#\/schema\/logo\/image\/\"},\"sameAs\":[\"https:\/\/www.instagram.com\/sweetchef.fr\"]}]}<\/script>\n<!-- \/ Yoast SEO plugin. -->","yoast_head_json":{"title":"Chapelure Ketchup & Onion - Sweetchef","robots":{"index":"index","follow":"follow","max-snippet":"max-snippet:-1","max-image-preview":"max-image-preview:large","max-video-preview":"max-video-preview:-1"},"canonical":"https:\/\/sweetchef.fr\/en\/product\/chapelure-ketchup-onion\/","og_locale":"en_US","og_type":"article","og_title":"Chapelure Ketchup & Onion - Sweetchef","og_description":"Un duo surprenant et d\u00e9licieux : la chapelure Ketchup &amp; Onion SweetChef marie le go\u00fbt sucr\u00e9 du ketchup et la note caram\u00e9lis\u00e9e de l\u2019oignon. \ud83e\uddc5\ud83c\udf45 Une explosion de saveurs \u00e0 la fois famili\u00e8res et originales. Pour un croustillant fun et addictif !","og_url":"https:\/\/sweetchef.fr\/en\/product\/chapelure-ketchup-onion\/","og_site_name":"Sweetchef","article_modified_time":"2025-11-21T12:40:19+00:00","og_image":[{"width":1080,"height":1350,"url":"https:\/\/sweetchef.fr\/wp-content\/uploads\/2025\/11\/1-2.png","type":"image\/png"}],"twitter_card":"summary_large_image","schema":{"@context":"https:\/\/schema.org","@graph":[{"@type":"WebPage","@id":"https:\/\/sweetchef.fr\/produit\/chapelure-ketchup-onion\/","url":"https:\/\/sweetchef.fr\/produit\/chapelure-ketchup-onion\/","name":"Chapelure Ketchup & Onion - Sweetchef","isPartOf":{"@id":"https:\/\/sweetchef.fr\/#website"},"primaryImageOfPage":{"@id":"https:\/\/sweetchef.fr\/produit\/chapelure-ketchup-onion\/#primaryimage"},"image":{"@id":"https:\/\/sweetchef.fr\/produit\/chapelure-ketchup-onion\/#primaryimage"},"thumbnailUrl":"https:\/\/sweetchef.fr\/wp-content\/uploads\/2025\/11\/1-2.png","datePublished":"2025-11-04T12:12:40+00:00","dateModified":"2025-11-21T12:40:19+00:00","breadcrumb":{"@id":"https:\/\/sweetchef.fr\/produit\/chapelure-ketchup-onion\/#breadcrumb"},"inLanguage":"en-US","potentialAction":[{"@type":"ReadAction","target":["https:\/\/sweetchef.fr\/produit\/chapelure-ketchup-onion\/"]}]},{"@type":"ImageObject","inLanguage":"en-US","@id":"https:\/\/sweetchef.fr\/produit\/chapelure-ketchup-onion\/#primaryimage","url":"https:\/\/sweetchef.fr\/wp-content\/uploads\/2025\/11\/1-2.png","contentUrl":"https:\/\/sweetchef.fr\/wp-content\/uploads\/2025\/11\/1-2.png","width":1080,"height":1350},{"@type":"BreadcrumbList","@id":"https:\/\/sweetchef.fr\/produit\/chapelure-ketchup-onion\/#breadcrumb","itemListElement":[{"@type":"ListItem","position":1,"name":"Accueil","item":"https:\/\/sweetchef.fr\/"},{"@type":"ListItem","position":2,"name":"shop","item":"https:\/\/sweetchef.fr\/shop\/"},{"@type":"ListItem","position":3,"name":"Chapelure Ketchup &#038; Onion"}]},{"@type":"WebSite","@id":"https:\/\/sweetchef.fr\/#website","url":"https:\/\/sweetchef.fr\/","name":"Sweetchef","description":"Le secret des chefs","publisher":{"@id":"https:\/\/sweetchef.fr\/#organization"},"potentialAction":[{"@type":"SearchAction","target":{"@type":"EntryPoint","urlTemplate":"https:\/\/sweetchef.fr\/?s={search_term_string}"},"query-input":{"@type":"PropertyValueSpecification","valueRequired":true,"valueName":"search_term_string"}}],"inLanguage":"en-US"},{"@type":"Organization","@id":"https:\/\/sweetchef.fr\/#organization","name":"SweetChef","url":"https:\/\/sweetchef.fr\/","logo":{"@type":"ImageObject","inLanguage":"en-US","@id":"https:\/\/sweetchef.fr\/#\/schema\/logo\/image\/","url":"https:\/\/sweetchef.fr\/wp-content\/uploads\/2024\/04\/Logo-sweetchef-1.png","contentUrl":"https:\/\/sweetchef.fr\/wp-content\/uploads\/2024\/04\/Logo-sweetchef-1.png","width":127,"height":128,"caption":"SweetChef"},"image":{"@id":"https:\/\/sweetchef.fr\/#\/schema\/logo\/image\/"},"sameAs":["https:\/\/www.instagram.com\/sweetchef.fr"]}]}},"_links":{"self":[{"href":"https:\/\/sweetchef.fr\/en\/wp-json\/wp\/v2\/product\/10574","targetHints":{"allow":["GET"]}}],"collection":[{"href":"https:\/\/sweetchef.fr\/en\/wp-json\/wp\/v2\/product"}],"about":[{"href":"https:\/\/sweetchef.fr\/en\/wp-json\/wp\/v2\/types\/product"}],"replies":[{"embeddable":true,"href":"https:\/\/sweetchef.fr\/en\/wp-json\/wp\/v2\/comments?post=10574"}],"wp:featuredmedia":[{"embeddable":true,"href":"https:\/\/sweetchef.fr\/en\/wp-json\/wp\/v2\/media\/10809"}],"wp:attachment":[{"href":"https:\/\/sweetchef.fr\/en\/wp-json\/wp\/v2\/media?parent=10574"}],"wp:term":[{"taxonomy":"product_cat","embeddable":true,"href":"https:\/\/sweetchef.fr\/en\/wp-json\/wp\/v2\/product_cat?post=10574"},{"taxonomy":"product_tag","embeddable":true,"href":"https:\/\/sweetchef.fr\/en\/wp-json\/wp\/v2\/product_tag?post=10574"}],"curies":[{"name":"wp","href":"https:\/\/api.w.org\/{rel}","templated":true}]}}