{"id":10572,"date":"2025-11-04T13:05:06","date_gmt":"2025-11-04T12:05:06","guid":{"rendered":"https:\/\/sweetchef.fr\/?post_type=product&#038;p=10572"},"modified":"2025-11-21T13:43:24","modified_gmt":"2025-11-21T12:43:24","slug":"chapelure-garlic","status":"publish","type":"product","link":"https:\/\/sweetchef.fr\/en\/product\/chapelure-garlic\/","title":{"rendered":"Chapelure Garlic"},"content":{"rendered":"<p>Red\u00e9couvrez la simplicit\u00e9 du go\u00fbt avec la chapelure Garlic SweetChef, parfum\u00e9e \u00e0 l\u2019ail et aux herbes de Provence.<br \/>\nElle sublime poulet, poisson ou l\u00e9gumes avec une touche m\u00e9diterran\u00e9enne raffin\u00e9e.<br \/>\nUn croustillant plein d\u2019ar\u00f4mes et de soleil.<\/p>","protected":false},"excerpt":{"rendered":"<p>Red\u00e9couvrez la simplicit\u00e9 du go\u00fbt avec la chapelure Garlic SweetChef, parfum\u00e9e \u00e0 l\u2019ail et aux herbes de Provence. Elle sublime poulet, poisson ou l\u00e9gumes avec une touche m\u00e9diterran\u00e9enne raffin\u00e9e. Un croustillant plein d\u2019ar\u00f4mes et de soleil.<\/p>","protected":false},"featured_media":10816,"comment_status":"open","ping_status":"closed","template":"","meta":{"_acf_changed":false},"product_cat":[24],"product_tag":[],"class_list":{"0":"post-10572","1":"product","2":"type-product","3":"status-publish","4":"has-post-thumbnail","6":"product_cat-les-chapelures","8":"first","9":"instock","10":"taxable","11":"shipping-taxable","12":"purchasable","13":"product-type-simple","14":"add-to-wishlist-before_image"},"acf":[],"yoast_head":"<!-- This site is optimized with the Yoast SEO plugin v23.4 - https:\/\/yoast.com\/wordpress\/plugins\/seo\/ -->\n<title>Chapelure Garlic - Sweetchef<\/title>\n<meta name=\"robots\" content=\"index, follow, max-snippet:-1, max-image-preview:large, max-video-preview:-1\" \/>\n<link rel=\"canonical\" href=\"https:\/\/sweetchef.fr\/en\/product\/chapelure-garlic\/\" \/>\n<meta property=\"og:locale\" content=\"en_US\" \/>\n<meta property=\"og:type\" content=\"article\" \/>\n<meta property=\"og:title\" content=\"Chapelure Garlic - Sweetchef\" \/>\n<meta property=\"og:description\" content=\"Red\u00e9couvrez la simplicit\u00e9 du go\u00fbt avec la chapelure Garlic SweetChef, parfum\u00e9e \u00e0 l\u2019ail et aux herbes de Provence. Elle sublime poulet, poisson ou l\u00e9gumes avec une touche m\u00e9diterran\u00e9enne raffin\u00e9e. Un croustillant plein d\u2019ar\u00f4mes et de soleil.\" \/>\n<meta property=\"og:url\" content=\"https:\/\/sweetchef.fr\/en\/product\/chapelure-garlic\/\" \/>\n<meta property=\"og:site_name\" content=\"Sweetchef\" \/>\n<meta property=\"article:modified_time\" content=\"2025-11-21T12:43:24+00:00\" \/>\n<meta property=\"og:image\" content=\"https:\/\/sweetchef.fr\/wp-content\/uploads\/2025\/11\/8-1.png\" \/>\n\t<meta property=\"og:image:width\" content=\"1080\" \/>\n\t<meta property=\"og:image:height\" content=\"1350\" \/>\n\t<meta property=\"og:image:type\" content=\"image\/png\" \/>\n<meta name=\"twitter:card\" content=\"summary_large_image\" \/>\n<script type=\"application\/ld+json\" class=\"yoast-schema-graph\">{\"@context\":\"https:\/\/schema.org\",\"@graph\":[{\"@type\":\"WebPage\",\"@id\":\"https:\/\/sweetchef.fr\/produit\/chapelure-garlic\/\",\"url\":\"https:\/\/sweetchef.fr\/produit\/chapelure-garlic\/\",\"name\":\"Chapelure Garlic - Sweetchef\",\"isPartOf\":{\"@id\":\"https:\/\/sweetchef.fr\/#website\"},\"primaryImageOfPage\":{\"@id\":\"https:\/\/sweetchef.fr\/produit\/chapelure-garlic\/#primaryimage\"},\"image\":{\"@id\":\"https:\/\/sweetchef.fr\/produit\/chapelure-garlic\/#primaryimage\"},\"thumbnailUrl\":\"https:\/\/sweetchef.fr\/wp-content\/uploads\/2025\/11\/8-1.png\",\"datePublished\":\"2025-11-04T12:05:06+00:00\",\"dateModified\":\"2025-11-21T12:43:24+00:00\",\"breadcrumb\":{\"@id\":\"https:\/\/sweetchef.fr\/produit\/chapelure-garlic\/#breadcrumb\"},\"inLanguage\":\"en-US\",\"potentialAction\":[{\"@type\":\"ReadAction\",\"target\":[\"https:\/\/sweetchef.fr\/produit\/chapelure-garlic\/\"]}]},{\"@type\":\"ImageObject\",\"inLanguage\":\"en-US\",\"@id\":\"https:\/\/sweetchef.fr\/produit\/chapelure-garlic\/#primaryimage\",\"url\":\"https:\/\/sweetchef.fr\/wp-content\/uploads\/2025\/11\/8-1.png\",\"contentUrl\":\"https:\/\/sweetchef.fr\/wp-content\/uploads\/2025\/11\/8-1.png\",\"width\":1080,\"height\":1350},{\"@type\":\"BreadcrumbList\",\"@id\":\"https:\/\/sweetchef.fr\/produit\/chapelure-garlic\/#breadcrumb\",\"itemListElement\":[{\"@type\":\"ListItem\",\"position\":1,\"name\":\"Accueil\",\"item\":\"https:\/\/sweetchef.fr\/\"},{\"@type\":\"ListItem\",\"position\":2,\"name\":\"shop\",\"item\":\"https:\/\/sweetchef.fr\/shop\/\"},{\"@type\":\"ListItem\",\"position\":3,\"name\":\"Chapelure Garlic\"}]},{\"@type\":\"WebSite\",\"@id\":\"https:\/\/sweetchef.fr\/#website\",\"url\":\"https:\/\/sweetchef.fr\/\",\"name\":\"Sweetchef\",\"description\":\"Le secret des chefs\",\"publisher\":{\"@id\":\"https:\/\/sweetchef.fr\/#organization\"},\"potentialAction\":[{\"@type\":\"SearchAction\",\"target\":{\"@type\":\"EntryPoint\",\"urlTemplate\":\"https:\/\/sweetchef.fr\/?s={search_term_string}\"},\"query-input\":{\"@type\":\"PropertyValueSpecification\",\"valueRequired\":true,\"valueName\":\"search_term_string\"}}],\"inLanguage\":\"en-US\"},{\"@type\":\"Organization\",\"@id\":\"https:\/\/sweetchef.fr\/#organization\",\"name\":\"SweetChef\",\"url\":\"https:\/\/sweetchef.fr\/\",\"logo\":{\"@type\":\"ImageObject\",\"inLanguage\":\"en-US\",\"@id\":\"https:\/\/sweetchef.fr\/#\/schema\/logo\/image\/\",\"url\":\"https:\/\/sweetchef.fr\/wp-content\/uploads\/2024\/04\/Logo-sweetchef-1.png\",\"contentUrl\":\"https:\/\/sweetchef.fr\/wp-content\/uploads\/2024\/04\/Logo-sweetchef-1.png\",\"width\":127,\"height\":128,\"caption\":\"SweetChef\"},\"image\":{\"@id\":\"https:\/\/sweetchef.fr\/#\/schema\/logo\/image\/\"},\"sameAs\":[\"https:\/\/www.instagram.com\/sweetchef.fr\"]}]}<\/script>\n<!-- \/ Yoast SEO plugin. -->","yoast_head_json":{"title":"Chapelure Garlic - Sweetchef","robots":{"index":"index","follow":"follow","max-snippet":"max-snippet:-1","max-image-preview":"max-image-preview:large","max-video-preview":"max-video-preview:-1"},"canonical":"https:\/\/sweetchef.fr\/en\/product\/chapelure-garlic\/","og_locale":"en_US","og_type":"article","og_title":"Chapelure Garlic - Sweetchef","og_description":"Red\u00e9couvrez la simplicit\u00e9 du go\u00fbt avec la chapelure Garlic SweetChef, parfum\u00e9e \u00e0 l\u2019ail et aux herbes de Provence. Elle sublime poulet, poisson ou l\u00e9gumes avec une touche m\u00e9diterran\u00e9enne raffin\u00e9e. Un croustillant plein d\u2019ar\u00f4mes et de soleil.","og_url":"https:\/\/sweetchef.fr\/en\/product\/chapelure-garlic\/","og_site_name":"Sweetchef","article_modified_time":"2025-11-21T12:43:24+00:00","og_image":[{"width":1080,"height":1350,"url":"https:\/\/sweetchef.fr\/wp-content\/uploads\/2025\/11\/8-1.png","type":"image\/png"}],"twitter_card":"summary_large_image","schema":{"@context":"https:\/\/schema.org","@graph":[{"@type":"WebPage","@id":"https:\/\/sweetchef.fr\/produit\/chapelure-garlic\/","url":"https:\/\/sweetchef.fr\/produit\/chapelure-garlic\/","name":"Chapelure Garlic - Sweetchef","isPartOf":{"@id":"https:\/\/sweetchef.fr\/#website"},"primaryImageOfPage":{"@id":"https:\/\/sweetchef.fr\/produit\/chapelure-garlic\/#primaryimage"},"image":{"@id":"https:\/\/sweetchef.fr\/produit\/chapelure-garlic\/#primaryimage"},"thumbnailUrl":"https:\/\/sweetchef.fr\/wp-content\/uploads\/2025\/11\/8-1.png","datePublished":"2025-11-04T12:05:06+00:00","dateModified":"2025-11-21T12:43:24+00:00","breadcrumb":{"@id":"https:\/\/sweetchef.fr\/produit\/chapelure-garlic\/#breadcrumb"},"inLanguage":"en-US","potentialAction":[{"@type":"ReadAction","target":["https:\/\/sweetchef.fr\/produit\/chapelure-garlic\/"]}]},{"@type":"ImageObject","inLanguage":"en-US","@id":"https:\/\/sweetchef.fr\/produit\/chapelure-garlic\/#primaryimage","url":"https:\/\/sweetchef.fr\/wp-content\/uploads\/2025\/11\/8-1.png","contentUrl":"https:\/\/sweetchef.fr\/wp-content\/uploads\/2025\/11\/8-1.png","width":1080,"height":1350},{"@type":"BreadcrumbList","@id":"https:\/\/sweetchef.fr\/produit\/chapelure-garlic\/#breadcrumb","itemListElement":[{"@type":"ListItem","position":1,"name":"Accueil","item":"https:\/\/sweetchef.fr\/"},{"@type":"ListItem","position":2,"name":"shop","item":"https:\/\/sweetchef.fr\/shop\/"},{"@type":"ListItem","position":3,"name":"Chapelure Garlic"}]},{"@type":"WebSite","@id":"https:\/\/sweetchef.fr\/#website","url":"https:\/\/sweetchef.fr\/","name":"Sweetchef","description":"Le secret des chefs","publisher":{"@id":"https:\/\/sweetchef.fr\/#organization"},"potentialAction":[{"@type":"SearchAction","target":{"@type":"EntryPoint","urlTemplate":"https:\/\/sweetchef.fr\/?s={search_term_string}"},"query-input":{"@type":"PropertyValueSpecification","valueRequired":true,"valueName":"search_term_string"}}],"inLanguage":"en-US"},{"@type":"Organization","@id":"https:\/\/sweetchef.fr\/#organization","name":"SweetChef","url":"https:\/\/sweetchef.fr\/","logo":{"@type":"ImageObject","inLanguage":"en-US","@id":"https:\/\/sweetchef.fr\/#\/schema\/logo\/image\/","url":"https:\/\/sweetchef.fr\/wp-content\/uploads\/2024\/04\/Logo-sweetchef-1.png","contentUrl":"https:\/\/sweetchef.fr\/wp-content\/uploads\/2024\/04\/Logo-sweetchef-1.png","width":127,"height":128,"caption":"SweetChef"},"image":{"@id":"https:\/\/sweetchef.fr\/#\/schema\/logo\/image\/"},"sameAs":["https:\/\/www.instagram.com\/sweetchef.fr"]}]}},"_links":{"self":[{"href":"https:\/\/sweetchef.fr\/en\/wp-json\/wp\/v2\/product\/10572","targetHints":{"allow":["GET"]}}],"collection":[{"href":"https:\/\/sweetchef.fr\/en\/wp-json\/wp\/v2\/product"}],"about":[{"href":"https:\/\/sweetchef.fr\/en\/wp-json\/wp\/v2\/types\/product"}],"replies":[{"embeddable":true,"href":"https:\/\/sweetchef.fr\/en\/wp-json\/wp\/v2\/comments?post=10572"}],"wp:featuredmedia":[{"embeddable":true,"href":"https:\/\/sweetchef.fr\/en\/wp-json\/wp\/v2\/media\/10816"}],"wp:attachment":[{"href":"https:\/\/sweetchef.fr\/en\/wp-json\/wp\/v2\/media?parent=10572"}],"wp:term":[{"taxonomy":"product_cat","embeddable":true,"href":"https:\/\/sweetchef.fr\/en\/wp-json\/wp\/v2\/product_cat?post=10572"},{"taxonomy":"product_tag","embeddable":true,"href":"https:\/\/sweetchef.fr\/en\/wp-json\/wp\/v2\/product_tag?post=10572"}],"curies":[{"name":"wp","href":"https:\/\/api.w.org\/{rel}","templated":true}]}}